{"id":332885,"date":"2022-06-30T21:01:54","date_gmt":"2022-06-30T20:01:54","guid":{"rendered":"https:\/\/www.moskito.cz\/produkt\/couteau-de-fermeture-extrema-ratio-resolza-12-stone-washed\/"},"modified":"2025-05-07T11:11:15","modified_gmt":"2025-05-07T10:11:15","slug":"couteau-de-fermeture-extrema-ratio-resolza-12-stone-washed","status":"publish","type":"product","link":"https:\/\/www.moskito.cz\/fr\/produkt\/couteau-de-fermeture-extrema-ratio-resolza-12-stone-washed\/","title":{"rendered":"Couteau de fermeture Extrema Ratio Resolza 12 Stone Washed"},"content":{"rendered":"<p>Couteau de fermeture <strong>Extrema Ratio<\/strong> Resolza 12 Stone Washed<\/p>\n<p>RESOLZA, terme d&rsquo;origine ancienne, est aujourd&rsquo;hui l&rsquo;un des couteaux traditionnels les plus connus de notre pays. Ce n\u2019est pas un hasard si son nom \u00e9voque un rasoir. N\u00e9 il y a des si\u00e8cles en Sardaigne, il accompagne encore aujourd&rsquo;hui ses habitants dans leur travail quotidien de paysans et de bergers, les suivant m\u00eame lorsque leurs hommes sont appel\u00e9s \u00e0 la guerre. Les chroniques de la Brigade Sassari pendant la Premi\u00e8re Guerre mondiale mentionnent ce couteau parmi l&rsquo;\u00e9quipement de leurs soldats. Nous avons voulu lui rendre hommage en le revisitant selon nos canons, sans vouloir faire de tort \u00e0 aucun des prestigieux artisans sardes qui transmettent encore la tradition et la sagesse de leurs anc\u00eatres. Les dimensions et proportions sont celles de la lame originale de 12 cm, mais les mat\u00e9riaux et la technologie sont issus de notre production. Manche r\u00e9vis\u00e9 dans notre style, lame fid\u00e8le \u00e0 la tradition. En plus de l&rsquo;original, il dispose d&rsquo;un blocage de lame au niveau de l&rsquo;ouverture. Disponible dans les versions RESOLZA BLACK, RESOLZA STONE WASHED.<\/p>\n<p>POIDS G&nbsp;: 93<br \/>\nPOIDS D&rsquo;OZ.: 3,3<br \/>\nLONGUEUR DE LA LAME (MM): 122<br \/>\nLONGUEUR DE LA LAME (PO): 4,8<br \/>\nLONGUEUR TOTALE (MM): 268<br \/>\nLONGUEUR TOTALE (H) : 10,6<br \/>\n\u00c9PAISSEUR DE LA LAME (MM): 3<br \/>\n\u00c9PAISSEUR DE LA LAME (PO): 0,12<br \/>\nMAT\u00c9RIAU DE LA LAME&nbsp;: ACIER B\u00d6HLER N690 (58HRC)<br \/>\nFINITION DE LA LAME&nbsp;: PIERRE LAV\u00c9E<br \/>\nFL\u00c8CHE \u00c0 LAME&nbsp;: FIL PLAT<br \/>\nMAT\u00c9RIAU DE LA POIGN\u00c9E&nbsp;: ALUMINIUM ANODIS\u00c9 ANTICORRODAL<\/p>\n<p>&nbsp;<\/p>\n","protected":false},"excerpt":{"rendered":"<p>Bas\u00e9e \u00e0 Prato, en Italie , Extrema Ratio con\u00e7oit et fabrique des couteaux de combat, militaires, de cuisine, de chasse et tactiques de haute performance depuis 1997 et jouit d&rsquo;une r\u00e9putation de qualit\u00e9 sup\u00e9rieure sans \u00e9gal dans l&rsquo;industrie des couteaux militaires et tactiques. Transports gratuits.<\/p>\n","protected":false},"featured_media":332886,"comment_status":"open","ping_status":"closed","template":"","meta":[],"pwb-brand":[3767],"product_brand":[],"product_cat":[3700,3696],"product_tag":[3754],"class_list":{"0":"post-332885","1":"product","2":"type-product","3":"status-publish","4":"has-post-thumbnail","6":"pwb-brand-rapport-extreme","7":"product_cat-couteaux-de-fermeture","8":"product_cat-des-couteaux","9":"product_tag-b2b-fr","11":"first","12":"instock","13":"taxable","14":"shipping-taxable","15":"purchasable","16":"product-type-simple"},"brands":[{"id":3767,"name":"Rapport extr\u00eame","slug":"rapport-extreme"}],"_links":{"self":[{"href":"https:\/\/www.moskito.cz\/fr\/wp-json\/wp\/v2\/product\/332885","targetHints":{"allow":["GET"]}}],"collection":[{"href":"https:\/\/www.moskito.cz\/fr\/wp-json\/wp\/v2\/product"}],"about":[{"href":"https:\/\/www.moskito.cz\/fr\/wp-json\/wp\/v2\/types\/product"}],"replies":[{"embeddable":true,"href":"https:\/\/www.moskito.cz\/fr\/wp-json\/wp\/v2\/comments?post=332885"}],"wp:featuredmedia":[{"embeddable":true,"href":"https:\/\/www.moskito.cz\/fr\/wp-json\/wp\/v2\/media\/332886"}],"wp:attachment":[{"href":"https:\/\/www.moskito.cz\/fr\/wp-json\/wp\/v2\/media?parent=332885"}],"wp:term":[{"taxonomy":"pwb-brand","embeddable":true,"href":"https:\/\/www.moskito.cz\/fr\/wp-json\/wp\/v2\/pwb-brand?post=332885"},{"taxonomy":"product_brand","embeddable":true,"href":"https:\/\/www.moskito.cz\/fr\/wp-json\/wp\/v2\/product_brand?post=332885"},{"taxonomy":"product_cat","embeddable":true,"href":"https:\/\/www.moskito.cz\/fr\/wp-json\/wp\/v2\/product_cat?post=332885"},{"taxonomy":"product_tag","embeddable":true,"href":"https:\/\/www.moskito.cz\/fr\/wp-json\/wp\/v2\/product_tag?post=332885"}],"curies":[{"name":"wp","href":"https:\/\/api.w.org\/{rel}","templated":true}]}}