{"id":332991,"date":"2022-06-09T12:36:43","date_gmt":"2024-04-15T09:53:15","guid":{"rendered":"https:\/\/www.moskito.cz\/produkt\/couteau-pliant-extrema-ratio-bf1-ct-desert-warfare\/"},"modified":"2025-05-07T11:11:17","modified_gmt":"2025-05-07T10:11:17","slug":"couteau-pliant-extrema-ratio-bf1-ct-desert-warfare","status":"publish","type":"product","link":"https:\/\/www.moskito.cz\/fr\/produkt\/couteau-pliant-extrema-ratio-bf1-ct-desert-warfare\/","title":{"rendered":"Couteau pliant Extrema Ratio BF1 CT DESERT WARFARE"},"content":{"rendered":"<p>Couteau pliant <strong>Extrema Ratio<\/strong> BF1 CT DESERT WARFARE.<\/p>\n<p>BF1 est un couteau pliant pour un usage quotidien : simple, n\u00e9cessaire et fonctionnel. La lame est polie, avec une \u00e9mouture plate et une pointe solide et durable. Les zones plates abaiss\u00e9es caract\u00e9ristiques du manche, \u00e9galement polies en noir, permettent d&rsquo;acc\u00e9der aux \u00ab broches \u00bb d&rsquo;ouverture qui ne d\u00e9passent pas du couteau lorsqu&rsquo;il est ferm\u00e9. La pince double face est situ\u00e9e \u00e0 l&rsquo;arri\u00e8re de la lame et absorbe les cheveux, ce qui la rend discr\u00e8te \u00e0 porter. Il utilise le syst\u00e8me de verrouillage de lame fiable LINER-LOCK. Versions disponibles : BF1 CT NOIR, BF1 CT NOIR ROUGH, BF1 CT DESERT WARFARE, BF1 CD NOIR, BF1 CD NOIR ROUGH, BF1 CD DESERT WARFARE.<\/p>\n<p>Poids g: 88<br \/>\npoids en onces&nbsp;: 3,1<br \/>\nLongueur de la lame (mm): 69<br \/>\nLongueur de la lame (pouces) : 2,7<br \/>\nLongueur totale (mm): 171<br \/>\nLongueur totale (pouces)&nbsp;: 6,7<br \/>\n\u00c9paisseur de la lame (mm): 3<br \/>\n\u00c9paisseur de la lame (pouces)&nbsp;: 0,12<br \/>\nMat\u00e9riau de la lame : ACIER B\u00f6HLER N690 (58HRC)<br \/>\nFinition de la lame&nbsp;: GUERRE DU D\u00c9SERT<br \/>\nGrille principale&nbsp;: PLAT<br \/>\nMat\u00e9riau du manche : ALUMINIUM ANTI-CORODATION<\/p>\n<p>&nbsp;<\/p>\n","protected":false},"excerpt":{"rendered":"<p>Bas\u00e9e \u00e0 Prato, en Italie , Extrema Ratio con\u00e7oit et fabrique des couteaux de combat, militaires, de cuisine, de chasse et tactiques de haute performance depuis 1997 et jouit d&rsquo;une r\u00e9putation de qualit\u00e9 sup\u00e9rieure sans \u00e9gal dans l&rsquo;industrie des couteaux militaires et tactiques. Transports gratuits.<\/p>\n","protected":false},"featured_media":332992,"comment_status":"open","ping_status":"closed","template":"","meta":[],"pwb-brand":[3767],"product_brand":[],"product_cat":[3700,3696],"product_tag":[3754],"class_list":{"0":"post-332991","1":"product","2":"type-product","3":"status-publish","4":"has-post-thumbnail","6":"pwb-brand-rapport-extreme","7":"product_cat-couteaux-de-fermeture","8":"product_cat-des-couteaux","9":"product_tag-b2b-fr","11":"first","12":"instock","13":"taxable","14":"shipping-taxable","15":"purchasable","16":"product-type-simple"},"brands":[{"id":3767,"name":"Rapport extr\u00eame","slug":"rapport-extreme"}],"_links":{"self":[{"href":"https:\/\/www.moskito.cz\/fr\/wp-json\/wp\/v2\/product\/332991","targetHints":{"allow":["GET"]}}],"collection":[{"href":"https:\/\/www.moskito.cz\/fr\/wp-json\/wp\/v2\/product"}],"about":[{"href":"https:\/\/www.moskito.cz\/fr\/wp-json\/wp\/v2\/types\/product"}],"replies":[{"embeddable":true,"href":"https:\/\/www.moskito.cz\/fr\/wp-json\/wp\/v2\/comments?post=332991"}],"wp:featuredmedia":[{"embeddable":true,"href":"https:\/\/www.moskito.cz\/fr\/wp-json\/wp\/v2\/media\/332992"}],"wp:attachment":[{"href":"https:\/\/www.moskito.cz\/fr\/wp-json\/wp\/v2\/media?parent=332991"}],"wp:term":[{"taxonomy":"pwb-brand","embeddable":true,"href":"https:\/\/www.moskito.cz\/fr\/wp-json\/wp\/v2\/pwb-brand?post=332991"},{"taxonomy":"product_brand","embeddable":true,"href":"https:\/\/www.moskito.cz\/fr\/wp-json\/wp\/v2\/product_brand?post=332991"},{"taxonomy":"product_cat","embeddable":true,"href":"https:\/\/www.moskito.cz\/fr\/wp-json\/wp\/v2\/product_cat?post=332991"},{"taxonomy":"product_tag","embeddable":true,"href":"https:\/\/www.moskito.cz\/fr\/wp-json\/wp\/v2\/product_tag?post=332991"}],"curies":[{"name":"wp","href":"https:\/\/api.w.org\/{rel}","templated":true}]}}