{"id":333090,"date":"2022-10-30T21:12:13","date_gmt":"2022-10-30T20:12:13","guid":{"rendered":"https:\/\/www.moskito.cz\/produkt\/couteau-de-fermeture-extrema-ratio-bf2-r-ct-desert\/"},"modified":"2025-05-07T11:11:21","modified_gmt":"2025-05-07T10:11:21","slug":"couteau-de-fermeture-extrema-ratio-bf2-r-ct-desert","status":"publish","type":"product","link":"https:\/\/www.moskito.cz\/fr\/produkt\/couteau-de-fermeture-extrema-ratio-bf2-r-ct-desert\/","title":{"rendered":"Couteau de fermeture Extrema Ratio BF2 R CT DESERT"},"content":{"rendered":"<p>Couteau de fermeture Extrema Ratio BF2 R CT DESERT.<\/p>\n<p>L&rsquo;Extrema Ratio BF2 R CT Desert est un couteau pliant particuli\u00e8rement adapt\u00e9 \u00e0 un usage professionnel par le personnel militaire ou policier. Il poss\u00e8de une lame \u00e0 bord lisse en acier BOHLER N690 de couleur gris-sable de guerre du d\u00e9sert. Il s&rsquo;ouvre \u00e0 l&rsquo;aide du syst\u00e8me d&rsquo;ouverture rapide Razor et est s\u00e9curis\u00e9 par un Linerlock avec un m\u00e9canisme de verrouillage secondaire. La poign\u00e9e est en aluminium anodis\u00e9 couleur sable avec un clip de poche.<\/p>\n<p>Mat\u00e9riau de la lame : N690<br \/>\nMat\u00e9riau du manche : Aluminium<br \/>\nS\u00e9curit\u00e9&nbsp;: Linerlock<br \/>\nLongueur de la lame : 9 cm<br \/>\nLongueur totale : 21,5 cm<br \/>\nLongueur du manche : 12,5 cm<br \/>\n\u00c9paisseur de la lame : 3 mm<br \/>\nPoids : 140g<br \/>\nUtilisation&nbsp;:&nbsp;Tactique<\/p>\n","protected":false},"excerpt":{"rendered":"<p>Bas\u00e9e \u00e0 Prato, en Italie, Extrema Ratio con\u00e7oit et fabrique des couteaux de combat, militaires, de cuisine, de chasse et tactiques de haute performance depuis 1997 et jouit d&rsquo;une r\u00e9putation de qualit\u00e9 sup\u00e9rieure sans \u00e9gal dans l&rsquo;industrie des couteaux militaires et tactiques. <strong>Transports gratuits.<\/strong><\/p>\n","protected":false},"featured_media":333091,"comment_status":"open","ping_status":"closed","template":"","meta":[],"pwb-brand":[3767],"product_brand":[],"product_cat":[3700,3696],"product_tag":[3754],"class_list":{"0":"post-333090","1":"product","2":"type-product","3":"status-publish","4":"has-post-thumbnail","6":"pwb-brand-rapport-extreme","7":"product_cat-couteaux-de-fermeture","8":"product_cat-des-couteaux","9":"product_tag-b2b-fr","11":"first","12":"instock","13":"taxable","14":"shipping-taxable","15":"purchasable","16":"product-type-simple"},"brands":[{"id":3767,"name":"Rapport extr\u00eame","slug":"rapport-extreme"}],"_links":{"self":[{"href":"https:\/\/www.moskito.cz\/fr\/wp-json\/wp\/v2\/product\/333090","targetHints":{"allow":["GET"]}}],"collection":[{"href":"https:\/\/www.moskito.cz\/fr\/wp-json\/wp\/v2\/product"}],"about":[{"href":"https:\/\/www.moskito.cz\/fr\/wp-json\/wp\/v2\/types\/product"}],"replies":[{"embeddable":true,"href":"https:\/\/www.moskito.cz\/fr\/wp-json\/wp\/v2\/comments?post=333090"}],"wp:featuredmedia":[{"embeddable":true,"href":"https:\/\/www.moskito.cz\/fr\/wp-json\/wp\/v2\/media\/333091"}],"wp:attachment":[{"href":"https:\/\/www.moskito.cz\/fr\/wp-json\/wp\/v2\/media?parent=333090"}],"wp:term":[{"taxonomy":"pwb-brand","embeddable":true,"href":"https:\/\/www.moskito.cz\/fr\/wp-json\/wp\/v2\/pwb-brand?post=333090"},{"taxonomy":"product_brand","embeddable":true,"href":"https:\/\/www.moskito.cz\/fr\/wp-json\/wp\/v2\/product_brand?post=333090"},{"taxonomy":"product_cat","embeddable":true,"href":"https:\/\/www.moskito.cz\/fr\/wp-json\/wp\/v2\/product_cat?post=333090"},{"taxonomy":"product_tag","embeddable":true,"href":"https:\/\/www.moskito.cz\/fr\/wp-json\/wp\/v2\/product_tag?post=333090"}],"curies":[{"name":"wp","href":"https:\/\/api.w.org\/{rel}","templated":true}]}}