{"id":333107,"date":"2023-08-11T16:10:09","date_gmt":"2024-04-15T15:17:14","guid":{"rendered":"https:\/\/www.moskito.cz\/produkt\/stylo-plume-microtech-kyroh-403-ti-dlctri\/"},"modified":"2025-05-07T11:11:22","modified_gmt":"2025-05-07T10:11:22","slug":"stylo-plume-microtech-kyroh-403-ti-dlctri","status":"publish","type":"product","link":"https:\/\/www.moskito.cz\/fr\/produkt\/stylo-plume-microtech-kyroh-403-ti-dlctri\/","title":{"rendered":"Stylo plume Microtech Kyroh 403-TI-DLCTRI"},"content":{"rendered":"<p>Stylo plume <strong>Microtech<\/strong> Kyroh 403-TI-DLCTRI<\/p>\n<p><strong>Le Kyroh<\/strong> est un stylo \u00e0 vis qui tourne et se verrouille en place et permet d&rsquo;utiliser des cartouches Fisher Space Pen interchangeables. Le stylo est fabriqu\u00e9 avec une poign\u00e9e textur\u00e9e, un verre incassable, un clip de poche robuste et une cartouche d&rsquo;encre Fisher Space Pen rempla\u00e7able. Le Kyroh sera certainement un ajout solide \u00e0 votre transport quotidien et est disponible en deux tailles : standard et mini. C&rsquo;est le premier du genre \u00e0 utiliser un clip de poche comme m\u00e9canisme \u00e0 vis, et nous pensons que ce ne sera pas le dernier.<br \/>\nCaract\u00e9ristiques<\/p>\n<p>Longueur totale : <span id=\"cwos\" class=\"qv3Wpe\">14,67<\/span> cm<br \/>\nDiam\u00e8tre : <span id=\"cwos\" class=\"qv3Wpe\">1,25<\/span> cm<br \/>\nMat\u00e9riau : titane 6Al4V et fibre de carbone<br \/>\nFinition : DLC noir<br \/>\nCouleur de l&rsquo;insert : Noir<br \/>\nIns\u00e9rer le capuchon en tritium<br \/>\nPoids : 1,8 onces.<\/p>\n<p><iframe title=\"Microtech Combat Troodon Torture Test\" width=\"800\" height=\"450\" src=\"https:\/\/www.youtube.com\/embed\/xE9TeOFYEjg?feature=oembed\" frameborder=\"0\" allow=\"accelerometer; autoplay; clipboard-write; encrypted-media; gyroscope; picture-in-picture; web-share\" referrerpolicy=\"strict-origin-when-cross-origin\" allowfullscreen><\/iframe><\/p>\n<p>&nbsp;<\/p>\n<p>&nbsp;<\/p>\n","protected":false},"excerpt":{"rendered":"<p><strong>Stylo en titane Microtech Kyroh Standard Black DLC Bolt-Action avec clip de poche.<\/strong><\/p>\n","protected":false},"featured_media":333117,"comment_status":"open","ping_status":"closed","template":"","meta":[],"pwb-brand":[3751],"product_brand":[],"product_cat":[3700,3696],"product_tag":[3754],"class_list":{"0":"post-333107","1":"product","2":"type-product","3":"status-publish","4":"has-post-thumbnail","6":"pwb-brand-microtechnologie","7":"product_cat-couteaux-de-fermeture","8":"product_cat-des-couteaux","9":"product_tag-b2b-fr","11":"first","12":"outofstock","13":"taxable","14":"shipping-taxable","15":"purchasable","16":"product-type-simple"},"brands":[{"id":3751,"name":"Microtechnologie","slug":"microtechnologie"}],"_links":{"self":[{"href":"https:\/\/www.moskito.cz\/fr\/wp-json\/wp\/v2\/product\/333107","targetHints":{"allow":["GET"]}}],"collection":[{"href":"https:\/\/www.moskito.cz\/fr\/wp-json\/wp\/v2\/product"}],"about":[{"href":"https:\/\/www.moskito.cz\/fr\/wp-json\/wp\/v2\/types\/product"}],"replies":[{"embeddable":true,"href":"https:\/\/www.moskito.cz\/fr\/wp-json\/wp\/v2\/comments?post=333107"}],"wp:featuredmedia":[{"embeddable":true,"href":"https:\/\/www.moskito.cz\/fr\/wp-json\/wp\/v2\/media\/333117"}],"wp:attachment":[{"href":"https:\/\/www.moskito.cz\/fr\/wp-json\/wp\/v2\/media?parent=333107"}],"wp:term":[{"taxonomy":"pwb-brand","embeddable":true,"href":"https:\/\/www.moskito.cz\/fr\/wp-json\/wp\/v2\/pwb-brand?post=333107"},{"taxonomy":"product_brand","embeddable":true,"href":"https:\/\/www.moskito.cz\/fr\/wp-json\/wp\/v2\/product_brand?post=333107"},{"taxonomy":"product_cat","embeddable":true,"href":"https:\/\/www.moskito.cz\/fr\/wp-json\/wp\/v2\/product_cat?post=333107"},{"taxonomy":"product_tag","embeddable":true,"href":"https:\/\/www.moskito.cz\/fr\/wp-json\/wp\/v2\/product_tag?post=333107"}],"curies":[{"name":"wp","href":"https:\/\/api.w.org\/{rel}","templated":true}]}}