{"id":333176,"date":"2024-04-15T18:12:23","date_gmt":"2024-04-15T17:14:50","guid":{"rendered":"https:\/\/www.moskito.cz\/produkt\/couteau-de-fermeture-crkt-ceo-flipper-7097rk\/"},"modified":"2025-05-07T11:11:22","modified_gmt":"2025-05-07T10:11:22","slug":"couteau-de-fermeture-crkt-ceo-flipper-7097rk","status":"publish","type":"product","link":"https:\/\/www.moskito.cz\/fr\/produkt\/couteau-de-fermeture-crkt-ceo-flipper-7097rk\/","title":{"rendered":"Couteau de fermeture CRKT CEO Flipper 7097RK"},"content":{"rendered":"<p>Couteau de fermeture <strong>CRKT<\/strong> CEO Flipper 7097RK.<\/p>\n<p>\u00c0 premi\u00e8re vue, on pourrait le confondre avec un stylo cach\u00e9 dans une poche de chemise. Et c\u2019est exactement ainsi qu\u2019a \u00e9t\u00e9 con\u00e7u le couteau pliant CEO Flipper. Avec un profil extr\u00eamement bas et sans coins au d\u00e9triment de la convivialit\u00e9 et de l&rsquo;ergonomie, il incarne l&rsquo;esprit de travail du quotidien.<br \/>\nAff\u00fbtage facile : La lame en acier inoxydable \u00e0 haute teneur en carbone maintient bien le tranchant<br \/>\nOuverture en douceur : L&rsquo;axe \u00e0 roulement \u00e0 billes IKBS\u2122 d\u00e9ploie la lame en douceur<br \/>\nOuverture rapide : Flipper d\u00e9plie rapidement la lame<br \/>\nSolide et l\u00e9ger&nbsp;: la poign\u00e9e en nylon renforc\u00e9 de verre est durable et l\u00e9g\u00e8re<br \/>\nFacile \u00e0 fermer : Le verrou d&rsquo;insertion peut \u00eatre facilement ferm\u00e9 d&rsquo;une seule main<br \/>\nOptions de transport : Clip r\u00e9glable pour un transport \u00e0 gauche ou \u00e0 droite<\/p>\n<p>Acier de la lame : AUS 8<br \/>\nBord de lame uni<br \/>\nFinition de surface de la lame EDP<br \/>\nLongueur de la lame 8,51 cm<br \/>\nLongueur totale : 19,52 cm<br \/>\nLongueur ferm\u00e9 : 11,03 cm<br \/>\nPoids 1,90 onces. (53,86g)<\/p>\n<p>&nbsp;<\/p>\n","protected":false},"excerpt":{"rendered":"<p>DESIGNER<br \/>\nRichard Rogers<br \/>\nMagdalena, Nouveau Mexique<br \/>\nLes composants simples et pratiques \u00e0 porter au quotidien sont ma passion. Avec chaque design, je me concentre sur ce qu\u2019il peut faire pour faciliter la vie de la personne qui le tient.<\/p>\n","protected":false},"featured_media":333127,"comment_status":"open","ping_status":"closed","template":"","meta":[],"pwb-brand":[3762],"product_brand":[],"product_cat":[3700,3696],"product_tag":[],"class_list":{"0":"post-333176","1":"product","2":"type-product","3":"status-publish","4":"has-post-thumbnail","6":"pwb-brand-crkt-fr","7":"product_cat-couteaux-de-fermeture","8":"product_cat-des-couteaux","10":"first","11":"outofstock","12":"taxable","13":"shipping-taxable","14":"purchasable","15":"product-type-simple"},"brands":[{"id":3762,"name":"CRKT","slug":"crkt-fr"}],"_links":{"self":[{"href":"https:\/\/www.moskito.cz\/fr\/wp-json\/wp\/v2\/product\/333176","targetHints":{"allow":["GET"]}}],"collection":[{"href":"https:\/\/www.moskito.cz\/fr\/wp-json\/wp\/v2\/product"}],"about":[{"href":"https:\/\/www.moskito.cz\/fr\/wp-json\/wp\/v2\/types\/product"}],"replies":[{"embeddable":true,"href":"https:\/\/www.moskito.cz\/fr\/wp-json\/wp\/v2\/comments?post=333176"}],"wp:featuredmedia":[{"embeddable":true,"href":"https:\/\/www.moskito.cz\/fr\/wp-json\/wp\/v2\/media\/333127"}],"wp:attachment":[{"href":"https:\/\/www.moskito.cz\/fr\/wp-json\/wp\/v2\/media?parent=333176"}],"wp:term":[{"taxonomy":"pwb-brand","embeddable":true,"href":"https:\/\/www.moskito.cz\/fr\/wp-json\/wp\/v2\/pwb-brand?post=333176"},{"taxonomy":"product_brand","embeddable":true,"href":"https:\/\/www.moskito.cz\/fr\/wp-json\/wp\/v2\/product_brand?post=333176"},{"taxonomy":"product_cat","embeddable":true,"href":"https:\/\/www.moskito.cz\/fr\/wp-json\/wp\/v2\/product_cat?post=333176"},{"taxonomy":"product_tag","embeddable":true,"href":"https:\/\/www.moskito.cz\/fr\/wp-json\/wp\/v2\/product_tag?post=333176"}],"curies":[{"name":"wp","href":"https:\/\/api.w.org\/{rel}","templated":true}]}}