{"id":333245,"date":"2024-04-15T18:29:09","date_gmt":"2024-04-15T17:32:09","guid":{"rendered":"https:\/\/www.moskito.cz\/produkt\/stylo-de-defense-crkt-williams-tactical-pen-2-tpenwp\/"},"modified":"2025-05-07T11:11:24","modified_gmt":"2025-05-07T10:11:24","slug":"stylo-de-defense-crkt-williams-tactical-pen-2-tpenwp","status":"publish","type":"product","link":"https:\/\/www.moskito.cz\/fr\/produkt\/stylo-de-defense-crkt-williams-tactical-pen-2-tpenwp\/","title":{"rendered":"Stylo de d\u00e9fense CRKT Williams Tactical Pen 2 TPENWP"},"content":{"rendered":"<p>Stylo de d\u00e9fense <strong>CRKT<\/strong> Williams Tactical Pen 2 TPENWP.<\/p>\n<p>Les apparences sont trompeuses. Une situation qui n\u00e9cessite la l\u00e9gitime d\u00e9fense est naturellement inattendue. Les plus intelligents sont ceux qui anticipent. C\u2019est l\u00e0 que le Williams Tactical Pen 2 entre en jeu. D\u00e9guis\u00e9 en instrument d&rsquo;\u00e9criture sophistiqu\u00e9, son extr\u00e9mit\u00e9 tactique est puissante. C&rsquo;est la subtilit\u00e9 \u00e0 son meilleur.<\/p>\n<p>L&rsquo;ancien officier de l&rsquo;arm\u00e9e et instructeur d&rsquo;arts martiaux James Williams est un homme qui ma\u00eetrise tous les outils d&rsquo;autod\u00e9fense, aussi capable avec une \u00e9p\u00e9e qu&rsquo;avec tout ce qui n&rsquo;est pas une lampe de poche tactique. Il y a des ann\u00e9es, il a con\u00e7u un stylo tactique dans son magasin d&rsquo;Encinitas, en Californie. Le monde du couteau a ador\u00e9. Maintenant, il l&rsquo;a r\u00e9par\u00e9 et c&rsquo;est mieux que jamais.<\/p>\n<p>Le corps en aluminium 6061 de l&rsquo;avion comprend le l\u00e9gendaire Schmidt MegaLine 4889 M&nbsp;; vraiment \u00e0 la pointe de la technologie lorsqu&rsquo;il s&rsquo;agit de porter au quotidien. L&rsquo;outil \u00e9l\u00e9gant a une finition noire anodis\u00e9e dure et des rainures profil\u00e9es pour une meilleure adh\u00e9rence. \u00c0 une extr\u00e9mit\u00e9, le capuchon s&rsquo;enclenche solidement \u00e0 l&rsquo;aide d&rsquo;un clip de poche amovible, tandis qu&rsquo;\u00e0 l&rsquo;autre extr\u00e9mit\u00e9, la pointe \u00e9mouss\u00e9e reste pr\u00eate sans danger en cas de probl\u00e8me.<\/p>\n<p>Votre kit de transport quotidien est devenu un peu plus lumineux.<\/p>\n<p>Caract\u00e9ristiques:<br \/>\nLongueur totale : 15,08 cm<br \/>\nLongueur ferm\u00e9 : 15,83 cm<br \/>\nPoids 1,40 onces. (39,69g)<br \/>\nMat\u00e9riau : aluminium a\u00e9ronautique 6061.<br \/>\nPoids : 1,4 onces.<br \/>\nCr\u00e9ateur : James Williams<\/p>\n","protected":false},"excerpt":{"rendered":"<p>James Williams<br \/>\nVass, Caroline du Nord<br \/>\nVous ne voulez pas vous emb\u00eater avec Sensei James Williams. Un ancien officier de l&rsquo;arm\u00e9e am\u00e9ricaine avec plus de 50 ans d&rsquo;exp\u00e9rience en arts martiaux a d\u00e9velopp\u00e9 le syst\u00e8me de strat\u00e9gie. Il s\u2019agit d\u2019une approche unique du combat \u00e0 mains nues qui est enseign\u00e9e aux forces d\u2019op\u00e9rations sp\u00e9ciales et aux forces de l\u2019ordre du monde entier. Cependant, une fois arm\u00e9, vous le trouverez brandissant les lames qu&rsquo;il a cr\u00e9\u00e9es, telles que les lames solides Hisshou\u00ae et Hissatsu\u2122, le Shizuka noh Ken\u2122 et le d\u00e9sormais l\u00e9gendaire Hissatsu\u2122.<\/p>\n","protected":false},"featured_media":333185,"comment_status":"open","ping_status":"closed","template":"","meta":[],"pwb-brand":[3762],"product_brand":[],"product_cat":[3700,3696],"product_tag":[],"class_list":{"0":"post-333245","1":"product","2":"type-product","3":"status-publish","4":"has-post-thumbnail","6":"pwb-brand-crkt-fr","7":"product_cat-couteaux-de-fermeture","8":"product_cat-des-couteaux","10":"first","11":"outofstock","12":"taxable","13":"shipping-taxable","14":"purchasable","15":"product-type-simple"},"brands":[{"id":3762,"name":"CRKT","slug":"crkt-fr"}],"_links":{"self":[{"href":"https:\/\/www.moskito.cz\/fr\/wp-json\/wp\/v2\/product\/333245","targetHints":{"allow":["GET"]}}],"collection":[{"href":"https:\/\/www.moskito.cz\/fr\/wp-json\/wp\/v2\/product"}],"about":[{"href":"https:\/\/www.moskito.cz\/fr\/wp-json\/wp\/v2\/types\/product"}],"replies":[{"embeddable":true,"href":"https:\/\/www.moskito.cz\/fr\/wp-json\/wp\/v2\/comments?post=333245"}],"wp:featuredmedia":[{"embeddable":true,"href":"https:\/\/www.moskito.cz\/fr\/wp-json\/wp\/v2\/media\/333185"}],"wp:attachment":[{"href":"https:\/\/www.moskito.cz\/fr\/wp-json\/wp\/v2\/media?parent=333245"}],"wp:term":[{"taxonomy":"pwb-brand","embeddable":true,"href":"https:\/\/www.moskito.cz\/fr\/wp-json\/wp\/v2\/pwb-brand?post=333245"},{"taxonomy":"product_brand","embeddable":true,"href":"https:\/\/www.moskito.cz\/fr\/wp-json\/wp\/v2\/product_brand?post=333245"},{"taxonomy":"product_cat","embeddable":true,"href":"https:\/\/www.moskito.cz\/fr\/wp-json\/wp\/v2\/product_cat?post=333245"},{"taxonomy":"product_tag","embeddable":true,"href":"https:\/\/www.moskito.cz\/fr\/wp-json\/wp\/v2\/product_tag?post=333245"}],"curies":[{"name":"wp","href":"https:\/\/api.w.org\/{rel}","templated":true}]}}