{"id":333351,"date":"2024-04-15T19:11:16","date_gmt":"2024-04-15T18:11:16","guid":{"rendered":"https:\/\/www.moskito.cz\/produkt\/stylo-de-defense-crkt-williams-tpenwrg\/"},"modified":"2025-05-07T11:11:30","modified_gmt":"2025-05-07T10:11:30","slug":"stylo-de-defense-crkt-williams-tpenwrg","status":"publish","type":"product","link":"https:\/\/www.moskito.cz\/fr\/produkt\/stylo-de-defense-crkt-williams-tpenwrg\/","title":{"rendered":"Stylo de d\u00e9fense CRKT Williams TPENWRG"},"content":{"rendered":"<p>Stylo de d\u00e9fense <strong>CRKT<\/strong> Williams TPENWRG.<\/p>\n<p>Pour tout le monde, ce sont des instruments d&rsquo;\u00e9criture \u00e9l\u00e9gants con\u00e7us avec toutes les fonctionnalit\u00e9s subtiles que vous attendez d&rsquo;un stylo fin, mais pour vous, ils sont bien plus que cela. James Williams, ancien officier de l&rsquo;arm\u00e9e et instructeur d&rsquo;arts martiaux, a appliqu\u00e9 son expertise en mati\u00e8re de conception au Williams Defence Pencil. Pour ceux d&rsquo;entre vous qui connaissent Hissatsu et Hisshou, ce nouveau design de James Williams sera certainement un ajout bienvenu \u00e0 votre arsenal d\u00e9fensif.<\/p>\n<p>Avec quelques instructions ou connaissances de base, les stylos peuvent facilement \u00eatre utilis\u00e9s contre un agresseur ou un agresseur pour lui causer un avertissement, une douleur ou une blessure \u2013 contrecarrant ainsi un acte potentiellement sans d\u00e9fense.<\/p>\n<p>Et ce sont tout simplement d\u2019excellents outils d\u2019\u00e9criture.<\/p>\n<p>Caract\u00e9ristiques:<br \/>\nLongueur totale : 15,22 cm<br \/>\nCartouche&nbsp;: SCHMIDT MegaLine 4889M<br \/>\nMat\u00e9riau du corps&nbsp;: Grivory vert<br \/>\nPoids : 0,80 onces. (22,68g)<\/p>\n<p><iframe title=\"CRKT Williams Defense Pen Grivory\u00ae | James Williams Design\" width=\"800\" height=\"450\" src=\"https:\/\/www.youtube.com\/embed\/F4qAloNI9j4?feature=oembed\" frameborder=\"0\" allow=\"accelerometer; autoplay; clipboard-write; encrypted-media; gyroscope; picture-in-picture; web-share\" referrerpolicy=\"strict-origin-when-cross-origin\" allowfullscreen><\/iframe><\/p>\n<p>&nbsp;<\/p>\n","protected":false},"excerpt":{"rendered":"<p>James Williams<br \/>\nVass, Caroline du Nord<br \/>\nVous ne voulez pas vous emb\u00eater avec Sensei James Williams. Un ancien officier de l&rsquo;arm\u00e9e am\u00e9ricaine avec plus de 50 ans d&rsquo;exp\u00e9rience en arts martiaux a d\u00e9velopp\u00e9 le syst\u00e8me de strat\u00e9gie. Il s\u2019agit d\u2019une approche unique du combat \u00e0 mains nues qui est enseign\u00e9e aux forces d\u2019op\u00e9rations sp\u00e9ciales et aux forces de l\u2019ordre du monde entier. Cependant, une fois arm\u00e9, vous le trouverez brandissant les lames qu&rsquo;il a cr\u00e9\u00e9es, telles que les lames solides Hisshou\u00ae et Hissatsu\u2122, le Shizuka noh Ken\u2122 et le d\u00e9sormais l\u00e9gendaire Hissatsu\u2122.<\/p>\n","protected":false},"featured_media":333299,"comment_status":"open","ping_status":"closed","template":"","meta":[],"pwb-brand":[3762],"product_brand":[],"product_cat":[3700,3696],"product_tag":[],"class_list":{"0":"post-333351","1":"product","2":"type-product","3":"status-publish","4":"has-post-thumbnail","6":"pwb-brand-crkt-fr","7":"product_cat-couteaux-de-fermeture","8":"product_cat-des-couteaux","10":"first","11":"outofstock","12":"taxable","13":"shipping-taxable","14":"purchasable","15":"product-type-simple"},"brands":[{"id":3762,"name":"CRKT","slug":"crkt-fr"}],"_links":{"self":[{"href":"https:\/\/www.moskito.cz\/fr\/wp-json\/wp\/v2\/product\/333351","targetHints":{"allow":["GET"]}}],"collection":[{"href":"https:\/\/www.moskito.cz\/fr\/wp-json\/wp\/v2\/product"}],"about":[{"href":"https:\/\/www.moskito.cz\/fr\/wp-json\/wp\/v2\/types\/product"}],"replies":[{"embeddable":true,"href":"https:\/\/www.moskito.cz\/fr\/wp-json\/wp\/v2\/comments?post=333351"}],"wp:featuredmedia":[{"embeddable":true,"href":"https:\/\/www.moskito.cz\/fr\/wp-json\/wp\/v2\/media\/333299"}],"wp:attachment":[{"href":"https:\/\/www.moskito.cz\/fr\/wp-json\/wp\/v2\/media?parent=333351"}],"wp:term":[{"taxonomy":"pwb-brand","embeddable":true,"href":"https:\/\/www.moskito.cz\/fr\/wp-json\/wp\/v2\/pwb-brand?post=333351"},{"taxonomy":"product_brand","embeddable":true,"href":"https:\/\/www.moskito.cz\/fr\/wp-json\/wp\/v2\/product_brand?post=333351"},{"taxonomy":"product_cat","embeddable":true,"href":"https:\/\/www.moskito.cz\/fr\/wp-json\/wp\/v2\/product_cat?post=333351"},{"taxonomy":"product_tag","embeddable":true,"href":"https:\/\/www.moskito.cz\/fr\/wp-json\/wp\/v2\/product_tag?post=333351"}],"curies":[{"name":"wp","href":"https:\/\/api.w.org\/{rel}","templated":true}]}}