{"id":333414,"date":"2024-04-15T19:29:47","date_gmt":"2024-04-15T18:33:40","guid":{"rendered":"https:\/\/www.moskito.cz\/produkt\/couteau-de-fermeture-crkt-persan-7060\/"},"modified":"2025-05-07T11:11:31","modified_gmt":"2025-05-07T10:11:31","slug":"couteau-de-fermeture-crkt-persan-7060","status":"publish","type":"product","link":"https:\/\/www.moskito.cz\/fr\/produkt\/couteau-de-fermeture-crkt-persan-7060\/","title":{"rendered":"Couteau de fermeture CRKT Persan 7060"},"content":{"rendered":"<p>Couteau de fermeture <strong>CRKT<\/strong> Persan 7060.<\/p>\n<p>Le Persan est un couteau pliant discret avec des courbes douces et un design \u00e9quilibr\u00e9. Gr\u00e2ce \u00e0 l&rsquo;ouverture assist\u00e9e, la lame en acier D2 s&rsquo;\u00e9tend en un clin d&rsquo;\u0153il, tandis que la forme sur\u00e9lev\u00e9e du couteau et le ventre prononc\u00e9 lui conf\u00e8rent une meilleure capacit\u00e9 de tranchage. Fabriqu\u00e9e \u00e0 partir de mat\u00e9riaux de qualit\u00e9, la poign\u00e9e en nylon renforc\u00e9 de verre permet une meilleure prise en main, rendant le Persan facile \u00e0 ouvrir et \u00e0 fermer d&rsquo;une seule main.<\/p>\n<p>Dans l\u2019ensemble, c\u2019est un accessoire de tous les jours \u00e9l\u00e9gant et durable que vous serez fier d\u2019avoir dans votre poche.<\/p>\n<p>Caract\u00e9ristiques:<br \/>\nLongueur de la lame : 8,73 cm<br \/>\nLongueur ferm\u00e9 : 11,34 cm<br \/>\nLongueur totale : 20,63 cm<br \/>\nMat\u00e9riau de la lame : Acier \u00e0 outils D2<br \/>\n\u00c9paisseur de la lame : 0,33 cm<br \/>\nStyle de lame&nbsp;: Persan \u00e0 pointe tra\u00eenante<br \/>\nTraitement de surface de la lame : satin\u00e9<br \/>\nMat\u00e9riau du manche : Nylon noir renforc\u00e9 de verre<br \/>\nM\u00e9canisme de verrouillage : Liner Lock<br \/>\nClip de poche&nbsp;: basculement profond, transport \u00e0 droite<br \/>\nPoids : 3,10 onces. (87,88g)<br \/>\nCr\u00e9ateur : Richard Rogers<\/p>\n<p><iframe title=\"CRKT Persian Assisted | Richard Rogers Design\" width=\"800\" height=\"450\" src=\"https:\/\/www.youtube.com\/embed\/o_DDdM25oMU?feature=oembed\" frameborder=\"0\" allow=\"accelerometer; autoplay; clipboard-write; encrypted-media; gyroscope; picture-in-picture; web-share\" referrerpolicy=\"strict-origin-when-cross-origin\" allowfullscreen><\/iframe><\/p>\n<p>&nbsp;<\/p>\n","protected":false},"excerpt":{"rendered":"<p>DESIGNER<br \/>\nRichard Rogers<br \/>\nMagdalena, Nouveau Mexique<br \/>\nLes composants simples et pratiques \u00e0 porter au quotidien sont ma passion. Avec chaque design, je me concentre sur ce qu\u2019il peut faire pour faciliter la vie de la personne qui le tient.<\/p>\n","protected":false},"featured_media":333356,"comment_status":"open","ping_status":"closed","template":"","meta":[],"pwb-brand":[3762],"product_brand":[],"product_cat":[3700,3696],"product_tag":[],"class_list":{"0":"post-333414","1":"product","2":"type-product","3":"status-publish","4":"has-post-thumbnail","6":"pwb-brand-crkt-fr","7":"product_cat-couteaux-de-fermeture","8":"product_cat-des-couteaux","10":"first","11":"instock","12":"taxable","13":"shipping-taxable","14":"purchasable","15":"product-type-simple"},"brands":[{"id":3762,"name":"CRKT","slug":"crkt-fr"}],"_links":{"self":[{"href":"https:\/\/www.moskito.cz\/fr\/wp-json\/wp\/v2\/product\/333414","targetHints":{"allow":["GET"]}}],"collection":[{"href":"https:\/\/www.moskito.cz\/fr\/wp-json\/wp\/v2\/product"}],"about":[{"href":"https:\/\/www.moskito.cz\/fr\/wp-json\/wp\/v2\/types\/product"}],"replies":[{"embeddable":true,"href":"https:\/\/www.moskito.cz\/fr\/wp-json\/wp\/v2\/comments?post=333414"}],"wp:featuredmedia":[{"embeddable":true,"href":"https:\/\/www.moskito.cz\/fr\/wp-json\/wp\/v2\/media\/333356"}],"wp:attachment":[{"href":"https:\/\/www.moskito.cz\/fr\/wp-json\/wp\/v2\/media?parent=333414"}],"wp:term":[{"taxonomy":"pwb-brand","embeddable":true,"href":"https:\/\/www.moskito.cz\/fr\/wp-json\/wp\/v2\/pwb-brand?post=333414"},{"taxonomy":"product_brand","embeddable":true,"href":"https:\/\/www.moskito.cz\/fr\/wp-json\/wp\/v2\/product_brand?post=333414"},{"taxonomy":"product_cat","embeddable":true,"href":"https:\/\/www.moskito.cz\/fr\/wp-json\/wp\/v2\/product_cat?post=333414"},{"taxonomy":"product_tag","embeddable":true,"href":"https:\/\/www.moskito.cz\/fr\/wp-json\/wp\/v2\/product_tag?post=333414"}],"curies":[{"name":"wp","href":"https:\/\/api.w.org\/{rel}","templated":true}]}}