{"id":333468,"date":"2024-04-15T19:53:20","date_gmt":"2024-04-15T18:56:46","guid":{"rendered":"https:\/\/www.moskito.cz\/produkt\/outil-hexagonal-crkt-rouleau-de-tournevis-a-embout-hexagonal-9911\/"},"modified":"2025-05-07T11:11:31","modified_gmt":"2025-05-07T10:11:31","slug":"outil-hexagonal-crkt-rouleau-de-tournevis-a-embout-hexagonal-9911","status":"publish","type":"product","link":"https:\/\/www.moskito.cz\/fr\/produkt\/outil-hexagonal-crkt-rouleau-de-tournevis-a-embout-hexagonal-9911\/","title":{"rendered":"Outil hexagonal CRKT, rouleau de tournevis \u00e0 embout hexagonal 9911"},"content":{"rendered":"<p>Outil hexagonal <strong>CRKT,<\/strong> rouleau de tournevis \u00e0 embout hexagonal 9911.<\/p>\n<p>Enroulez-le et prenez-le. Lorsque vous \u00eates loin de votre banc et que votre transport quotidien n\u00e9cessite un peu d&rsquo;entretien, l&rsquo;outil de tournevis \u00e0 embout hexagonal est con\u00e7u pour \u00eatre \u00e0 port\u00e9e de main pour une solution rapide. Ce cylindre \u00e0 outils compact mais puissant est \u00e9quip\u00e9 pour contenir jusqu&rsquo;\u00e0 13 embouts et deux pilotes (un pilote est inclus) afin que vous ne soyez plus jamais pris avec un EDC sale.<\/p>\n<p>Le designer Joe Wu de Mountain View, en Californie, a con\u00e7u le rouleau d&rsquo;outils Hex Bit Driver dans le cadre de sa collection d&rsquo;entretien. Le tournevis en laiton \u00e0 fonctionnement fluide est \u00e9quip\u00e9 d&rsquo;un roulement \u00e0 billes pour un retrait ou une installation rapide des pi\u00e8ces. Le cylindre \u00e0 outils en cuir pleine fleur peut contenir jusqu&rsquo;\u00e0 13 embouts et est enti\u00e8rement personnalisable. Exp\u00e9di\u00e9 depuis CRKT\u00ae \u00e9quip\u00e9 de T6, T7, T8, T9, T10, T15, T20, PH1, PH2, PH3, 1,0 x 6 mm, 0,8 x 5,5 mm et 0,6 x 4,5 mm.<\/p>\n<p>Kit d&rsquo;entretien complet. Un simple cylindre \u00e0 outils.<\/p>\n<p>Le roulement \u00e0 billes dans le pilote permet un d\u00e9montage ou un assemblage rapide des pi\u00e8ces<br \/>\nUn aimant dans la pointe du pilote s\u00e9curise l&#8217;embout du pilote<br \/>\nLe contr\u00f4leur tient facilement dans la main et permet plus de contr\u00f4le pour un travail pr\u00e9cis<br \/>\nPilote en laiton textur\u00e9 pour une meilleure adh\u00e9rence<br \/>\nLe cylindre \u00e0 outils en cuir peut contenir jusqu&rsquo;\u00e0 deux contr\u00f4leurs<br \/>\nPeut contenir jusqu&rsquo;\u00e0 13 embouts \u2013 livr\u00e9 avec T6, T7, T8, T9, T10, T15, T20, PH1, PH2, PH3, 1,0 x 6 mm, 0,8 x 5,5 mm, 0,6 x 4, 5 mm.<\/p>\n<p>Caract\u00e9ristiques:<br \/>\nLongueur totale : 9,47 cm<br \/>\nMat\u00e9riau du manche : laiton<br \/>\nPoids : 2,50 onces. (70,87g)<br \/>\nPoids du bo\u00eetier : 2,60 onces. (73,71g)<br \/>\nCr\u00e9ateur : Joe Wu<\/p>\n<p>&nbsp;<\/p>\n","protected":false},"excerpt":{"rendered":"<p>DESIGNER<br \/>\nJoe Wu<br \/>\nVue sur la montagne, Californie<br \/>\nToujours en train de bricoler et de chercher de nouvelles fa\u00e7ons d&rsquo;am\u00e9liorer les designs existants, Joe Wu a d\u00e9but\u00e9 dans la conception de produits chez Scout Leather Co. en fabriquant des produits bas\u00e9s sur les besoins et l&rsquo;exp\u00e9rience personnels. Ces derni\u00e8res ann\u00e9es, il a d\u00e9velopp\u00e9 ses id\u00e9es et perfectionn\u00e9 ses comp\u00e9tences commerciales en utilisant des m\u00e9thodes traditionnelles avec une approche moderne. Ses cr\u00e9ations et ses id\u00e9es sont motiv\u00e9es par la simplicit\u00e9 et l&rsquo;exp\u00e9rience utilisateur&nbsp;; un bon design ne doit pas n\u00e9cessairement \u00eatre compliqu\u00e9.<\/p>\n","protected":false},"featured_media":333421,"comment_status":"open","ping_status":"closed","template":"","meta":[],"pwb-brand":[3762],"product_brand":[],"product_cat":[3695],"product_tag":[],"class_list":{"0":"post-333468","1":"product","2":"type-product","3":"status-publish","4":"has-post-thumbnail","6":"pwb-brand-crkt-fr","7":"product_cat-outil-multi-fonction","9":"first","10":"instock","11":"taxable","12":"shipping-taxable","13":"purchasable","14":"product-type-simple"},"brands":[{"id":3762,"name":"CRKT","slug":"crkt-fr"}],"_links":{"self":[{"href":"https:\/\/www.moskito.cz\/fr\/wp-json\/wp\/v2\/product\/333468","targetHints":{"allow":["GET"]}}],"collection":[{"href":"https:\/\/www.moskito.cz\/fr\/wp-json\/wp\/v2\/product"}],"about":[{"href":"https:\/\/www.moskito.cz\/fr\/wp-json\/wp\/v2\/types\/product"}],"replies":[{"embeddable":true,"href":"https:\/\/www.moskito.cz\/fr\/wp-json\/wp\/v2\/comments?post=333468"}],"wp:featuredmedia":[{"embeddable":true,"href":"https:\/\/www.moskito.cz\/fr\/wp-json\/wp\/v2\/media\/333421"}],"wp:attachment":[{"href":"https:\/\/www.moskito.cz\/fr\/wp-json\/wp\/v2\/media?parent=333468"}],"wp:term":[{"taxonomy":"pwb-brand","embeddable":true,"href":"https:\/\/www.moskito.cz\/fr\/wp-json\/wp\/v2\/pwb-brand?post=333468"},{"taxonomy":"product_brand","embeddable":true,"href":"https:\/\/www.moskito.cz\/fr\/wp-json\/wp\/v2\/product_brand?post=333468"},{"taxonomy":"product_cat","embeddable":true,"href":"https:\/\/www.moskito.cz\/fr\/wp-json\/wp\/v2\/product_cat?post=333468"},{"taxonomy":"product_tag","embeddable":true,"href":"https:\/\/www.moskito.cz\/fr\/wp-json\/wp\/v2\/product_tag?post=333468"}],"curies":[{"name":"wp","href":"https:\/\/api.w.org\/{rel}","templated":true}]}}