{"id":333527,"date":"2024-04-15T20:18:33","date_gmt":"2024-04-15T19:21:11","guid":{"rendered":"https:\/\/www.moskito.cz\/produkt\/couteau-pliant-crkt-carson-forces-speciales-m21-14sf\/"},"modified":"2025-05-07T11:11:33","modified_gmt":"2025-05-07T10:11:33","slug":"couteau-pliant-crkt-carson-forces-speciales-m21-14sf","status":"publish","type":"product","link":"https:\/\/www.moskito.cz\/fr\/produkt\/couteau-pliant-crkt-carson-forces-speciales-m21-14sf\/","title":{"rendered":"Couteau pliant CRKT Carson Forces sp\u00e9ciales M21-14SF"},"content":{"rendered":"<div class=\"flex-1 overflow-hidden @container\/thread\">\n<div class=\"h-full\">\n<div class=\"react-scroll-to-bottom--css-quzxw-79elbk h-full\">\n<div class=\"react-scroll-to-bottom--css-quzxw-1n7m0yu\">\n<div class=\"flex flex-col text-sm md:pb-9\">\n<article class=\"w-full scroll-mb-[var(--thread-trailing-height,150px)] text-token-text-primary focus-visible:outline-2 focus-visible:outline-offset-[-4px]\" dir=\"auto\" data-testid=\"conversation-turn-157\" data-scroll-anchor=\"true\">\n<div class=\"m-auto text-base py-[18px] px-3 md:px-4 w-full md:px-5 lg:px-4 xl:px-5\">\n<div class=\"mx-auto flex flex-1 gap-4 text-base md:gap-5 lg:gap-6 md:max-w-3xl\">\n<div class=\"group\/conversation-turn relative flex w-full min-w-0 flex-col agent-turn\">\n<div class=\"flex-col gap-1 md:gap-3\">\n<div class=\"flex max-w-full flex-col flex-grow\">\n<div class=\"min-h-8 text-message flex w-full flex-col items-end gap-2 whitespace-normal break-words text-start [.text-message+&amp;]:mt-5\" dir=\"auto\" data-message-author-role=\"assistant\" data-message-id=\"4b9f661a-7ded-49c3-b0cf-db2672e45050\" data-message-model-slug=\"gpt-4o-mini\">\n<div class=\"flex w-full flex-col gap-1 empty:hidden first:pt-[3px]\">\n<div class=\"markdown prose w-full break-words dark:prose-invert light\">\n<p><strong>Le couteau pliant CRKT Carson Special Forces M21-14SF<\/strong> est un outil hautement sp\u00e9cialis\u00e9 con\u00e7u pour les professionnels, en particulier les sp\u00e9cialistes militaires et les amateurs d&rsquo;\u00e9quipements tactiques. Ce couteau offre une combinaison de conception robuste, de fonctionnalit\u00e9 et de s\u00e9curit\u00e9, ce qui est essentiel dans les situations exigeantes et de crise. Examinons de plus pr\u00e8s le potentiel offert par ce couteau et les fins sp\u00e9cifiques pour lesquelles il peut \u00eatre utilis\u00e9&nbsp;:  <\/p>\n<h3><strong>Principales caract\u00e9ristiques du couteau CRKT Carson M21-14SF :<\/strong><\/h3>\n<ul>\n<li><strong>Conception tactique<\/strong> : le couteau a <strong>une lame en forme de lance profonde<\/strong> , ce qui garantit une r\u00e9sistance et une efficacit\u00e9 maximales lorsqu&rsquo;il est utilis\u00e9 dans des conditions difficiles.<\/li>\n<li><strong>Construction en aluminium 6061 T6<\/strong> : La poign\u00e9e est fabriqu\u00e9e en <strong>aluminium solide anodis\u00e9 dur<\/strong> , garantissant une r\u00e9sistance aux chocs et aux rayures tout en restant l\u00e9g\u00e8re et facile \u00e0 manipuler.<\/li>\n<li><strong>Acier inoxydable AUS 8<\/strong> : La lame est fabriqu\u00e9e en acier inoxydable AUS 8 de haute qualit\u00e9, connu pour sa r\u00e9sistance et sa durabilit\u00e9. Il est dot\u00e9 <strong>d&rsquo;un tranchant Triple-Point\u2122<\/strong> , ce qui signifie que la lame est extr\u00eamement tranchante et efficace pour couper. <\/li>\n<li><strong>Rev\u00eatement en titane<\/strong> : <strong>un rev\u00eatement en nitrure de titane<\/strong> sur la lame augmente la r\u00e9sistance \u00e0 la corrosion et \u00e0 l&rsquo;usure, ce qui est essentiel pour la longue dur\u00e9e de vie du couteau dans des conditions difficiles.<\/li>\n<li><strong>S\u00e9curit\u00e9 automatique AutoLAWKS\u2122<\/strong> : Ce m\u00e9canisme verrouille automatiquement la lame en position ouverte et transforme le couteau en lame fixe, offrant une s\u00e9curit\u00e9 suppl\u00e9mentaire lors d&rsquo;une utilisation dans des situations critiques.<\/li>\n<li><strong>Ouvertures ergonomiques et Carson Flippers<\/strong> : Gr\u00e2ce \u00e0 deux <strong>Carson Flippers,<\/strong> le couteau peut \u00eatre facilement ouvert d&rsquo;une seule main et rapidement pr\u00e9par\u00e9 \u00e0 l&rsquo;utilisation.<\/li>\n<li><strong>Ouverture et fermeture rapides<\/strong> : Le syst\u00e8me <strong>de roulement \u00e0 billes<\/strong> IKBS\u2122 permet une ouverture et une fermeture de la lame en douceur et rapidement.<\/li>\n<\/ul>\n<h3><strong>\u00c0 quoi peut servir le CRKT Carson M21-14SF&nbsp;:<\/strong><\/h3>\n<ol>\n<li><strong>Op\u00e9rations militaires et tactiques<\/strong> :\n<ul>\n<li><strong>D\u00e9fense personnelle<\/strong> : Gr\u00e2ce \u00e0 sa conception et <strong>au tranchant de sa lame,<\/strong> il est id\u00e9al pour <strong>l&rsquo;autod\u00e9fense<\/strong> et la r\u00e9solution rapide des situations de crise.<\/li>\n<li><strong>\u00c9vitement d&rsquo;obstacles<\/strong> : Le couteau peut \u00eatre utilis\u00e9 pour <strong>couper<\/strong> et <strong>p\u00e9n\u00e9trer<\/strong> des objets ou pour <strong>\u00e9liminer des obstacles<\/strong> , par exemple lors d&rsquo;op\u00e9rations militaires ou <strong>d&rsquo;\u00e9vacuation<\/strong> . <\/li>\n<li><strong>Pr\u00e9paration de l&rsquo;\u00e9quipement<\/strong> : Il sera tr\u00e8s utile pour <strong>entretenir et pr\u00e9parer l&rsquo;\u00e9quipement tactique<\/strong> , comme <strong>couper du fil<\/strong> , <strong>couper des sangles<\/strong> ou <strong>modifier des tentes et des abris<\/strong> .<\/li>\n<\/ul>\n<\/li>\n<li><strong>Plein air et survie<\/strong> :\n<ul>\n<li><strong>Camping et randonn\u00e9e<\/strong> : Le couteau est id\u00e9al pour <strong>les t\u00e2ches quotidiennes en plein air<\/strong> , comme <strong>couper du bois<\/strong> , <strong>tailler des branches<\/strong> , <strong>pr\u00e9parer des aliments<\/strong> ou <strong>construire un abri<\/strong> .<\/li>\n<li><strong>Mat\u00e9riaux de coupe<\/strong> : Vous pouvez l&rsquo;utiliser pour <strong>manipuler des cordes, des sangles ou d&rsquo;autres mat\u00e9riaux<\/strong> n\u00e9cessaires \u00e0 la survie dans la nature.<\/li>\n<\/ul>\n<\/li>\n<li><strong>Port quotidien (EDC)<\/strong> :\n<ul>\n<li><strong>T\u00e2ches quotidiennes<\/strong> : Ce couteau est suffisamment compact pour \u00eatre transport\u00e9 tous les jours comme <strong>outil pour couper des emballages, ouvrir des colis<\/strong> ou <strong>pr\u00e9parer des aliments<\/strong> .<\/li>\n<li><strong>Travaillez en d\u00e9placement<\/strong> : Id\u00e9al pour voyager car il est <strong>compact<\/strong> et permet un <strong>transport facile<\/strong> \u00e0 la ceinture ou dans votre poche gr\u00e2ce au <strong>clip de poche<\/strong> inclus.<\/li>\n<\/ul>\n<\/li>\n<li><strong>Travaux tactiques et de sauvetage<\/strong> :\n<ul>\n<li><strong>Op\u00e9rations de sauvetage<\/strong> : Dans les situations de crise o\u00f9 il est n\u00e9cessaire de <strong>r\u00e9soudre rapidement des situations avec des sangles<\/strong> , <strong>de couper des ceintures de s\u00e9curit\u00e9<\/strong> ou <strong>d&rsquo;ouvrir l&rsquo;acc\u00e8s aux bless\u00e9s<\/strong> , ce couteau est le choix id\u00e9al.<\/li>\n<li><strong>Missions de sauvetage<\/strong> : Si vous avez besoin <strong>d&rsquo;un outil rapide et efficace pour manipuler du mat\u00e9riel ou faire face \u00e0 des situations de crise<\/strong> , ce couteau vous donnera la force et la s\u00e9curit\u00e9 dont vous avez besoin.<\/li>\n<\/ul>\n<\/li>\n<li><strong>Chasse et p\u00eache<\/strong> :\n<ul>\n<li><strong>Chasse<\/strong> : Vous pouvez utiliser ce couteau pour <strong>couper la viande<\/strong> , <strong>nettoyer le gibier<\/strong> ou <strong>pr\u00e9parer le mat\u00e9riel de chasse<\/strong> .<\/li>\n<li><strong>P\u00eache<\/strong> : Il est \u00e9galement tr\u00e8s pratique pour <strong>couper les lignes de p\u00eache<\/strong> , <strong>pr\u00e9parer les app\u00e2ts<\/strong> ou <strong>entretenir le mat\u00e9riel de p\u00eache<\/strong> .<\/li>\n<\/ul>\n<\/li>\n<\/ol>\n<h3><strong>R\u00e9sum\u00e9:<\/strong><\/h3>\n<p><strong>Le couteau pliant CRKT Carson Special Forces M21-14SF<\/strong> est con\u00e7u pour <strong>une utilisation extr\u00eame<\/strong> , et sa construction robuste, ses caract\u00e9ristiques de s\u00e9curit\u00e9 et son excellente lame en font un excellent compagnon pour <strong>les op\u00e9rations tactiques<\/strong> , <strong>les activit\u00e9s de plein air<\/strong> , <strong>le transport quotidien<\/strong> et <strong>les op\u00e9rations de sauvetage<\/strong> . Si vous recherchez un couteau fiable, rapide et s\u00fbr capable de g\u00e9rer des t\u00e2ches exigeantes, ce mod\u00e8le est le choix id\u00e9al.   <\/p>\n<\/div>\n<\/div>\n<\/div>\n<\/div>\n<div class=\"mb-2 flex gap-3 empty:hidden -ml-2\">\n<div class=\"items-center justify-start rounded-xl p-1 flex\">\n<div class=\"flex items-center\"><\/div>\n<\/div>\n<\/div>\n<div class=\"pr-2 lg:pr-0\"><\/div>\n<div class=\"mt-3 w-full empty:hidden\">\n<div class=\"text-center\"><\/div>\n<\/div>\n<\/div>\n<div class=\"absolute\">\n<div class=\"flex items-center justify-center\"><\/div>\n<\/div>\n<\/div>\n<\/div>\n<\/div>\n<\/article>\n<\/div>\n<\/div>\n<\/div>\n<\/div>\n<\/div>\n<div class=\"md:pt-0 dark:border-white\/20 md:border-transparent md:dark:border-transparent w-full\">\n<div>\n<div class=\"m-auto text-base px-3 md:px-4 w-full md:px-5 lg:px-4 xl:px-5\">\n<div class=\"mx-auto flex flex-1 gap-4 text-base md:gap-5 lg:gap-6 md:max-w-3xl\">\n<div class=\"flex justify-center\"><\/div>\n<\/div>\n<\/div>\n<\/div>\n<\/div>\n","protected":false},"excerpt":{"rendered":"<div class=\"flex max-w-full flex-col flex-grow\">\n<div class=\"min-h-8 text-message flex w-full flex-col items-end gap-2 whitespace-normal break-words text-start [.text-message+&amp;]:mt-5\" dir=\"auto\" data-message-author-role=\"assistant\" data-message-id=\"4b9f661a-7ded-49c3-b0cf-db2672e45050\" data-message-model-slug=\"gpt-4o-mini\">\n<div class=\"flex w-full flex-col gap-1 empty:hidden first:pt-[3px]\">\n<div class=\"markdown prose w-full break-words dark:prose-invert light\">\n<p><strong>Le couteau pliant CRKT Carson Special Forces M21-14SF est con\u00e7u pour une utilisation extr\u00eame, et sa construction robuste, ses caract\u00e9ristiques de s\u00e9curit\u00e9 et son excellente lame en font un excellent compagnon pour les op\u00e9rations tactiques, les activit\u00e9s de plein air, le transport quotidien et les op\u00e9rations de sauvetage. Si vous recherchez un couteau fiable, rapide et s\u00fbr capable de g\u00e9rer des t\u00e2ches exigeantes, ce mod\u00e8le est le choix id\u00e9al. <\/strong><\/p>\n<\/div>\n<\/div>\n<\/div>\n<\/div>\n<div class=\"mb-2 flex gap-3 empty:hidden -ml-2\">\n<div class=\"items-center justify-start rounded-xl p-1 flex\">\n<div class=\"flex items-center\"><strong>Livraison gratuite.<\/strong><\/div>\n<\/div>\n<\/div>\n","protected":false},"featured_media":333478,"comment_status":"open","ping_status":"closed","template":"","meta":[],"pwb-brand":[3762],"product_brand":[],"product_cat":[3700,3696],"product_tag":[3754],"class_list":{"0":"post-333527","1":"product","2":"type-product","3":"status-publish","4":"has-post-thumbnail","6":"pwb-brand-crkt-fr","7":"product_cat-couteaux-de-fermeture","8":"product_cat-des-couteaux","9":"product_tag-b2b-fr","11":"first","12":"outofstock","13":"taxable","14":"shipping-taxable","15":"purchasable","16":"product-type-simple"},"brands":[{"id":3762,"name":"CRKT","slug":"crkt-fr"}],"_links":{"self":[{"href":"https:\/\/www.moskito.cz\/fr\/wp-json\/wp\/v2\/product\/333527","targetHints":{"allow":["GET"]}}],"collection":[{"href":"https:\/\/www.moskito.cz\/fr\/wp-json\/wp\/v2\/product"}],"about":[{"href":"https:\/\/www.moskito.cz\/fr\/wp-json\/wp\/v2\/types\/product"}],"replies":[{"embeddable":true,"href":"https:\/\/www.moskito.cz\/fr\/wp-json\/wp\/v2\/comments?post=333527"}],"wp:featuredmedia":[{"embeddable":true,"href":"https:\/\/www.moskito.cz\/fr\/wp-json\/wp\/v2\/media\/333478"}],"wp:attachment":[{"href":"https:\/\/www.moskito.cz\/fr\/wp-json\/wp\/v2\/media?parent=333527"}],"wp:term":[{"taxonomy":"pwb-brand","embeddable":true,"href":"https:\/\/www.moskito.cz\/fr\/wp-json\/wp\/v2\/pwb-brand?post=333527"},{"taxonomy":"product_brand","embeddable":true,"href":"https:\/\/www.moskito.cz\/fr\/wp-json\/wp\/v2\/product_brand?post=333527"},{"taxonomy":"product_cat","embeddable":true,"href":"https:\/\/www.moskito.cz\/fr\/wp-json\/wp\/v2\/product_cat?post=333527"},{"taxonomy":"product_tag","embeddable":true,"href":"https:\/\/www.moskito.cz\/fr\/wp-json\/wp\/v2\/product_tag?post=333527"}],"curies":[{"name":"wp","href":"https:\/\/api.w.org\/{rel}","templated":true}]}}