{"id":333628,"date":"2021-07-29T21:23:32","date_gmt":"2021-07-29T20:23:32","guid":{"rendered":"https:\/\/www.moskito.cz\/produkt\/couteau-de-fermeture-crkt-lck-3801\/"},"modified":"2025-05-07T11:11:35","modified_gmt":"2025-05-07T10:11:35","slug":"couteau-de-fermeture-crkt-lck-3801","status":"publish","type":"product","link":"https:\/\/www.moskito.cz\/fr\/produkt\/couteau-de-fermeture-crkt-lck-3801\/","title":{"rendered":"Couteau de fermeture CRKT LCK + 3801"},"content":{"rendered":"<p><strong style=\"font-family: -apple-system, BlinkMacSystemFont, 'Segoe UI', Roboto, 'Helvetica Neue', Arial, 'Noto Sans', sans-serif, 'Apple Color Emoji', 'Segoe UI Emoji', 'Segoe UI Symbol', 'Noto Color Emoji';\">Couteau pliant CRKT LCK+ 3801<\/strong><\/p>\n<div class=\"flex-1 overflow-hidden @container\/thread\">\n<div class=\"h-full\">\n<div class=\"react-scroll-to-bottom--css-vxybp-79elbk h-full\">\n<div class=\"react-scroll-to-bottom--css-vxybp-1n7m0yu\">\n<div class=\"flex flex-col text-sm md:pb-9\">\n<article class=\"w-full scroll-mb-[var(--thread-trailing-height,150px)] text-token-text-primary focus-visible:outline-2 focus-visible:outline-offset-[-4px]\" dir=\"auto\" data-testid=\"conversation-turn-463\" data-scroll-anchor=\"true\">\n<div class=\"m-auto text-base py-[18px] px-3 md:px-4 w-full md:px-5 lg:px-4 xl:px-5\">\n<div class=\"mx-auto flex flex-1 gap-4 text-base md:gap-5 lg:gap-6 md:max-w-3xl\">\n<div class=\"group\/conversation-turn relative flex w-full min-w-0 flex-col agent-turn\">\n<div class=\"flex-col gap-1 md:gap-3\">\n<div class=\"flex max-w-full flex-col flex-grow\">\n<div class=\"min-h-8 text-message flex w-full flex-col items-end gap-2 whitespace-normal break-words text-start [.text-message+&amp;]:mt-5\" dir=\"auto\" data-message-author-role=\"assistant\" data-message-id=\"aef4849f-584c-45ea-851d-e4d75e9ddba5\" data-message-model-slug=\"gpt-4o-mini\">\n<div class=\"flex w-full flex-col gap-1 empty:hidden first:pt-[3px]\">\n<div class=\"markdown prose w-full break-words dark:prose-invert light\">\n<p><strong>Con\u00e7u par :<\/strong> Matthew Lerch, Sussex, Wisconsin<br \/>\n<strong>Style :<\/strong> Couteau pliant assist\u00e9 au design lin\u00e9aire<\/p>\n<p><strong>Le CRKT LCK+ 3801<\/strong> est un couteau pliant compact et puissant pour un transport quotidien, con\u00e7u en mettant l&rsquo;accent sur <strong>la vitesse et la fonctionnalit\u00e9<\/strong> . Ce mod\u00e8le est dot\u00e9 d&rsquo; <strong>une ouverture assist\u00e9e<\/strong> , qui assure <strong>un d\u00e9ploiement ultra-rapide de la lame<\/strong> avec un minimum d&rsquo;effort, ce qui en fait un choix id\u00e9al pour une utilisation quotidienne lorsqu&rsquo;une <strong>r\u00e9ponse rapide<\/strong> est importante. <\/p>\n<h3><strong>Principales caract\u00e9ristiques et avantages :<\/strong><\/h3>\n<h4>1. <strong>Ouverture assist\u00e9e :<\/strong><\/h4>\n<ul>\n<li><strong>L&rsquo;ouverture assist\u00e9e<\/strong> est le principal avantage de ce couteau. Une fois que <strong>vous \u00e9tendez partiellement la lame<\/strong> , <strong>un m\u00e9canisme s&rsquo;active automatiquement<\/strong> qui ouvre la lame <strong>\u00e0 une vitesse incroyable<\/strong> . Ce syst\u00e8me permet <strong>une ouverture simple et rapide<\/strong> d&rsquo;une seule main, le rendant id\u00e9al pour une utilisation imm\u00e9diate.  <\/li>\n<\/ul>\n<h4>2. <strong>Roulement \u00e0 billes IKBS\u2122 :<\/strong><\/h4>\n<ul>\n<li><strong>Le syst\u00e8me de roulement \u00e0 billes IKBS\u2122<\/strong> assure <strong>un mouvement fluide et fluide de la lame<\/strong> , minimisant la r\u00e9sistance lors de la rotation et permettant une ouverture rapide et efficace du couteau.<\/li>\n<\/ul>\n<h4>3. <strong>Conception compacte et l\u00e9g\u00e8re :<\/strong><\/h4>\n<ul>\n<li><strong>Longueur totale :<\/strong> 7,47&Prime; (189,71 mm)<\/li>\n<li><strong>Longueur de la lame :<\/strong> 3,31&Prime; (84,18 mm)<\/li>\n<li><strong>Poids :<\/strong> 2,40 oz. (68,04g)<\/li>\n<li>Ce couteau est <strong>l\u00e9ger et compact<\/strong> , ce qui signifie qu&rsquo;il est facile \u00e0 transporter dans votre poche sans ajouter de poids ou de volume inutile.<\/li>\n<\/ul>\n<h4>4. <strong>Lame en acier inoxydable 8Cr13MoV de haute qualit\u00e9 :<\/strong><\/h4>\n<ul>\n<li><strong>La lame en acier 8Cr13MoV<\/strong> est connue pour son <strong>bon \u00e9quilibre entre durabilit\u00e9 et capacit\u00e9 \u00e0 conserver un tranchant<\/strong> . La finition <strong>laqu\u00e9e satin\u00e9e<\/strong> conf\u00e8re \u00e0 la lame un aspect attrayant et aide \u00e0 lutter contre la corrosion et l&rsquo;usure. <\/li>\n<\/ul>\n<h4>5. <strong>Poign\u00e9e ergonomique en nylon renforc\u00e9 de verre :<\/strong><\/h4>\n<ul>\n<li><strong>Le manche en nylon renforc\u00e9 de verre<\/strong> offre <strong>une grande durabilit\u00e9<\/strong> et <strong>un poids l\u00e9ger<\/strong> , ce qui rend le couteau confortable \u00e0 transporter et \u00e0 utiliser.<\/li>\n<li><strong>Les rainures sur le manche<\/strong> offrent une meilleure <strong>prise en main<\/strong> , m\u00eame lorsque le couteau est mouill\u00e9, boueux ou huileux, ce qui augmente <strong>la s\u00e9curit\u00e9<\/strong> lors de l&rsquo;utilisation.<\/li>\n<\/ul>\n<h4>6. <strong>Liner Lock :<\/strong><\/h4>\n<ul>\n<li><strong>Liner Lock<\/strong> garantit que la lame est <strong>solidement verrouill\u00e9e<\/strong> pendant l&rsquo;utilisation. Ce m\u00e9canisme permet <strong>une ouverture et une fermeture<\/strong> faciles et pratiques du couteau d&rsquo;une seule main. <\/li>\n<\/ul>\n<h4>7. <strong>Design moderne et fonctionnel :<\/strong><\/h4>\n<ul>\n<li>Le couteau a <strong>une apparence \u00e9l\u00e9gante et lin\u00e9aire<\/strong> qui combine <strong>une fonctionnalit\u00e9 \u00e9lev\u00e9e<\/strong> avec <strong>un style minimaliste<\/strong> . La conception vise \u00e0 donner au couteau un aspect moderne tout en \u00e9tant aussi pratique que possible. <\/li>\n<\/ul>\n<h3><strong>Caract\u00e9ristiques:<\/strong><\/h3>\n<ul>\n<li><strong>Longueur de la lame :<\/strong> 3,31&Prime; (84,18 mm)<\/li>\n<li><strong>Bordure :<\/strong> lisse<\/li>\n<li><strong>Acier de la lame :<\/strong> 8Cr13MoV<\/li>\n<li><strong>Finition de la lame :<\/strong> Satin\u00e9e<\/li>\n<li><strong>\u00c9paisseur de la lame :<\/strong> 0,13&Prime; (3,23 mm)<\/li>\n<li><strong>Longueur totale :<\/strong> 7,47&Prime; (189,71 mm)<\/li>\n<li><strong>Longueur ferm\u00e9e :<\/strong> 4,16&Prime; (105,66 mm)<\/li>\n<li><strong>Poids :<\/strong> 2,40 oz. (68,04g)<\/li>\n<li><strong>Poign\u00e9e :<\/strong> Nylon renforc\u00e9 de verre<\/li>\n<li><strong>Style :<\/strong> Couteau pliant assist\u00e9 avec Liner Lock<\/li>\n<\/ul>\n<h3><strong>Utiliser:<\/strong><\/h3>\n<ul>\n<li><strong>Couteau de poche de transport quotidien (EDC) :<\/strong> sa taille compacte et son ouverture rapide rendent ce couteau id\u00e9al pour une utilisation quotidienne. Qu&rsquo;il s&rsquo;agisse d&rsquo;ouvrir une enveloppe, de couper du mat\u00e9riel d&#8217;emballage ou de toute autre t\u00e2che courante, le LCK+ vous permettra de travailler rapidement et efficacement. <\/li>\n<li><strong>Situations d&rsquo;urgence :<\/strong> Avec une ouverture assist\u00e9e et un m\u00e9canisme fluide, ce couteau est id\u00e9al pour une action rapide en cas d&rsquo;urgence.<\/li>\n<li><strong>Activit\u00e9s de plein air :<\/strong> Gr\u00e2ce \u00e0 sa poign\u00e9e durable et \u00e0 sa taille pratique, il est id\u00e9al pour une utilisation dans la nature, en camping, \u00e0 la p\u00eache ou en randonn\u00e9e.<\/li>\n<\/ul>\n<h3><strong>Conclusion:<\/strong><\/h3>\n<p><strong>Le CRKT LCK+ 3801<\/strong> est le couteau pliant id\u00e9al pour ceux qui recherchent <strong>vitesse, l\u00e9g\u00e8ret\u00e9 et fiabilit\u00e9<\/strong> . Dot\u00e9 d&rsquo;une ouverture assist\u00e9e, d&rsquo;une lame de qualit\u00e9 et d&rsquo;un design \u00e9l\u00e9gant, c&rsquo;est l&rsquo;outil parfait pour un usage quotidien, alliant sans compromis <strong>fonctionnalit\u00e9 et style<\/strong> . Que vous l&rsquo;utilisiez pour des t\u00e2ches quotidiennes ou dans des situations o\u00f9 vous avez besoin d&rsquo;une r\u00e9ponse rapide et s\u00fbre, le LCK+ ne vous manquera pas.  <\/p>\n<\/div>\n<\/div>\n<\/div>\n<\/div>\n<div class=\"mb-2 flex gap-3 empty:hidden -ml-2\">\n<div class=\"items-center justify-start rounded-xl p-1 flex\">\n<div class=\"flex items-center\"><\/div>\n<\/div>\n<\/div>\n<div class=\"pr-2 lg:pr-0\"><\/div>\n<\/div>\n<\/div>\n<\/div>\n<\/div>\n<\/article>\n<\/div>\n<\/div>\n<\/div>\n<\/div>\n<\/div>\n<p><iframe title=\"CRKT LCK+ | Matthew Lerch Design\" width=\"800\" height=\"450\" src=\"https:\/\/www.youtube.com\/embed\/xP_OCzLOsWA?feature=oembed\" frameborder=\"0\" allow=\"accelerometer; autoplay; clipboard-write; encrypted-media; gyroscope; picture-in-picture; web-share\" referrerpolicy=\"strict-origin-when-cross-origin\" allowfullscreen><\/iframe><\/p>\n<p>&nbsp;<\/p>\n","protected":false},"excerpt":{"rendered":"<div class=\"flex max-w-full flex-col flex-grow\">\n<div class=\"min-h-8 text-message flex w-full flex-col items-end gap-2 whitespace-normal break-words text-start [.text-message+&amp;]:mt-5\" dir=\"auto\" data-message-author-role=\"assistant\" data-message-id=\"aef4849f-584c-45ea-851d-e4d75e9ddba5\" data-message-model-slug=\"gpt-4o-mini\">\n<div class=\"flex w-full flex-col gap-1 empty:hidden first:pt-[3px]\">\n<div class=\"markdown prose w-full break-words dark:prose-invert light\">\n<p><strong>Le CRKT LCK+ 3801 est le couteau pliant id\u00e9al pour ceux qui recherchent vitesse, l\u00e9g\u00e8ret\u00e9 et fiabilit\u00e9. Dot\u00e9 d&rsquo;une ouverture assist\u00e9e, d&rsquo;une lame de qualit\u00e9 et d&rsquo;un design \u00e9l\u00e9gant, c&rsquo;est l&rsquo;outil parfait pour un usage quotidien, alliant sans compromis fonctionnalit\u00e9 et style. Que vous l&rsquo;utilisiez pour des t\u00e2ches quotidiennes ou dans des situations o\u00f9 vous avez besoin d&rsquo;une r\u00e9ponse rapide et s\u00fbre, le LCK+ ne vous manquera pas.  <\/strong><\/p>\n<\/div>\n<\/div>\n<\/div>\n<\/div>\n<div class=\"mb-2 flex gap-3 empty:hidden -ml-2\">\n<div class=\"items-center justify-start rounded-xl p-1 flex\">\n<div class=\"flex items-center\"><\/div>\n<\/div>\n<\/div>\n","protected":false},"featured_media":333629,"comment_status":"open","ping_status":"closed","template":"","meta":[],"pwb-brand":[3762],"product_brand":[],"product_cat":[3700,3696],"product_tag":[3754],"class_list":{"0":"post-333628","1":"product","2":"type-product","3":"status-publish","4":"has-post-thumbnail","6":"pwb-brand-crkt-fr","7":"product_cat-couteaux-de-fermeture","8":"product_cat-des-couteaux","9":"product_tag-b2b-fr","11":"first","12":"instock","13":"taxable","14":"shipping-taxable","15":"purchasable","16":"product-type-simple"},"brands":[{"id":3762,"name":"CRKT","slug":"crkt-fr"}],"_links":{"self":[{"href":"https:\/\/www.moskito.cz\/fr\/wp-json\/wp\/v2\/product\/333628","targetHints":{"allow":["GET"]}}],"collection":[{"href":"https:\/\/www.moskito.cz\/fr\/wp-json\/wp\/v2\/product"}],"about":[{"href":"https:\/\/www.moskito.cz\/fr\/wp-json\/wp\/v2\/types\/product"}],"replies":[{"embeddable":true,"href":"https:\/\/www.moskito.cz\/fr\/wp-json\/wp\/v2\/comments?post=333628"}],"wp:featuredmedia":[{"embeddable":true,"href":"https:\/\/www.moskito.cz\/fr\/wp-json\/wp\/v2\/media\/333629"}],"wp:attachment":[{"href":"https:\/\/www.moskito.cz\/fr\/wp-json\/wp\/v2\/media?parent=333628"}],"wp:term":[{"taxonomy":"pwb-brand","embeddable":true,"href":"https:\/\/www.moskito.cz\/fr\/wp-json\/wp\/v2\/pwb-brand?post=333628"},{"taxonomy":"product_brand","embeddable":true,"href":"https:\/\/www.moskito.cz\/fr\/wp-json\/wp\/v2\/product_brand?post=333628"},{"taxonomy":"product_cat","embeddable":true,"href":"https:\/\/www.moskito.cz\/fr\/wp-json\/wp\/v2\/product_cat?post=333628"},{"taxonomy":"product_tag","embeddable":true,"href":"https:\/\/www.moskito.cz\/fr\/wp-json\/wp\/v2\/product_tag?post=333628"}],"curies":[{"name":"wp","href":"https:\/\/api.w.org\/{rel}","templated":true}]}}