{"id":333719,"date":"2024-04-16T23:09:11","date_gmt":"2024-04-16T22:11:05","guid":{"rendered":"https:\/\/www.moskito.cz\/produkt\/couteau-damas-crkt-edition-limitee-walker-fortuitous-4015\/"},"modified":"2025-05-07T11:11:35","modified_gmt":"2025-05-07T10:11:35","slug":"couteau-damas-crkt-edition-limitee-walker-fortuitous-4015","status":"publish","type":"product","link":"https:\/\/www.moskito.cz\/fr\/produkt\/couteau-damas-crkt-edition-limitee-walker-fortuitous-4015\/","title":{"rendered":"Couteau Damas CRKT \u00c9dition Limit\u00e9e Walker Fortuitous 4015"},"content":{"rendered":"<p>Couteau Damas <strong>CRKT<\/strong> \u00c9dition Limit\u00e9e Walker Fortuitous 4015.<\/p>\n<p>Du c\u00e9l\u00e8bre coutelier sur mesure Michael Walker vient Fortuitous\u2122, une paire de scies sauteuses en \u00e9dition limit\u00e9e fabriqu\u00e9es en Italie en collaboration avec Lionsteel\u00ae. Ce mod\u00e8le est dot\u00e9 d&rsquo;une lame Rose\u2122 Damasteel\u00ae pour des performances de coupe sup\u00e9rieures et une apparence saisissante, avec un manche en titane pour une r\u00e9sistance l\u00e9g\u00e8re. Fini dans une floraison de d\u00e9tails artistiques qui \u00e9voquent les propres cr\u00e9ations de Michael. Aussi beau que rare.<br \/>\nMat\u00e9riaux haut de gamme&nbsp;: Rose\u2122 Damasteel\u00ae pour des performances de coupe sup\u00e9rieures<br \/>\nOuverture en douceur : L&rsquo;axe \u00e0 roulement \u00e0 billes IKBS\u2122 d\u00e9ploie la lame en douceur<br \/>\nOuverture rapide : Flipper d\u00e9plie rapidement la lame<br \/>\nFacile \u00e0 fermer : Le verrou d&rsquo;insertion peut \u00eatre facilement ferm\u00e9 d&rsquo;une seule main<br \/>\nSolide et l\u00e9ger : le manche en titane allie r\u00e9sistance et poids minimal<br \/>\nProfil bas&nbsp;: le clip de transport profond se glisse profond\u00e9ment dans votre poche<\/p>\n<p>Lame Acier Damas<br \/>\nBord de lame uni<br \/>\nTraitement de surface de la lame de gravure \u00e0 l&rsquo;acide<\/p>\n<p>Longueur de la lame : 8,91 cm<br \/>\n\u00c9paisseur de la lame 0,34 cm<br \/>\nLongueur totale : 20,7 cm<br \/>\nLongueur ferm\u00e9 : 11,89 cm<br \/>\nPoids 3,80 onces. (107,73g)<\/p>\n<p><iframe title=\"CRKT Fortuitous | Michael Walker Design\" width=\"800\" height=\"450\" src=\"https:\/\/www.youtube.com\/embed\/t2nwvKVT7GU?feature=oembed\" frameborder=\"0\" allow=\"accelerometer; autoplay; clipboard-write; encrypted-media; gyroscope; picture-in-picture; web-share\" referrerpolicy=\"strict-origin-when-cross-origin\" allowfullscreen><\/iframe><\/p>\n<p>&nbsp;<\/p>\n","protected":false},"excerpt":{"rendered":"<p>DESIGNER<br \/>\nMichael Walker<br \/>\nTaos, Nouveau Mexique<br \/>\nIntronis\u00e9 au Temple de la renomm\u00e9e du magazine Blade en 2004 et reconnu pour avoir invent\u00e9 plus de 20 m\u00e9canismes de couteaux, dont le liner lock moderne, Michael Walker est une force dans le monde des couteaux personnalis\u00e9s ultra haut de gamme. D&rsquo;abord bijoutier, il s&rsquo;est ensuite d\u00e9couvert une profonde passion pour les couteaux pliants, attir\u00e9 par la combinaison de l&rsquo;ing\u00e9nierie, du design industriel et de l&rsquo;expression artistique. Ses formes frappantes et ses designs \u00e9labor\u00e9s sont imm\u00e9diatement reconnaissables, et apr\u00e8s des d\u00e9cennies d&rsquo;activit\u00e9, il reste l&rsquo;un des noms les plus reconnus en mati\u00e8re de coutellerie.<\/p>\n","protected":false},"featured_media":333661,"comment_status":"open","ping_status":"closed","template":"","meta":[],"pwb-brand":[3762],"product_brand":[],"product_cat":[3760,3696],"product_tag":[3754],"class_list":{"0":"post-333719","1":"product","2":"type-product","3":"status-publish","4":"has-post-thumbnail","6":"pwb-brand-crkt-fr","7":"product_cat-couteaux-damasquines","8":"product_cat-des-couteaux","9":"product_tag-b2b-fr","11":"first","12":"instock","13":"taxable","14":"shipping-taxable","15":"purchasable","16":"product-type-simple"},"brands":[{"id":3762,"name":"CRKT","slug":"crkt-fr"}],"_links":{"self":[{"href":"https:\/\/www.moskito.cz\/fr\/wp-json\/wp\/v2\/product\/333719","targetHints":{"allow":["GET"]}}],"collection":[{"href":"https:\/\/www.moskito.cz\/fr\/wp-json\/wp\/v2\/product"}],"about":[{"href":"https:\/\/www.moskito.cz\/fr\/wp-json\/wp\/v2\/types\/product"}],"replies":[{"embeddable":true,"href":"https:\/\/www.moskito.cz\/fr\/wp-json\/wp\/v2\/comments?post=333719"}],"wp:featuredmedia":[{"embeddable":true,"href":"https:\/\/www.moskito.cz\/fr\/wp-json\/wp\/v2\/media\/333661"}],"wp:attachment":[{"href":"https:\/\/www.moskito.cz\/fr\/wp-json\/wp\/v2\/media?parent=333719"}],"wp:term":[{"taxonomy":"pwb-brand","embeddable":true,"href":"https:\/\/www.moskito.cz\/fr\/wp-json\/wp\/v2\/pwb-brand?post=333719"},{"taxonomy":"product_brand","embeddable":true,"href":"https:\/\/www.moskito.cz\/fr\/wp-json\/wp\/v2\/product_brand?post=333719"},{"taxonomy":"product_cat","embeddable":true,"href":"https:\/\/www.moskito.cz\/fr\/wp-json\/wp\/v2\/product_cat?post=333719"},{"taxonomy":"product_tag","embeddable":true,"href":"https:\/\/www.moskito.cz\/fr\/wp-json\/wp\/v2\/product_tag?post=333719"}],"curies":[{"name":"wp","href":"https:\/\/api.w.org\/{rel}","templated":true}]}}