{"id":333742,"date":"2021-09-14T21:23:58","date_gmt":"2021-09-14T20:23:58","guid":{"rendered":"https:\/\/www.moskito.cz\/produkt\/couteau-de-tir-sog-tac-tini-tanto-auto\/"},"modified":"2025-12-30T14:46:08","modified_gmt":"2025-12-30T13:46:08","slug":"couteau-de-tir-sog-tac-tini-tanto-auto","status":"publish","type":"product","link":"https:\/\/www.moskito.cz\/fr\/produkt\/couteau-de-tir-sog-tac-tini-tanto-auto\/","title":{"rendered":"Couteau de tir SOG TAC TINI Tanto AUTO"},"content":{"rendered":"<p>Couteau de tir SOG TAC TINI Tanto AUTO.<\/p>\n<p>Le SOG automatique original, SOG-TAC, jouit de la confiance des LEO de tout le pays. Construit \u00e0 partir d&rsquo;aluminium AUS-8 et 6061-T6, le SOG-TAC pr\u00e9sente une adh\u00e9rence am\u00e9lior\u00e9e pour une adh\u00e9rence maximale, ce qui le rend id\u00e9al pour l&rsquo;auto-d\u00e9fense. Durable et rapide \u00e0 ouvrir, le SOG-TAC est un automatique fiable pour les situations les plus exigeantes.<\/p>\n<p>LONGUEUR TOTALE : 20.32 cm<br \/>\nLONGUEUR FERMEE : 11.43 cm<br \/>\nPOIDS DU PRODUIT : 3.80 oz<br \/>\nLONGUEUR DE LA BOUTEILLE : 9 cm<br \/>\nLIGNE DE PRODUIT : SOG-TAC Auto<br \/>\nMECANISME DE VERROUILLAGE : Automatique<br \/>\nMECANISME D&rsquo;OUVERTURE : Automatique<br \/>\nTYPE DE CAPS DE CEINTURE : R\u00e9versible Low-Carry<br \/>\nFINISH : Hardcased Black TiNi<br \/>\nTYPE DE MANCHE : Partiellement dentel\u00e9<br \/>\nTYPE DE BOUTEILLE ACIER : AUS-8<br \/>\nFORME DE BOUTEILLE : Tanto<br \/>\nT\u00e9nacit\u00e9 : RC 57-58<br \/>\nMAT\u00c9RIAU DU MANCHE : Aluminium anodis\u00e9 6061-T6<br \/>\nCOULEUR DU MANCHE : Noir<\/p>\n<p>Le SOG automatique original, le SOG-TAC, jouit de la confiance des LEO de tout le pays. Fabriqu\u00e9 \u00e0 partir d&rsquo;aluminium AUS-8 et 6061-T6, le SOG-TAC est dot\u00e9 d&rsquo;une poign\u00e9e profil\u00e9e pour une adh\u00e9rence maximale, ce qui le rend id\u00e9al pour l&rsquo;auto-d\u00e9fense. Durable et rapide \u00e0 ouvrir, SOG-TAC est un automatique fiable pour les situations les plus difficiles.<\/p>\n<p>LONGUEUR TOTALE<br \/>\n8&Prime;<br \/>\nLONGUEUR FERM\u00c9E<br \/>\n4,5&Prime;<br \/>\nPOIDS DU PRODUIT<br \/>\n3,80 onces<br \/>\nLONGUEUR DE LA LAME<br \/>\n3,5&Prime;<br \/>\nCUP<br \/>\n7-29857-99123-0<br \/>\nFAMILLE DE PRODUITS<br \/>\nVoiture SOG-TAC<br \/>\nTYPE DE PRODUIT<br \/>\nCouteau pliant<br \/>\nM\u00c9CANISME DE VERROUILLAGE<br \/>\nAutomatique<br \/>\nM\u00c9CANISME D&rsquo;OUVERTURE<br \/>\nAutomatique<br \/>\nTYPE DE CLIP DE CEINTURE<br \/>\nR\u00e9versible \u00e0 faible portage<br \/>\nEMBALLAGE<br \/>\nCoffret de Pr\u00e9sentation<br \/>\nFINITION<br \/>\nTiNi noir rigide<br \/>\nTYPE DE BORD<br \/>\nPartiellement dentel\u00e9<br \/>\nTYPE DE LAME EN ACIER<br \/>\nAUS-8<br \/>\nFORME DE LA LAME<br \/>\nTanto<br \/>\nDURETE<br \/>\nRc. 57-58<br \/>\nMATI\u00c8RE DU MANCHE<br \/>\nAluminium anodis\u00e9 6061-T6<br \/>\nCOULEUR DU MANCHE<br \/>\nNoir<\/p>\n","protected":false},"excerpt":{"rendered":"<p>Que vous prot\u00e9giez d&rsquo;autres personnes ou que vous meniez une exp\u00e9dition de chasse \u00e9pique, que vous vous attaquiez \u00e0 l&rsquo;un des d\u00e9fis quotidiens de la vie ou que vous fassiez face aux conditions les plus extr\u00eames, faites votre chemin avec <strong>SOG<\/strong>.<\/p>\n<p><strong>Tous les couteaux SOG sont garantis \u00e0 vie !<\/strong><\/p>\n","protected":false},"featured_media":333744,"comment_status":"open","ping_status":"closed","template":"","meta":[],"pwb-brand":[3849],"product_brand":[],"product_cat":[3699,3696],"product_tag":[3754],"class_list":{"0":"post-333742","1":"product","2":"type-product","3":"status-publish","4":"has-post-thumbnail","6":"pwb-brand-sog-fr","7":"product_cat-couteaux-de-tir","8":"product_cat-des-couteaux","9":"product_tag-b2b-fr","11":"first","12":"instock","13":"taxable","14":"shipping-taxable","15":"purchasable","16":"product-type-simple"},"brands":[{"id":3849,"name":"SOG","slug":"sog-fr"}],"_links":{"self":[{"href":"https:\/\/www.moskito.cz\/fr\/wp-json\/wp\/v2\/product\/333742","targetHints":{"allow":["GET"]}}],"collection":[{"href":"https:\/\/www.moskito.cz\/fr\/wp-json\/wp\/v2\/product"}],"about":[{"href":"https:\/\/www.moskito.cz\/fr\/wp-json\/wp\/v2\/types\/product"}],"replies":[{"embeddable":true,"href":"https:\/\/www.moskito.cz\/fr\/wp-json\/wp\/v2\/comments?post=333742"}],"wp:featuredmedia":[{"embeddable":true,"href":"https:\/\/www.moskito.cz\/fr\/wp-json\/wp\/v2\/media\/333744"}],"wp:attachment":[{"href":"https:\/\/www.moskito.cz\/fr\/wp-json\/wp\/v2\/media?parent=333742"}],"wp:term":[{"taxonomy":"pwb-brand","embeddable":true,"href":"https:\/\/www.moskito.cz\/fr\/wp-json\/wp\/v2\/pwb-brand?post=333742"},{"taxonomy":"product_brand","embeddable":true,"href":"https:\/\/www.moskito.cz\/fr\/wp-json\/wp\/v2\/product_brand?post=333742"},{"taxonomy":"product_cat","embeddable":true,"href":"https:\/\/www.moskito.cz\/fr\/wp-json\/wp\/v2\/product_cat?post=333742"},{"taxonomy":"product_tag","embeddable":true,"href":"https:\/\/www.moskito.cz\/fr\/wp-json\/wp\/v2\/product_tag?post=333742"}],"curies":[{"name":"wp","href":"https:\/\/api.w.org\/{rel}","templated":true}]}}