{"id":333770,"date":"2023-07-02T20:22:57","date_gmt":"2024-04-17T07:36:26","guid":{"rendered":"https:\/\/www.moskito.cz\/produkt\/couteau-pliant-spyderco-dragonfly-2-c28pbk2\/"},"modified":"2024-04-17T08:36:26","modified_gmt":"2024-04-17T07:36:26","slug":"couteau-pliant-spyderco-dragonfly-2-c28pbk2","status":"publish","type":"product","link":"https:\/\/www.moskito.cz\/fr\/produkt\/couteau-pliant-spyderco-dragonfly-2-c28pbk2\/","title":{"rendered":"Couteau pliant Spyderco Dragonfly 2 C28PBK2"},"content":{"rendered":"<p>Couteau pliant <strong>Spyderco<\/strong> Dragonfly 2 C28PBK2<\/p>\n<p>CQI \u2013 Am\u00e9lioration continue de la qualit\u00e9 est le processus utilis\u00e9 par <strong>Spyderco<\/strong> pour \u00e9valuer et am\u00e9liorer les mod\u00e8les de couteaux \u00e9tablis de longue date. Parfois, les changements CQI sont importants et perceptibles, parfois il s\u2019agit d\u2019am\u00e9liorations plus modestes. Nous avons r\u00e9cemment appliqu\u00e9 CQI au classique Dragonfly et cr\u00e9\u00e9 le nouveau Dragonfly 2. Dragonfly 2 am\u00e9liore certaines fonctionnalit\u00e9s notables par rapport \u00e0 la version classique tout en conservant des principes fondamentaux importants.<\/p>\n<p>Les caract\u00e9ristiques qui se retrouvent dans la nouvelle version incluent la lame de taille moyenne \u00e9prouv\u00e9e et la poign\u00e9e ergonomique, ainsi qu&rsquo;une fixation pour l&rsquo;index et le dos. En conservant \u00e9galement la g\u00e9om\u00e9trie entre la lame et le manche ainsi que les points de levier qui permettent au Dragonfly de couper et de donner l&rsquo;impression d&rsquo;\u00eatre un couteau beaucoup plus grand lorsqu&rsquo;il est tenu.<\/p>\n<p>Les nouvelles am\u00e9liorations incluent&nbsp;: l&rsquo;ajout d&rsquo;une boucle m\u00e9tallique rabattable gauche\/droite, une texture bidirectionnelle brevet\u00e9e sur la poign\u00e9e, un choil et un jimping de la colonne vert\u00e9brale, et une construction de poign\u00e9e boulonn\u00e9e. La lame est toujours du VG-10 haut de gamme, maintenant dans une \u00e9mouture plate haute performance.<\/p>\n<p>La position du trou rond \u00e9vas\u00e9 Spyderco par rapport \u00e0 la goupille permet une ouverture en douceur, et la poign\u00e9e FRN (Nylon renforc\u00e9 de fibres de verre) s&rsquo;adapte de mani\u00e8re ergonomique \u00e0 la main avec une vari\u00e9t\u00e9 d&rsquo;angles de pr\u00e9hension et de points de levier.<\/p>\n<p>Caract\u00e9ristiques:<br \/>\nLongueur de la lame : 5,8 cm<br \/>\n\u00c9paisseur de la lame : 0,25 cm<br \/>\nLongueur totale : 13,8 cm<br \/>\nLongueur ferm\u00e9 : 8,2 cm<br \/>\nAcier de la lame : VG-10<br \/>\nPoids : 1,2 onces. (33g)<br \/>\nMat\u00e9riau du manche : FRN<br \/>\nFabriqu\u00e9 \u00e0 Seki-City, Japon<\/p>\n","protected":false},"excerpt":{"rendered":"<p><strong>CQI \u2013 Am\u00e9lioration continue de la qualit\u00e9 est le processus utilis\u00e9 par Spyderco pour \u00e9valuer et am\u00e9liorer les mod\u00e8les de couteaux \u00e9tablis de longue date.<\/strong><\/p>\n","protected":false},"featured_media":333771,"comment_status":"open","ping_status":"closed","template":"","meta":[],"pwb-brand":[3778],"product_brand":[],"product_cat":[3700,3696],"product_tag":[3754],"class_list":{"0":"post-333770","1":"product","2":"type-product","3":"status-publish","4":"has-post-thumbnail","6":"pwb-brand-spyderco-fr","7":"product_cat-couteaux-de-fermeture","8":"product_cat-des-couteaux","9":"product_tag-b2b-fr","11":"first","12":"instock","13":"taxable","14":"shipping-taxable","15":"purchasable","16":"product-type-simple"},"brands":[{"id":3778,"name":"Spyderco","slug":"spyderco-fr"}],"_links":{"self":[{"href":"https:\/\/www.moskito.cz\/fr\/wp-json\/wp\/v2\/product\/333770","targetHints":{"allow":["GET"]}}],"collection":[{"href":"https:\/\/www.moskito.cz\/fr\/wp-json\/wp\/v2\/product"}],"about":[{"href":"https:\/\/www.moskito.cz\/fr\/wp-json\/wp\/v2\/types\/product"}],"replies":[{"embeddable":true,"href":"https:\/\/www.moskito.cz\/fr\/wp-json\/wp\/v2\/comments?post=333770"}],"wp:featuredmedia":[{"embeddable":true,"href":"https:\/\/www.moskito.cz\/fr\/wp-json\/wp\/v2\/media\/333771"}],"wp:attachment":[{"href":"https:\/\/www.moskito.cz\/fr\/wp-json\/wp\/v2\/media?parent=333770"}],"wp:term":[{"taxonomy":"pwb-brand","embeddable":true,"href":"https:\/\/www.moskito.cz\/fr\/wp-json\/wp\/v2\/pwb-brand?post=333770"},{"taxonomy":"product_brand","embeddable":true,"href":"https:\/\/www.moskito.cz\/fr\/wp-json\/wp\/v2\/product_brand?post=333770"},{"taxonomy":"product_cat","embeddable":true,"href":"https:\/\/www.moskito.cz\/fr\/wp-json\/wp\/v2\/product_cat?post=333770"},{"taxonomy":"product_tag","embeddable":true,"href":"https:\/\/www.moskito.cz\/fr\/wp-json\/wp\/v2\/product_tag?post=333770"}],"curies":[{"name":"wp","href":"https:\/\/api.w.org\/{rel}","templated":true}]}}