{"id":333801,"date":"2023-07-03T12:18:29","date_gmt":"2023-07-03T11:18:29","guid":{"rendered":"https:\/\/www.moskito.cz\/produkt\/couteau-pliant-spyderco-dragonfly-2-salt-c28pyl2\/"},"modified":"2025-05-07T11:11:39","modified_gmt":"2025-05-07T10:11:39","slug":"couteau-pliant-spyderco-dragonfly-2-salt-c28pyl2","status":"publish","type":"product","link":"https:\/\/www.moskito.cz\/fr\/produkt\/couteau-pliant-spyderco-dragonfly-2-salt-c28pyl2\/","title":{"rendered":"Couteau pliant Spyderco Dragonfly 2 Salt C28PYL2"},"content":{"rendered":"<p>Couteau pliant <strong>Spyderco<\/strong> Dragonfly 2 Salt C28PYL2<\/p>\n<p>Le Spyderco Dragonfly 2 est d\u00e9sormais propos\u00e9 avec une option de lame H2 ultra r\u00e9sistante \u00e0 la rouille, appel\u00e9e Dragonfly 2 Salt. Ce qui fait du Dragonfly un best-seller, c&rsquo;est sa lame de taille moyenne, son manche ergonomique avec une d\u00e9coupe pour l&rsquo;index et sa bosse dorsale. Sa g\u00e9om\u00e9trie lame-poign\u00e9e et ses points de levier remplissent la main de pr\u00e9hension, donnant l&rsquo;impression de couper avec un couteau beaucoup plus grand. La poign\u00e9e FRN (Nylon renforc\u00e9 de fibre de verre) est sculpt\u00e9e avec un motif de poign\u00e9e appel\u00e9 Texturation bidirectionnelle qui remplit ergonomiquement la main avec une vari\u00e9t\u00e9 d&rsquo;angles et de points de levier et est disponible en jaune marine.<\/p>\n<p>L&rsquo;ajout d&rsquo;un passepoil textur\u00e9 sur le choil, le dos et la poign\u00e9e \u00e0 visser ainsi que d&rsquo;un clip m\u00e9tallique pliable gauche\/droite permettent un transport de poche facile et confortable. Le placement pr\u00e9cis par Spyderco du trou rond \u00e9vas\u00e9 par rapport \u00e0 la goupille permet une ouverture\/fermeture en douceur. La meule creuse pour des performances de coupe \u00e9lev\u00e9es est disponible en configuration PlainEdge ou SpyderEdge.<br \/>\nFonction<\/p>\n<p>Clip m\u00e9tallique rabattable gauche\/droite<br \/>\nDavid Boye Dent<br \/>\nSpyderco \u00e0 al\u00e9sage rond de 11 mm<br \/>\nPoign\u00e9es bidirectionnelles avec texture FRN<br \/>\nColonne vert\u00e9brale, choil et poign\u00e9e jimping<br \/>\nLame en forme de feuille, aff\u00fbt\u00e9e \u00e0 plat<\/p>\n<p>Caract\u00e9ristiques<\/p>\n<p>Longueur de la lame : <span id=\"cwos\" class=\"qv3Wpe\">5,62 cm<\/span><br \/>\nLongueur ferm\u00e9 : <span id=\"cwos\" class=\"qv3Wpe\">8,27 cm<\/span><br \/>\nLongueur totale : 14 cm<br \/>\nAcier : Acier H2 ultra r\u00e9sistant \u00e0 la corrosion<br \/>\nPoids : 1,2 onces. (34g)<br \/>\nFabriqu\u00e9 au Japon<\/p>\n<p>&nbsp;<\/p>\n","protected":false},"excerpt":{"rendered":"<p><strong>Le Spyderco Dragonfly 2 est d\u00e9sormais propos\u00e9 avec une option de lame H2 ultra r\u00e9sistante \u00e0 la rouille, appel\u00e9e Dragonfly 2 Salt.<\/strong><\/p>\n","protected":false},"featured_media":333802,"comment_status":"open","ping_status":"closed","template":"","meta":[],"pwb-brand":[3778],"product_brand":[],"product_cat":[3700,3696],"product_tag":[3754],"class_list":{"0":"post-333801","1":"product","2":"type-product","3":"status-publish","4":"has-post-thumbnail","6":"pwb-brand-spyderco-fr","7":"product_cat-couteaux-de-fermeture","8":"product_cat-des-couteaux","9":"product_tag-b2b-fr","11":"first","12":"instock","13":"taxable","14":"shipping-taxable","15":"purchasable","16":"product-type-simple"},"brands":[{"id":3778,"name":"Spyderco","slug":"spyderco-fr"}],"_links":{"self":[{"href":"https:\/\/www.moskito.cz\/fr\/wp-json\/wp\/v2\/product\/333801","targetHints":{"allow":["GET"]}}],"collection":[{"href":"https:\/\/www.moskito.cz\/fr\/wp-json\/wp\/v2\/product"}],"about":[{"href":"https:\/\/www.moskito.cz\/fr\/wp-json\/wp\/v2\/types\/product"}],"replies":[{"embeddable":true,"href":"https:\/\/www.moskito.cz\/fr\/wp-json\/wp\/v2\/comments?post=333801"}],"wp:featuredmedia":[{"embeddable":true,"href":"https:\/\/www.moskito.cz\/fr\/wp-json\/wp\/v2\/media\/333802"}],"wp:attachment":[{"href":"https:\/\/www.moskito.cz\/fr\/wp-json\/wp\/v2\/media?parent=333801"}],"wp:term":[{"taxonomy":"pwb-brand","embeddable":true,"href":"https:\/\/www.moskito.cz\/fr\/wp-json\/wp\/v2\/pwb-brand?post=333801"},{"taxonomy":"product_brand","embeddable":true,"href":"https:\/\/www.moskito.cz\/fr\/wp-json\/wp\/v2\/product_brand?post=333801"},{"taxonomy":"product_cat","embeddable":true,"href":"https:\/\/www.moskito.cz\/fr\/wp-json\/wp\/v2\/product_cat?post=333801"},{"taxonomy":"product_tag","embeddable":true,"href":"https:\/\/www.moskito.cz\/fr\/wp-json\/wp\/v2\/product_tag?post=333801"}],"curies":[{"name":"wp","href":"https:\/\/api.w.org\/{rel}","templated":true}]}}