{"id":333821,"date":"2023-07-02T19:33:41","date_gmt":"2024-04-17T07:44:25","guid":{"rendered":"https:\/\/www.moskito.cz\/produkt\/spyderco-dragonfly-2-emerson-opener-c28pgyw2-couteau-de-fermeture\/"},"modified":"2025-05-07T11:11:39","modified_gmt":"2025-05-07T10:11:39","slug":"spyderco-dragonfly-2-emerson-opener-c28pgyw2-couteau-de-fermeture","status":"publish","type":"product","link":"https:\/\/www.moskito.cz\/fr\/produkt\/spyderco-dragonfly-2-emerson-opener-c28pgyw2-couteau-de-fermeture\/","title":{"rendered":"Spyderco Dragonfly 2 Emerson Opener C28PGYW2 Couteau de fermeture"},"content":{"rendered":"<p><strong>Spyderco<\/strong> Dragonfly 2 Emerson Opener C28PGYW2 Couteau de fermeture<\/p>\n<p>L\u2019un des inconv\u00e9nients des couteaux compacts est qu\u2019il est un peu plus difficile de les ouvrir d\u2019une seule main. Le Dragonfly 2 Emerson Opener r\u00e9sout ce probl\u00e8me en mettant \u00e0 niveau le populaire ouvreur Dragonfly 2 Lightweight avec l&rsquo;Emerson Opener &#8211; un crochet int\u00e9gr\u00e9 qui attrape le haut de la poche et ouvre automatiquement la lame lorsque le couteau est tir\u00e9. Dot\u00e9e de la poign\u00e9e gris fonc\u00e9 embl\u00e9matique de FRN avec une texture bidirectionnelle antid\u00e9rapante, cette version haute vitesse du Dragonfly 2 int\u00e8gre fi\u00e8rement toutes les autres caract\u00e9ristiques d\u00e9terminantes de ce mod\u00e8le populaire. Remarque : Spyderco appelle cela une poign\u00e9e FRN gris fonc\u00e9, mais l&rsquo;aspect r\u00e9el est plut\u00f4t bleu fonc\u00e9.<\/p>\n<p>Ouverture d&rsquo;Emerson<\/p>\n<p>Ernest Emerson a eu un impact profond sur l&rsquo;industrie du couteau ainsi que sur la forme et la fonction du couteau pliant tactique moderne. Bien que l&rsquo;\u00e9tendue de son influence soit extr\u00eamement large, son innovation la plus r\u00e9volutionnaire fut peut-\u00eatre l'\u00a0\u00bbEmerson Opener\u00a0\u00bb. \u00c9galement connu sous le nom de \u00ab Wave Feature \u00bb ou plus famili\u00e8rement \u2013 \u200b\u200bet de mani\u00e8re impr\u00e9cise \u2013 \u00ab Wave \u00bb, il se compose d\u2019un petit crochet int\u00e9gr\u00e9 au dos de la lame du couteau pliant. Lorsque le couteau ferm\u00e9 est inclin\u00e9 et retir\u00e9 de la poche, le crochet s&rsquo;accroche au bord de la poche et fait pivoter rapidement la lame en position ouverte. Si vous devez utiliser votre couteau de poche rapidement, l&rsquo;Emerson Opener est votre choix le plus rapide.<\/p>\n<p>Le chemin du couteau d&rsquo;Ernest Emerson<\/p>\n<p>Ernest Emerson, originaire du nord du Wisconsin, est n\u00e9 le 7 Mars 1955. Athl\u00e8te dou\u00e9 au lyc\u00e9e, il a commenc\u00e9 son obsession pour les arts martiaux \u00e0 l&rsquo;\u00e2ge de 16 ans en s&rsquo;entra\u00eenant au Yudo, la version cor\u00e9enne du judo. Il a fr\u00e9quent\u00e9 l&rsquo;Universit\u00e9 du Wisconsin-Lacrosse et a obtenu des dipl\u00f4mes en \u00e9ducation physique et en histoire du monde, ainsi qu&rsquo;une ceinture brune en karat\u00e9 Kyokushinkai et une ceinture noire en karat\u00e9 Shotokan.<\/p>\n<p>Imm\u00e9diatement apr\u00e8s avoir obtenu son dipl\u00f4me, Emerson a d\u00e9m\u00e9nag\u00e9 en Californie du Sud dans le seul but de poursuivre sa formation en arts martiaux \u00e0 la c\u00e9l\u00e8bre Acad\u00e9mie d&rsquo;arts martiaux d&rsquo;Inosanto sous la tutelle des prot\u00e9g\u00e9s de Bruce Lee, Dan Inosanto et Richard Bustillo. L\u00e0, il a \u00e9tudi\u00e9 l&rsquo;art philippin de Kali et les syst\u00e8mes de Bruce Lee de Jun Fan Gung Fu et Jeet Kune Do. Plus tard, il s&rsquo;est \u00e9galement entra\u00een\u00e9 au Jujitsu br\u00e9silien aupr\u00e8s des c\u00e9l\u00e8bres Royce et Rorion Gracie. Pendant cette p\u00e9riode, Emerson gagnait sa vie en tant que machiniste et concepteur pour Hughes Aircraft.<\/p>\n<p>En 1978, alors qu&rsquo;il \u00e9tudiait les arts martiaux philippins, Emerson d\u00e9couvrit qu&rsquo;il avait besoin d&rsquo;un balisong, ou couteau papillon. Les balisongs n&rsquo;\u00e9taient pas couramment disponibles \u00e0 l&rsquo;\u00e9poque, alors il a d\u00e9cid\u00e9 de cr\u00e9er le sien. Lorsque ses camarades de classe virent cela, ils demand\u00e8rent \u00e0 Emerson de leur fabriquer \u00e9galement des couteaux. Les Balisongs ont rapidement conduit aux couteaux \u00e0 lame fixe et, apr\u00e8s que Michael Walker ait vu un dossier LinerLock personnalis\u00e9 lors d&rsquo;une exposition d&rsquo;armes, finalement aux couteaux pliants. Avec la b\u00e9n\u00e9diction de Walker, Emerson a commenc\u00e9 \u00e0 fabriquer des couteaux pliants LinerLock et est rapidement devenu coutelier \u00e0 plein temps. Inspir\u00e9 par son travail dans l&rsquo;industrie a\u00e9rospatiale, il a incorpor\u00e9 des mat\u00e9riaux de pointe et hautes performances et s&rsquo;est concentr\u00e9 sur des couteaux de qualit\u00e9 investissement soigneusement con\u00e7us.<\/p>\n<p>Au milieu des ann\u00e9es 80 Emerson s&rsquo;est concentr\u00e9 sur des conceptions tactiques plus spartiates. Il a \u00e9galement adopt\u00e9 l&rsquo;aff\u00fbtage au burin unilat\u00e9ral, une caract\u00e9ristique caract\u00e9ristique des couteaux de son coll\u00e8gue coutelier Phil Hartsfield, qui fabriquait des couteaux pour les membres des SEAL de la marine am\u00e9ricaine de la c\u00f4te ouest. Lorsque les SEAL ont demand\u00e9 \u00e0 Hartsfield de fabriquer des couteaux pliants, il a expliqu\u00e9 qu&rsquo;il ne fabriquait que des lames fixes et les a pr\u00e9sent\u00e9s \u00e0 Emerson. Les composants d&rsquo;Emerson sont rapidement devenus un \u00e9quipement incontournable parmi les SEAL, et cette popularit\u00e9 s&rsquo;est rapidement \u00e9tendue \u00e0 d&rsquo;autres unit\u00e9s d&rsquo;op\u00e9rations sp\u00e9ciales am\u00e9ricaines et \u00e9trang\u00e8res et aux agences d&rsquo;\u00e9lite charg\u00e9es de l&rsquo;application des lois. Cela a ensuite conduit \u00e0 des collaborations avec plusieurs grands fabricants de couteaux commerciaux et finalement avec Emerson Knives, Inc., la propre entreprise de couteaux d&rsquo;Emerson, qu&rsquo;il a fond\u00e9e avec sa femme, Mary.<\/p>\n<p>Les cr\u00e9ations l\u00e9gendaires d&rsquo;Emerson ont \u00e9t\u00e9 expos\u00e9es au Metropolitan Museum of Art et au Smithsonian Museum \u2013 une r\u00e9ussite sans pr\u00e9c\u00e9dent pour un coutelier \u2013 et ses couteaux continuent de jouir de la confiance de certains des guerriers les plus \u00e9lites du monde.<\/p>\n<p>La naissance de l&rsquo;ouvreur Emerson<\/p>\n<p>L&rsquo;ouvre-porte Emerson est l&rsquo;une des innovations les plus dynamiques jamais d\u00e9velopp\u00e9es en mati\u00e8re de couteaux et a \u00e9t\u00e9 utilis\u00e9 &#8211; avec et sans la b\u00e9n\u00e9diction d&rsquo;Emerson &#8211; sur d&rsquo;innombrables couteaux au fil des ans. Cependant, l\u2019invention de cette fonctionnalit\u00e9 \u00e9tait un accident. Selon Emerson, les instructeurs du cours de combat des US Navy SEAL voulaient d\u00e9velopper un couteau sp\u00e9cifique pour le combat. L&rsquo;une des caract\u00e9ristiques recherch\u00e9es dans la conception \u00e9tait un \u00ab attrape-lame \u00bb \u00e0 l&rsquo;arri\u00e8re de la lame pour prot\u00e9ger la main de l&rsquo;utilisateur. Emerson a incorpor\u00e9 cette fonctionnalit\u00e9 dans son mod\u00e8le embl\u00e9matique Commander, en choisissant de lui donner la forme d&rsquo;une petite vague oc\u00e9anique. Lorsqu&rsquo;il a termin\u00e9 les premiers prototypes de la conception, plusieurs SEAL de la base navale am\u00e9ricaine de Coronado sont venus dans son atelier pour les r\u00e9cup\u00e9rer \u00e0 des fins de test et d&rsquo;\u00e9valuation.<\/p>\n<p>Peu de temps apr\u00e8s le d\u00e9part des SEAL, Emerson sortit son prototype de couteau et se rendit soudain compte qu&rsquo;en nettoyant sa poche, le \u00ab\u00a0loquet de lame\u00a0\u00bb s&rsquo;\u00e9tait accroch\u00e9 et avait partiellement ouvert la lame. Au d\u00e9but, il craignait que cela puisse \u00eatre un probl\u00e8me de s\u00e9curit\u00e9, mais en r\u00e9p\u00e9tant l&rsquo;exp\u00e9rience avec plus de vigueur, il s&rsquo;est rendu compte que cette fonctionnalit\u00e9 ouvrait la lame de mani\u00e8re fiable et tr\u00e8s rapide. Au moment o\u00f9 il a eu cette r\u00e9v\u00e9lation, le t\u00e9l\u00e9phone a sonn\u00e9 dans sa boutique. Ce sont les Coronado SEAL qui venaient de rentrer \u00e0 la base, ont commenc\u00e9 \u00e0 \u00e9valuer le couteau et ont d\u00e9couvert la m\u00eame \u00e9tonnante fonction d&rsquo;ouverture automatique que le \u00ab attrape-lame \u00bb.<\/p>\n<p>En raison de sa forme, Emerson a appel\u00e9 son invention \u00ab&nbsp;Wave&nbsp;\u00bb et a d\u00e9pos\u00e9 un brevet d&rsquo;utilit\u00e9 pour celle-ci en 1997. Ce brevet n\u00b0 5&nbsp;878&nbsp;500 a \u00e9t\u00e9 accord\u00e9 en mars 1999, mais depuis qu&rsquo;une autre soci\u00e9t\u00e9 de couteaux et d&rsquo;outils, Leatherman, a d\u00e9pos\u00e9 la marque \u00ab&nbsp;Wave&nbsp;\u00bb \u00e9tait utilis\u00e9 sur les couteaux, Emerson a chang\u00e9 le terme officiel pour le terme en \u00ab&nbsp;fonction d&rsquo;ouverture en forme de vague.&nbsp;\u00bb Il en a \u00e9galement fait une caract\u00e9ristique obligatoire sur tous les couteaux que son entreprise produisait pour les travaux militaires et d&rsquo;application de la loi.<\/p>\n<p>Le co-fondateur de Spyderco, Sal Glesser, un fervent adepte de tous les nouveaux d\u00e9veloppements dans l&rsquo;industrie du couteau, a appr\u00e9ci\u00e9 l&rsquo;\u00e9clat de l&rsquo;invention d&rsquo;Emerson et l&rsquo;a contact\u00e9 pour l&rsquo;autoriser \u00e0 l&rsquo;utiliser dans certains mod\u00e8les de Spyderco. En 2006, nous avons lanc\u00e9 des versions des populaires Delica 4 et Endura 4 Lightweight qui incluaient fi\u00e8rement notre expression de l&rsquo;ouvre-porte Emerson. Pour confirmer la licence officielle de cette fonctionnalit\u00e9, Spyderco a grav\u00e9 le num\u00e9ro de brevet d&rsquo;Emerson au dos de la lame.<\/p>\n<p>Depuis lors, la \u00ab fonction d&rsquo;ouverture en forme de vague \u00bb est apparue sur un certain nombre d&rsquo;autres mod\u00e8les Spyderco, notamment les Rescue 93 mm, Endura et Delica Trainers, Matriarch 2, Karahawk, Tropen et les P&rsquo;Kal et P&rsquo;Kal Trainer, qui sont uniques en ce sens qu&rsquo;ils incluent un ouvre-porte Emerson amovible qui se visse \u00e0 l&rsquo;arri\u00e8re de la lame. Plus r\u00e9cemment, l&rsquo;invention d&rsquo;Emerson a \u00e9t\u00e9 incorpor\u00e9e dans les mod\u00e8les Endela Lightweight, Dragonfly 2 et Byrd Cara Cara 2 Lightweight, ainsi que dans plusieurs mod\u00e8les exclusifs en \u00e9dition limit\u00e9e, dont une expression du populaire Paramilitary 2.<\/p>\n<p>En janvier 2016, Ernest Emerson a obtenu la marque d\u00e9pos\u00e9e aux \u00c9tats-Unis n\u00b0 4&nbsp;879&nbsp;356 pour le design embl\u00e9matique et exclusif de son \u00ab Wave Shaped Feature \u00bb. Son brevet d&rsquo;utilit\u00e9 a expir\u00e9 en 2017 et depuis lors, de nombreux couteaux ont \u00e9t\u00e9 fabriqu\u00e9s \u00e0 l&rsquo;aide de l&rsquo;ouvre-porte Emerson sans cr\u00e9diter Emerson ou son innovation r\u00e9volutionnaire. Il existe \u00e9galement d&rsquo;innombrables dispositifs improvis\u00e9s, modifications de lames et accessoires de rechange qui imitent la fonction de l&rsquo;ouvre-porte Emerson. Mais rien ne vaut l&rsquo;original. \u00c0 cette fin, Spyderco continue de conc\u00e9der officiellement sous licence cette fonctionnalit\u00e9 unique d&rsquo;Emerson \u2013 m\u00eame apr\u00e8s l&rsquo;expiration du brevet \u2013 et est extr\u00eamement fier de l&rsquo;amiti\u00e9 de longue date que nous entretenons avec ce l\u00e9gendaire coutelier.<\/p>\n<p>UTILISATION CORRECTE DE L&rsquo;OUVRE EMERSON<\/p>\n<p>Edge-U-Cation\u00ae<\/p>\n<p>Contrairement aux couteaux pliants classiques \u00e0 ouverture d&rsquo;une seule main ou m\u00eame aux couteaux automatiques qui permettent \u00e0 la lame de s&rsquo;ouvrir rapidement une fois le couteau tir\u00e9, l&rsquo;ouvre-porte Emerson r\u00e9tracte la lame lorsqu&rsquo;elle d\u00e9gage la poche, ce qui en fait la m\u00e9thode d&rsquo;ouverture la plus rapide disponible. Cependant, atteindre cette vitesse n\u00e9cessite encore une bonne usure et une bonne technique.<\/p>\n<p>Comme pour toute nouvelle comp\u00e9tence, il est pr\u00e9f\u00e9rable de commencer lentement. Si possible, utilisez d\u2019abord la version d\u2019entra\u00eenement de l\u2019Emerson Opener, puis passez \u00e0 la lame active lorsque vous vous sentez pr\u00eat. Pour \u00e9viter des dommages mat\u00e9riels ou des blessures \u00e0 autrui, assurez-vous toujours que la zone autour de vous est exempte de personnes et d&rsquo;obstacles avant d&rsquo;ouvrir le couteau. De plus, comme l&rsquo;Emerson Opener s&rsquo;accroche \u00e0 l&#8217;embouchure de la poche, il fonctionne mieux avec un pantalon en tissu solide. Les pantalons habill\u00e9s et autres pantalons en tissus l\u00e9gers ne conviennent pas \u00e0 cette m\u00e9thode d\u2019ouverture.<\/p>\n<p>Prise standard&nbsp;:<\/p>\n<p>Pour dessiner et ouvrir le couteau dans une poign\u00e9e standard (avec la lame d\u00e9passant du c\u00f4t\u00e9 du pouce de votre main), assurez-vous d&rsquo;abord qu&rsquo;il est configur\u00e9 pour un transport inclinable en attachant un clip \u00e0 l&rsquo;extr\u00e9mit\u00e9 arri\u00e8re de la poign\u00e9e. \u00c9pinglez le couteau ferm\u00e9 sur la poche avec le corps du couteau \u00e0 l\u2019int\u00e9rieur de la poche et le couteau positionn\u00e9 jusqu\u2019au fond de la poche. Le dos de la lame doit pointer vers l\u2019arri\u00e8re.<\/p>\n<p>Introduisez votre pouce le plus profond\u00e9ment possible dans la poche et pointez-le fermement contre le c\u00f4t\u00e9 du manche du couteau. En m\u00eame temps, courbez vos doigts de mani\u00e8re \u00e0 ce que votre index s&rsquo;accroche sous la pointe du fermoir. Appliquez une pression de pincement entre votre pouce et vos doigts pour assurer une prise s\u00fbre sur le couteau. Lorsque vous soulevez le couteau, appliquez une l\u00e9g\u00e8re pression vers l&rsquo;arri\u00e8re pour maintenir le dos de la lame contre le dos de la poche. Pendant que l&rsquo;Emerson Opener s&rsquo;accroche \u00e0 l&#8217;embouchure de la poche, continuez \u00e0 tirer de mani\u00e8re \u00e0 ce que votre bras s&rsquo;\u00e9tende l\u00e9g\u00e8rement derri\u00e8re vous et que la lame d\u00e9gage votre corps en toute s\u00e9curit\u00e9 pour se verrouiller en position compl\u00e8tement ouverte.<\/p>\n<p>Pratiquez ces mouvements lentement et soigneusement jusqu&rsquo;\u00e0 ce que vous soyez compl\u00e8tement \u00e0 l&rsquo;aise avec eux. Augmentez ensuite progressivement votre vitesse tout en privil\u00e9giant la s\u00e9curit\u00e9.<\/p>\n<p>Prise invers\u00e9e&nbsp;:<\/p>\n<p>Les couteaux Spyderco avec ouvre-porte Emerson peuvent \u00e9galement \u00eatre configur\u00e9s pour se r\u00e9tracter en prise invers\u00e9e, la lame d\u00e9passant du c\u00f4t\u00e9 du petit doigt. Pour configurer votre couteau pour ce type de tirage, installez un clip sur l&rsquo;extr\u00e9mit\u00e9 arri\u00e8re du manche afin que le dos de la lame ferm\u00e9e soit tourn\u00e9 vers l&rsquo;avant lorsque le couteau est enclench\u00e9 dans la poche. Pour de meilleurs r\u00e9sultats, placez le couteau plus en avant dans votre poche, plus pr\u00e8s de la ligne m\u00e9diane de votre corps.<\/p>\n<p>Pour tirer depuis cette position, enfoncez votre pouce au fond de votre poche et pointez-le contre le manche du couteau. Ce faisant, assurez-vous que la paume du pouce se trouve \u00e0 l\u2019arri\u00e8re de la poign\u00e9e. Placez le bout de votre index et de votre majeur sur la base du fermoir et appliquez une pression entre eux et votre pouce. Tenez fermement le manche et sortez le couteau de la poche. Pendant que vous faites cela, appliquez une pression vers l&rsquo;avant pour pousser l&rsquo;arri\u00e8re de la lame ferm\u00e9e contre le devant de votre poche. Une fois que le couteau a d\u00e9gag\u00e9 la poche, l&rsquo;ouvre-porte Emerson attrape le bord de la poche et fait tourner la lame en position ouverte.<\/p>\n<p>Encore une fois, pratiquez ces mouvements lentement et soigneusement et soigneusement avant d\u2019augmenter votre vitesse. Au cours du processus, vous constaterez qu\u2019au moins un degr\u00e9 mod\u00e9r\u00e9 de vitesse sera n\u00e9cessaire pour d\u00e9ployer et verrouiller compl\u00e8tement la lame.<\/p>\n<p>Dessiner sans ouvrir :<\/p>\n<p>Si vous n&rsquo;avez pas besoin d&rsquo;ouvrir votre couteau \u00e9quip\u00e9 d&rsquo;un ouvre-porte Emerson dans la pr\u00e9cipitation, vous pouvez \u00e9galement le d\u00e9gainer sans l&rsquo;ouverture automatique de la lame. Pour ce faire, utilisez la m\u00eame poign\u00e9e et la m\u00eame m\u00e9canique que celles d\u00e9crites pr\u00e9c\u00e9demment, mais passez le couteau au centre de la poche sans permettre au crochet d&rsquo;attraper l&#8217;embouchure de la poche. Vous pouvez \u00e9galement utiliser votre index pour appliquer une pression sur l&rsquo;arri\u00e8re de la lame et la maintenir ferm\u00e9e pendant que vous tirez le couteau.<\/p>\n<p>L&rsquo;Emerson Opener est une fonctionnalit\u00e9 unique qui augmente consid\u00e9rablement la vitesse et la facilit\u00e9 de d\u00e9ploiement de nos couteaux. Pour en tirer le meilleur parti, rappelez-vous le dicton du Navy SEAL : \u00ab&nbsp;Lent est fluide et fluide est rapide.&nbsp;\u00bb Prenez le temps d&rsquo;\u00eatre fluide et rapide, cela viendra naturellement.<\/p>\n<p>Caract\u00e9ristiques<br \/>\nLongueur de la lame : 5,8 cm<br \/>\nLongueur ferm\u00e9 : 8,5 cm<br \/>\nLongueur totale : 14,2 cm<br \/>\n\u00c9paisseur de la lame : 0,25 cm<br \/>\nMat\u00e9riau de la lame : acier inoxydable VG10<br \/>\nStyle de lame&nbsp;: pointe de lance<br \/>\nAff\u00fbtage de la lame : Sabre<br \/>\nTraitement de surface de la lame : satin\u00e9<br \/>\nBord de la lame&nbsp;:&nbsp;Lisse<br \/>\nMat\u00e9riau du manche&nbsp;: FRN textur\u00e9 bidirectionnel<br \/>\nCouleur du manche : gris fonc\u00e9<br \/>\nM\u00e9canisme de verrouillage&nbsp;: Lockback<br \/>\nClip de poche&nbsp;: rabattable, \u00e0 porter \u00e0 gauche\/\u00e0 droite<br \/>\nNum\u00e9ro de mod\u00e8le: C28PGYW2<br \/>\nNom du mod\u00e8le : ouvre-bouteille Dragonfly 2 Emerson.<br \/>\nPoids : 1,3 onces. (37g)<br \/>\nBrevet\u00e9 Emerson Wave<br \/>\nFabriqu\u00e9 au Japon<\/p>\n","protected":false},"excerpt":{"rendered":"<p><strong>L\u2019un des inconv\u00e9nients des couteaux compacts est qu\u2019il est un peu plus difficile de les ouvrir d\u2019une seule main. Le Dragonfly 2 Emerson Opener r\u00e9sout ce probl\u00e8me en mettant \u00e0 niveau le populaire Dragonfly 2 Lightweight Opener avec l&rsquo;Emerson Opener.<\/strong><\/p>\n","protected":false},"featured_media":333822,"comment_status":"open","ping_status":"closed","template":"","meta":[],"pwb-brand":[3778],"product_brand":[],"product_cat":[3700,3696],"product_tag":[3754],"class_list":{"0":"post-333821","1":"product","2":"type-product","3":"status-publish","4":"has-post-thumbnail","6":"pwb-brand-spyderco-fr","7":"product_cat-couteaux-de-fermeture","8":"product_cat-des-couteaux","9":"product_tag-b2b-fr","11":"first","12":"instock","13":"taxable","14":"shipping-taxable","15":"purchasable","16":"product-type-simple"},"brands":[{"id":3778,"name":"Spyderco","slug":"spyderco-fr"}],"_links":{"self":[{"href":"https:\/\/www.moskito.cz\/fr\/wp-json\/wp\/v2\/product\/333821","targetHints":{"allow":["GET"]}}],"collection":[{"href":"https:\/\/www.moskito.cz\/fr\/wp-json\/wp\/v2\/product"}],"about":[{"href":"https:\/\/www.moskito.cz\/fr\/wp-json\/wp\/v2\/types\/product"}],"replies":[{"embeddable":true,"href":"https:\/\/www.moskito.cz\/fr\/wp-json\/wp\/v2\/comments?post=333821"}],"wp:featuredmedia":[{"embeddable":true,"href":"https:\/\/www.moskito.cz\/fr\/wp-json\/wp\/v2\/media\/333822"}],"wp:attachment":[{"href":"https:\/\/www.moskito.cz\/fr\/wp-json\/wp\/v2\/media?parent=333821"}],"wp:term":[{"taxonomy":"pwb-brand","embeddable":true,"href":"https:\/\/www.moskito.cz\/fr\/wp-json\/wp\/v2\/pwb-brand?post=333821"},{"taxonomy":"product_brand","embeddable":true,"href":"https:\/\/www.moskito.cz\/fr\/wp-json\/wp\/v2\/product_brand?post=333821"},{"taxonomy":"product_cat","embeddable":true,"href":"https:\/\/www.moskito.cz\/fr\/wp-json\/wp\/v2\/product_cat?post=333821"},{"taxonomy":"product_tag","embeddable":true,"href":"https:\/\/www.moskito.cz\/fr\/wp-json\/wp\/v2\/product_tag?post=333821"}],"curies":[{"name":"wp","href":"https:\/\/api.w.org\/{rel}","templated":true}]}}