{"id":333851,"date":"2023-01-10T21:15:06","date_gmt":"2024-04-17T08:09:09","guid":{"rendered":"https:\/\/www.moskito.cz\/produkt\/hache-crkt-chogan-marteau-2724\/"},"modified":"2025-05-07T11:11:40","modified_gmt":"2025-05-07T10:11:40","slug":"hache-crkt-chogan-marteau-2724","status":"publish","type":"product","link":"https:\/\/www.moskito.cz\/fr\/produkt\/hache-crkt-chogan-marteau-2724\/","title":{"rendered":"Hache CRKT CHOGAN\u2122 MARTEAU 2724"},"content":{"rendered":"<p>Hache <strong>CRKT<\/strong> CHOGAN\u2122 MARTEAU 2724<\/p>\n<p>Moiti\u00e9 marteau, moiti\u00e9 hache.<\/p>\n<p>Enti\u00e8rement construit pour r\u00e9sister \u00e0 n&rsquo;importe quelle t\u00e2che. Con\u00e7u par Ryan Johnson de RMJ Tactical, le Hammer Chogan\u2122 divise le travail d&rsquo;installation de votre camp en deux. \u00c0 la fois pratique et tactique, cet ensemble hache et marteau coupera tout le bois de chauffage dont vous aurez besoin et enfoncera les piquets de votre tente profond\u00e9ment dans le sol sans effort. Transport polyvalent, parfaitement logique dans n&rsquo;importe quel sac d&rsquo;aventure.<br \/>\nRobustesse forg\u00e9e&nbsp;: l&rsquo;acier au carbone 1055 offre durabilit\u00e9 et r\u00e9tention des bords<br \/>\nProtection am\u00e9lior\u00e9e : le rev\u00eatement au phosphate de mangan\u00e8se am\u00e9liore la r\u00e9sistance \u00e0 la corrosion<br \/>\nDurable&nbsp;: le caryer du Tennessee est un mat\u00e9riau dense qui peut r\u00e9sister \u00e0 une utilisation intensive<br \/>\nOutil polyvalent&nbsp;: fendre du bois ou marteler facilement les piquets de la tente<br \/>\nCARACT\u00c9RISTIQUES<br \/>\nLongueur de la lame 2,60&nbsp;po (66,04&nbsp;mm)<br \/>\nLame de hache avec marteau<br \/>\nLame en acier au carbone 1055<br \/>\nTraitement de surface de la lame Rev\u00eatement \u00e0 base de phosphate de mangan\u00e8se<br \/>\n\u00c9paisseur de la lame 1,47 po (37,21 mm)<br \/>\nLongueur totale 17,88&Prime; (454,03 mm)<br \/>\nPoids 1,78 livre (0,81 kg)<br \/>\nManche en Hickory du Tennessee<br \/>\nStyle hache<\/p>\n<p><iframe title=\"CRKT CHOGAN\u2122 HAMMER | Ryan Johnson of RMJ Tactical Design\" width=\"800\" height=\"450\" src=\"https:\/\/www.youtube.com\/embed\/8xo9LgWYahI?feature=oembed\" frameborder=\"0\" allow=\"accelerometer; autoplay; clipboard-write; encrypted-media; gyroscope; picture-in-picture; web-share\" referrerpolicy=\"strict-origin-when-cross-origin\" allowfullscreen><\/iframe><\/p>\n<p>&nbsp;<\/p>\n","protected":false},"excerpt":{"rendered":"<p>Con\u00e7u par Ryan Johnson de RMJ Tactical \u00e0 Chattanooga, Tennessee.<\/p>\n","protected":false},"featured_media":333852,"comment_status":"open","ping_status":"closed","template":"","meta":[],"pwb-brand":[3762],"product_brand":[],"product_cat":[3702],"product_tag":[3754],"class_list":{"0":"post-333851","1":"product","2":"type-product","3":"status-publish","4":"has-post-thumbnail","6":"pwb-brand-crkt-fr","7":"product_cat-haches","8":"product_tag-b2b-fr","10":"first","11":"instock","12":"taxable","13":"shipping-taxable","14":"purchasable","15":"product-type-simple"},"brands":[{"id":3762,"name":"CRKT","slug":"crkt-fr"}],"_links":{"self":[{"href":"https:\/\/www.moskito.cz\/fr\/wp-json\/wp\/v2\/product\/333851","targetHints":{"allow":["GET"]}}],"collection":[{"href":"https:\/\/www.moskito.cz\/fr\/wp-json\/wp\/v2\/product"}],"about":[{"href":"https:\/\/www.moskito.cz\/fr\/wp-json\/wp\/v2\/types\/product"}],"replies":[{"embeddable":true,"href":"https:\/\/www.moskito.cz\/fr\/wp-json\/wp\/v2\/comments?post=333851"}],"wp:featuredmedia":[{"embeddable":true,"href":"https:\/\/www.moskito.cz\/fr\/wp-json\/wp\/v2\/media\/333852"}],"wp:attachment":[{"href":"https:\/\/www.moskito.cz\/fr\/wp-json\/wp\/v2\/media?parent=333851"}],"wp:term":[{"taxonomy":"pwb-brand","embeddable":true,"href":"https:\/\/www.moskito.cz\/fr\/wp-json\/wp\/v2\/pwb-brand?post=333851"},{"taxonomy":"product_brand","embeddable":true,"href":"https:\/\/www.moskito.cz\/fr\/wp-json\/wp\/v2\/product_brand?post=333851"},{"taxonomy":"product_cat","embeddable":true,"href":"https:\/\/www.moskito.cz\/fr\/wp-json\/wp\/v2\/product_cat?post=333851"},{"taxonomy":"product_tag","embeddable":true,"href":"https:\/\/www.moskito.cz\/fr\/wp-json\/wp\/v2\/product_tag?post=333851"}],"curies":[{"name":"wp","href":"https:\/\/api.w.org\/{rel}","templated":true}]}}