{"id":333902,"date":"2022-04-22T20:59:20","date_gmt":"2024-04-17T11:51:55","guid":{"rendered":"https:\/\/www.moskito.cz\/produkt\/couteau-de-fermeture-extrema-ratio-bf1-cd-noir\/"},"modified":"2025-05-07T11:11:41","modified_gmt":"2025-05-07T10:11:41","slug":"couteau-de-fermeture-extrema-ratio-bf1-cd-noir","status":"publish","type":"product","link":"https:\/\/www.moskito.cz\/fr\/produkt\/couteau-de-fermeture-extrema-ratio-bf1-cd-noir\/","title":{"rendered":"Couteau de fermeture Extrema Ratio BF1 CD NOIR"},"content":{"rendered":"<p>Couteau de fermeture <strong>Extrema Ratio<\/strong> BF1 CD NOIR.<\/p>\n<p>BF1 est verrouillable pour un usage quotidien, simple, essentiel et fonctionnel. La lame, enti\u00e8rement polie, pr\u00e9sente un bord plat et la pointe est particuli\u00e8rement solide et durable. Le manche, \u00e9galement poli, pr\u00e9sente les surfaces r\u00e9duites caract\u00e9ristiques pour s&rsquo;engager avec les \u00ab\u00a0goupilles\u00a0\u00bb d&rsquo;ouverture sans d\u00e9passer du profil du couteau ferm\u00e9. Le clip double face est situ\u00e9 derri\u00e8re la lame et s&rsquo;enroule autour de la lame du couteau afin qu&rsquo;elle soit compl\u00e8tement cach\u00e9e une fois mise dans sa poche. Le m\u00e9canisme de verrouillage de la lame est le LINER-LOCK \u00e9prouv\u00e9. Disponible en versions : BF1 CT BLACK, BF1 CT BLACK RUVIDO, BF1 CT DESERT WARFARE, BF1 CD BLACK, BF1 CD BLACK RUVIDO, BF1 CD DESERT WARFARE.<\/p>\n<p>POIDS G. : 88<br \/>\nPOIDS D&rsquo;OZ.: 3,1<br \/>\nLONGUEUR DE LA LAME (MM): 69<br \/>\nLONGUEUR DE LA LAME (PO): 2,7<br \/>\nLONGUEUR TOTALE (MM): 171<br \/>\nLONGUEUR TOTALE (H) : 6,7<br \/>\n\u00c9PAISSEUR DE LA LAME (MM): 3<br \/>\n\u00c9PAISSEUR DE LA LAME (PO): 0,12<br \/>\nMAT\u00c9RIAU DE LA LAME&nbsp;: ACIER B\u00d6HLER N690 (58HRC)<br \/>\nTRAITEMENT DE SURFACE DU COUTEAU&nbsp;: BRUSTAGE MIL-C-13924<br \/>\nFL\u00c8CHE \u00c0 LAME&nbsp;: FIL PLAT<br \/>\nMAT\u00c9RIAU DE LA POIGN\u00c9E&nbsp;: ALUMINIUM ANODIS\u00c9 ANTICORRODAL<\/p>\n","protected":false},"excerpt":{"rendered":"<p>Bas\u00e9e \u00e0 Prato, en Italie , Extrema Ratio con\u00e7oit et fabrique des couteaux de combat, militaires, de cuisine, de chasse et tactiques de haute performance depuis 1997 et jouit d&rsquo;une r\u00e9putation de qualit\u00e9 sup\u00e9rieure sans \u00e9gal dans l&rsquo;industrie des couteaux militaires et tactiques. Transports gratuits.<\/p>\n","protected":false},"featured_media":396486,"comment_status":"open","ping_status":"closed","template":"","meta":[],"pwb-brand":[3767],"product_brand":[],"product_cat":[3700,3696],"product_tag":[3754],"class_list":{"0":"post-333902","1":"product","2":"type-product","3":"status-publish","4":"has-post-thumbnail","6":"pwb-brand-rapport-extreme","7":"product_cat-couteaux-de-fermeture","8":"product_cat-des-couteaux","9":"product_tag-b2b-fr","11":"first","12":"instock","13":"taxable","14":"shipping-taxable","15":"purchasable","16":"product-type-simple"},"brands":[{"id":3767,"name":"Rapport extr\u00eame","slug":"rapport-extreme"}],"_links":{"self":[{"href":"https:\/\/www.moskito.cz\/fr\/wp-json\/wp\/v2\/product\/333902","targetHints":{"allow":["GET"]}}],"collection":[{"href":"https:\/\/www.moskito.cz\/fr\/wp-json\/wp\/v2\/product"}],"about":[{"href":"https:\/\/www.moskito.cz\/fr\/wp-json\/wp\/v2\/types\/product"}],"replies":[{"embeddable":true,"href":"https:\/\/www.moskito.cz\/fr\/wp-json\/wp\/v2\/comments?post=333902"}],"wp:featuredmedia":[{"embeddable":true,"href":"https:\/\/www.moskito.cz\/fr\/wp-json\/wp\/v2\/media\/396486"}],"wp:attachment":[{"href":"https:\/\/www.moskito.cz\/fr\/wp-json\/wp\/v2\/media?parent=333902"}],"wp:term":[{"taxonomy":"pwb-brand","embeddable":true,"href":"https:\/\/www.moskito.cz\/fr\/wp-json\/wp\/v2\/pwb-brand?post=333902"},{"taxonomy":"product_brand","embeddable":true,"href":"https:\/\/www.moskito.cz\/fr\/wp-json\/wp\/v2\/product_brand?post=333902"},{"taxonomy":"product_cat","embeddable":true,"href":"https:\/\/www.moskito.cz\/fr\/wp-json\/wp\/v2\/product_cat?post=333902"},{"taxonomy":"product_tag","embeddable":true,"href":"https:\/\/www.moskito.cz\/fr\/wp-json\/wp\/v2\/product_tag?post=333902"}],"curies":[{"name":"wp","href":"https:\/\/api.w.org\/{rel}","templated":true}]}}