{"id":333926,"date":"2021-05-09T20:33:50","date_gmt":"2021-05-09T19:33:50","guid":{"rendered":"https:\/\/www.moskito.cz\/produkt\/couteau-de-fermeture-extrema-ratio-resolza-10-stone-washed\/"},"modified":"2026-03-02T13:59:31","modified_gmt":"2026-03-02T12:59:31","slug":"couteau-de-fermeture-extrema-ratio-resolza-10-stone-washed","status":"publish","type":"product","link":"https:\/\/www.moskito.cz\/fr\/produkt\/couteau-de-fermeture-extrema-ratio-resolza-10-stone-washed\/","title":{"rendered":"Couteau de fermeture Extrema Ratio RESOLZA 10 STONE WASHED"},"content":{"rendered":"<p>Couteau de fermeture <strong>Extrema Ratio<\/strong> RESOLZA 10 STONE WASHED.<\/p>\n<p><strong>RESOLZA<\/strong> est un nom ancien qui rappelle le mot italien signifiant rasoir. La \u00ab\u00a0resolza\u00a0\u00bb sarde, vieille de plusieurs si\u00e8cles, l&rsquo;un des couteaux traditionnels les plus c\u00e9l\u00e8bres de notre pays, est toujours un compagnon constant des agriculteurs et des bergers de l&rsquo;\u00eele dans leur travail quotidien. Il les suivit m\u00eame lorsqu&rsquo;ils furent appel\u00e9s \u00e0 la guerre : les chroniques de la Brigade Sassari pendant la Premi\u00e8re Guerre mondiale mentionnent un couteau parmi l&rsquo;\u00e9quipement des soldats. Notre tentative de r\u00e9\u00e9valuer cette conception traditionnelle selon nos propres normes se veut un hommage, sans n\u00e9gliger les artisans sardes qui pratiquent encore les anciennes m\u00e9thodes de fabrication des couteaux et maintiennent en vie les anc\u00eatres. Ce RESOLZA conserve les dimensions et proportions d&rsquo;origine avec une lame de 3,9 pouces, mais est fabriqu\u00e9 avec les mat\u00e9riaux et technologies haut de gamme habituels d&rsquo;Extrema Ratio. Le manche a \u00e9t\u00e9 redessin\u00e9, tandis que la lame \u00e9pouse davantage la forme traditionnelle. Pour am\u00e9liorer la tradition, nous avons ajout\u00e9 un m\u00e9canisme de verrouillage de la lame. Versions disponibles : RESOLZA 10 BLACK, RESOLZA 10 STONE WASHED.<br \/>\nFICHE TECHNIQUE<br \/>\nPoids oz.: 2.29<br \/>\nLongueur de la lame (mm) : 100<br \/>\nLongueur de la lame (en pouces) : 3.93<br \/>\nLongueur totale (mm) : 220<br \/>\nLongueur totale (en pouces) : 8.66<br \/>\n\u00c9paisseur de la lame (mm) : 3<br \/>\n\u00c9paisseur de la lame (en pouces) : 0.11<br \/>\nMat\u00e9riau de la lame : ACIER B\u00f6HLER N690 (58HRC)<br \/>\nFinition de la lame : STONE COATED<br \/>\nGrille principale : FLAT<br \/>\nMat\u00e9riau du manche : ALUMINIUM ANODIS\u00c9 ANTICORODAL<\/p>\n","protected":false},"excerpt":{"rendered":"<p>Bas\u00e9e \u00e0 Prato, en Italie <strong>, Extrema Ratio<\/strong> con\u00e7oit et fabrique des couteaux de combat, militaires, de cuisine, de chasse et tactiques de haute performance depuis 1997 et jouit d&rsquo;une r\u00e9putation de qualit\u00e9 sup\u00e9rieure sans \u00e9gal dans l&rsquo;industrie des couteaux militaires et tactiques. <strong>Transports gratuits.<\/strong><\/p>\n","protected":false},"featured_media":333927,"comment_status":"open","ping_status":"closed","template":"","meta":[],"pwb-brand":[3767],"product_brand":[],"product_cat":[3700,3696],"product_tag":[3754],"class_list":{"0":"post-333926","1":"product","2":"type-product","3":"status-publish","4":"has-post-thumbnail","6":"pwb-brand-rapport-extreme","7":"product_cat-couteaux-de-fermeture","8":"product_cat-des-couteaux","9":"product_tag-b2b-fr","11":"first","12":"outofstock","13":"taxable","14":"shipping-taxable","15":"purchasable","16":"product-type-simple"},"brands":[{"id":3767,"name":"Rapport extr\u00eame","slug":"rapport-extreme"}],"_links":{"self":[{"href":"https:\/\/www.moskito.cz\/fr\/wp-json\/wp\/v2\/product\/333926","targetHints":{"allow":["GET"]}}],"collection":[{"href":"https:\/\/www.moskito.cz\/fr\/wp-json\/wp\/v2\/product"}],"about":[{"href":"https:\/\/www.moskito.cz\/fr\/wp-json\/wp\/v2\/types\/product"}],"replies":[{"embeddable":true,"href":"https:\/\/www.moskito.cz\/fr\/wp-json\/wp\/v2\/comments?post=333926"}],"wp:featuredmedia":[{"embeddable":true,"href":"https:\/\/www.moskito.cz\/fr\/wp-json\/wp\/v2\/media\/333927"}],"wp:attachment":[{"href":"https:\/\/www.moskito.cz\/fr\/wp-json\/wp\/v2\/media?parent=333926"}],"wp:term":[{"taxonomy":"pwb-brand","embeddable":true,"href":"https:\/\/www.moskito.cz\/fr\/wp-json\/wp\/v2\/pwb-brand?post=333926"},{"taxonomy":"product_brand","embeddable":true,"href":"https:\/\/www.moskito.cz\/fr\/wp-json\/wp\/v2\/product_brand?post=333926"},{"taxonomy":"product_cat","embeddable":true,"href":"https:\/\/www.moskito.cz\/fr\/wp-json\/wp\/v2\/product_cat?post=333926"},{"taxonomy":"product_tag","embeddable":true,"href":"https:\/\/www.moskito.cz\/fr\/wp-json\/wp\/v2\/product_tag?post=333926"}],"curies":[{"name":"wp","href":"https:\/\/api.w.org\/{rel}","templated":true}]}}