{"id":333943,"date":"2022-11-17T15:24:29","date_gmt":"2024-04-17T12:13:45","guid":{"rendered":"https:\/\/www.moskito.cz\/produkt\/couteau-fixe-extrema-ratio-nk2-black\/"},"modified":"2025-05-07T11:11:46","modified_gmt":"2025-05-07T10:11:46","slug":"couteau-fixe-extrema-ratio-nk2-black","status":"publish","type":"product","link":"https:\/\/www.moskito.cz\/fr\/produkt\/couteau-fixe-extrema-ratio-nk2-black\/","title":{"rendered":"Couteau Fixe Extrema Ratio NK2 BLACK"},"content":{"rendered":"<p>Couteau Fixe <strong>Extrema Ratio<\/strong> NK2 NOIR.<\/p>\n<p>Le NK2 est un couteau r\u00e9duit qui \u00e9largit la famille des couteaux de cou avec l&rsquo;Extrema Ratio. Les principales diff\u00e9rences par rapport au pr\u00e9d\u00e9cesseur NK1 sont la lame tanto et le trou pour le drainage du sang. La conception de la poign\u00e9e \u00e9vite les blessures accidentelles lors du dessin. La rainure \u00e0 l&rsquo;arri\u00e8re de la lame convient \u00e0 l&rsquo;index ou au pouce de l&rsquo;utilisateur, selon le style d&rsquo;op\u00e9ration. Sa conception globale rend le NK2 \u00e0 la fois capable d&rsquo;attaquer, gr\u00e2ce \u00e0 des frappes tranchantes tr\u00e8s efficaces, et utile pour un travail de pr\u00e9cision. L&rsquo;\u00e9tui Kydex \u00e0 d\u00e9gagement rapide inclus est livr\u00e9 avec une sangle en paracorde pour le port du cou. Il peut \u00e9galement \u00eatre attach\u00e9 via le syst\u00e8me MOLLE aux gilets tactiques ou \u00e0 l&rsquo;une des gaines cordura compatibles d&rsquo;Extrema Ratio. Disponible mais non inclus : BELT-CLIP (pour attacher l&rsquo;\u00e9tui \u00e0 la ceinture), polym\u00e8re UNDER SHIRT SYSTEM (pour un transport dissimul\u00e9).<\/p>\n<p>POIDS G&nbsp;: 69<br \/>\nLONGUEUR DE LA LAME (MM): 50<br \/>\nLONGUEUR TOTALE (MM): 128<br \/>\n\u00c9PAISSEUR DE LA LAME (MM): 6,3<br \/>\nMAT\u00c9RIAU DE LA LAME&nbsp;: ACIER B\u00d6HLER N690 (58HRC)<br \/>\nFINI DE LA LAME&nbsp;: NOIR<br \/>\nGRILLE PRINCIPALE&nbsp;: PLATE<br \/>\nMAT\u00c9RIAU DE LA POIGN\u00c9E&nbsp;: ACIER B\u00d6HLER N690 (58HRC)<\/p>\n","protected":false},"excerpt":{"rendered":"<p>Bas\u00e9e \u00e0 Prato, en Italie <strong>, Extrema Ratio<\/strong> con\u00e7oit et fabrique des couteaux de combat, militaires, de cuisine, de chasse et tactiques de haute performance depuis 1997 et jouit d&rsquo;une r\u00e9putation de qualit\u00e9 sup\u00e9rieure sans \u00e9gal dans l&rsquo;industrie des couteaux militaires et tactiques. <strong>Transports gratuits.<\/strong><\/p>\n","protected":false},"featured_media":333944,"comment_status":"open","ping_status":"closed","template":"","meta":[],"pwb-brand":[3767],"product_brand":[],"product_cat":[3697,3696],"product_tag":[3754],"class_list":{"0":"post-333943","1":"product","2":"type-product","3":"status-publish","4":"has-post-thumbnail","6":"pwb-brand-rapport-extreme","7":"product_cat-couteaux-solides","8":"product_cat-des-couteaux","9":"product_tag-b2b-fr","11":"first","12":"instock","13":"taxable","14":"shipping-taxable","15":"purchasable","16":"product-type-simple"},"brands":[{"id":3767,"name":"Rapport extr\u00eame","slug":"rapport-extreme"}],"_links":{"self":[{"href":"https:\/\/www.moskito.cz\/fr\/wp-json\/wp\/v2\/product\/333943","targetHints":{"allow":["GET"]}}],"collection":[{"href":"https:\/\/www.moskito.cz\/fr\/wp-json\/wp\/v2\/product"}],"about":[{"href":"https:\/\/www.moskito.cz\/fr\/wp-json\/wp\/v2\/types\/product"}],"replies":[{"embeddable":true,"href":"https:\/\/www.moskito.cz\/fr\/wp-json\/wp\/v2\/comments?post=333943"}],"wp:featuredmedia":[{"embeddable":true,"href":"https:\/\/www.moskito.cz\/fr\/wp-json\/wp\/v2\/media\/333944"}],"wp:attachment":[{"href":"https:\/\/www.moskito.cz\/fr\/wp-json\/wp\/v2\/media?parent=333943"}],"wp:term":[{"taxonomy":"pwb-brand","embeddable":true,"href":"https:\/\/www.moskito.cz\/fr\/wp-json\/wp\/v2\/pwb-brand?post=333943"},{"taxonomy":"product_brand","embeddable":true,"href":"https:\/\/www.moskito.cz\/fr\/wp-json\/wp\/v2\/product_brand?post=333943"},{"taxonomy":"product_cat","embeddable":true,"href":"https:\/\/www.moskito.cz\/fr\/wp-json\/wp\/v2\/product_cat?post=333943"},{"taxonomy":"product_tag","embeddable":true,"href":"https:\/\/www.moskito.cz\/fr\/wp-json\/wp\/v2\/product_tag?post=333943"}],"curies":[{"name":"wp","href":"https:\/\/api.w.org\/{rel}","templated":true}]}}