{"id":333985,"date":"2024-04-17T13:16:05","date_gmt":"2024-04-17T12:16:11","guid":{"rendered":"https:\/\/www.moskito.cz\/produkt\/couteau-fixe-extrema-ratio-nk1-stone-washed-copy\/"},"modified":"2025-05-07T11:11:47","modified_gmt":"2025-05-07T10:11:47","slug":"couteau-fixe-extrema-ratio-nk1-stone-washed-copy","status":"publish","type":"product","link":"https:\/\/www.moskito.cz\/fr\/produkt\/couteau-fixe-extrema-ratio-nk1-stone-washed-copy\/","title":{"rendered":"Couteau Fixe Extrema Ratio NK1 STONE WASHED &#8211; Copy"},"content":{"rendered":"<p>Couteau Fixe <strong>Extrema Ratio<\/strong> NK1 PIERRE LAV\u00c9E<\/p>\n<p>Le NK1 est un couteau r\u00e9duit bas\u00e9 sur le SKINNER (fourni avec notre couteau de chasse CULTER VENATORIUS) et affin\u00e9 pour en faire un v\u00e9ritable couteau tactique. La conception de la poign\u00e9e \u00e9vite les blessures accidentelles lors du dessin. La rainure \u00e0 l&rsquo;arri\u00e8re de la lame convient \u00e0 l&rsquo;index ou au pouce de l&rsquo;utilisateur, selon le style d&rsquo;op\u00e9ration. Sa conception globale rend le NK1 \u00e0 la fois capable d&rsquo;attaquer, gr\u00e2ce \u00e0 des frappes tranchantes tr\u00e8s efficaces, et utile pour un travail de pr\u00e9cision. L&rsquo;\u00e9tui Kydex \u00e0 d\u00e9gagement rapide inclus est livr\u00e9 avec une sangle en paracorde pour le port du cou. Il peut \u00e9galement \u00eatre attach\u00e9 via le syst\u00e8me MOLLE aux gilets tactiques ou \u00e0 toute gaine cordura compatible d&rsquo;Extrema Ratio. Disponible mais non inclus : BELT-CLIP (pour attacher l&rsquo;\u00e9tui \u00e0 la ceinture), polym\u00e8re UNDER SHIRT SYSTEM (pour un transport dissimul\u00e9). Versions disponibles : NK1 NOIR, NK1 GUERRE DU D\u00c9SERT, NK1 PIERRE LAV\u00c9E.<\/p>\n<p>POIDS G&nbsp;: 56<br \/>\nPOIDS OZ.: 2<br \/>\nLONGUEUR DE LA LAME (MM): 51<br \/>\nLONGUEUR DE LA LAME (H): 2<br \/>\nLONGUEUR TOTALE (MM): 129<br \/>\nLONGUEUR TOTALE (PO): 5,1<br \/>\n\u00c9PAISSEUR DE LA LAME (MM): 3<br \/>\n\u00c9PAISSEUR DE LA LAME (PO): 0,12<br \/>\nMAT\u00c9RIAU DE LA LAME&nbsp;: ACIER B\u00d6HLER N690 (58HRC)<br \/>\nFINITION DE LA LAME&nbsp;: PIERRE LAV\u00c9E<br \/>\nGRILLE PRINCIPALE&nbsp;: Rasoir<br \/>\nMAT\u00c9RIAU DE LA POIGN\u00c9E&nbsp;: ACIER B\u00d6HLER N690 (58HRC)<\/p>\n","protected":false},"excerpt":{"rendered":"<p>Bas\u00e9e \u00e0 Prato, en Italie, Extrema Ratio con\u00e7oit et fabrique des couteaux de combat, militaires, de cuisine, de chasse et tactiques de haute performance depuis 1997 et jouit d&rsquo;une r\u00e9putation de qualit\u00e9 sup\u00e9rieure sans \u00e9gal dans l&rsquo;industrie des couteaux militaires et tactiques.<\/p>\n","protected":false},"featured_media":333987,"comment_status":"open","ping_status":"closed","template":"","meta":[],"pwb-brand":[3767],"product_brand":[],"product_cat":[3697,3696],"product_tag":[3754],"class_list":{"0":"post-333985","1":"product","2":"type-product","3":"status-publish","4":"has-post-thumbnail","6":"pwb-brand-rapport-extreme","7":"product_cat-couteaux-solides","8":"product_cat-des-couteaux","9":"product_tag-b2b-fr","11":"first","12":"instock","13":"taxable","14":"shipping-taxable","15":"purchasable","16":"product-type-simple"},"brands":[{"id":3767,"name":"Rapport extr\u00eame","slug":"rapport-extreme"}],"_links":{"self":[{"href":"https:\/\/www.moskito.cz\/fr\/wp-json\/wp\/v2\/product\/333985","targetHints":{"allow":["GET"]}}],"collection":[{"href":"https:\/\/www.moskito.cz\/fr\/wp-json\/wp\/v2\/product"}],"about":[{"href":"https:\/\/www.moskito.cz\/fr\/wp-json\/wp\/v2\/types\/product"}],"replies":[{"embeddable":true,"href":"https:\/\/www.moskito.cz\/fr\/wp-json\/wp\/v2\/comments?post=333985"}],"wp:featuredmedia":[{"embeddable":true,"href":"https:\/\/www.moskito.cz\/fr\/wp-json\/wp\/v2\/media\/333987"}],"wp:attachment":[{"href":"https:\/\/www.moskito.cz\/fr\/wp-json\/wp\/v2\/media?parent=333985"}],"wp:term":[{"taxonomy":"pwb-brand","embeddable":true,"href":"https:\/\/www.moskito.cz\/fr\/wp-json\/wp\/v2\/pwb-brand?post=333985"},{"taxonomy":"product_brand","embeddable":true,"href":"https:\/\/www.moskito.cz\/fr\/wp-json\/wp\/v2\/product_brand?post=333985"},{"taxonomy":"product_cat","embeddable":true,"href":"https:\/\/www.moskito.cz\/fr\/wp-json\/wp\/v2\/product_cat?post=333985"},{"taxonomy":"product_tag","embeddable":true,"href":"https:\/\/www.moskito.cz\/fr\/wp-json\/wp\/v2\/product_tag?post=333985"}],"curies":[{"name":"wp","href":"https:\/\/api.w.org\/{rel}","templated":true}]}}