{"id":334040,"date":"2021-08-19T21:45:15","date_gmt":"2021-08-19T20:45:15","guid":{"rendered":"https:\/\/www.moskito.cz\/produkt\/couteau-de-fermeture-extrema-ratio-bf2-helmsman\/"},"modified":"2025-05-07T11:11:47","modified_gmt":"2025-05-07T10:11:47","slug":"couteau-de-fermeture-extrema-ratio-bf2-helmsman","status":"publish","type":"product","link":"https:\/\/www.moskito.cz\/fr\/produkt\/couteau-de-fermeture-extrema-ratio-bf2-helmsman\/","title":{"rendered":"Couteau de fermeture Extrema Ratio BF2 HELMSMAN"},"content":{"rendered":"<p>Couteau de fermeture <strong>Extrema Ratio<\/strong> BF2 Timonier.<\/p>\n<p>Le Helmsman est un couteau con\u00e7u et perfectionn\u00e9 dans les moindres d\u00e9tails pour son utilisation principale en milieu marin et repr\u00e9sente l&rsquo;\u00e9volution du mod\u00e8le BF2 V introduit sur le navire-\u00e9cole Amerigo Vespucci en 2013 et d\u00e9di\u00e9 au plus beau navire du monde.<\/p>\n<p>La lame, \u00e9tendue \u00e0 87 mm, pr\u00e9sente des dentelures \u00e0 la base, tandis que la pointe pr\u00e9sente un bord plat qui permet une coupe sym\u00e9trique avec un support plus large, tandis que le processus final de lavage \u00e0 la pierre prot\u00e8ge davantage contre la corrosion en milieu marin.<br \/>\nDONN\u00c9ES<br \/>\nPoids g.: 143<br \/>\nPoids onces&nbsp;: 5,04<br \/>\nLongueur de lame (mm): 87<br \/>\nLongueur de la lame (pouces)&nbsp;: 3,42<br \/>\nLongueur totale (mm): 210<br \/>\nLongueur totale (pouces)&nbsp;: 8,26<br \/>\n\u00c9paisseur de la lame (mm):3<br \/>\n\u00c9paisseur de la lame (pouces) : 0,12<br \/>\nMat\u00e9riau de la lame : ACIER B\u00f6HLER N690 (58HRC)<br \/>\nTraitement de surface de la lame : PIERRES LAV\u00c9ES<br \/>\nArrondi de la lame&nbsp;: FIL PLAT<br \/>\nDents partielles (pouces) : 1,57<br \/>\nDents partielles (mm):40<br \/>\nMat\u00e9riau du manche : ALUMINIUM ANODIS\u00c9 ANTICORRODAL<\/p>\n","protected":false},"excerpt":{"rendered":"<p>Bas\u00e9e \u00e0 Prato, en Italie <strong>, Extrema Ratio<\/strong> con\u00e7oit et fabrique des couteaux de combat, militaires, de cuisine, de chasse et tactiques de haute performance depuis 1997 et jouit d&rsquo;une r\u00e9putation de qualit\u00e9 sup\u00e9rieure sans \u00e9gal dans l&rsquo;industrie des couteaux militaires et tactiques. <strong>Transports gratuits.<\/strong><\/p>\n","protected":false},"featured_media":431772,"comment_status":"open","ping_status":"closed","template":"","meta":[],"pwb-brand":[3767],"product_brand":[],"product_cat":[3700,3696],"product_tag":[3754],"class_list":{"0":"post-334040","1":"product","2":"type-product","3":"status-publish","4":"has-post-thumbnail","6":"pwb-brand-rapport-extreme","7":"product_cat-couteaux-de-fermeture","8":"product_cat-des-couteaux","9":"product_tag-b2b-fr","11":"first","12":"instock","13":"taxable","14":"shipping-taxable","15":"purchasable","16":"product-type-simple"},"brands":[{"id":3767,"name":"Rapport extr\u00eame","slug":"rapport-extreme"}],"_links":{"self":[{"href":"https:\/\/www.moskito.cz\/fr\/wp-json\/wp\/v2\/product\/334040","targetHints":{"allow":["GET"]}}],"collection":[{"href":"https:\/\/www.moskito.cz\/fr\/wp-json\/wp\/v2\/product"}],"about":[{"href":"https:\/\/www.moskito.cz\/fr\/wp-json\/wp\/v2\/types\/product"}],"replies":[{"embeddable":true,"href":"https:\/\/www.moskito.cz\/fr\/wp-json\/wp\/v2\/comments?post=334040"}],"wp:featuredmedia":[{"embeddable":true,"href":"https:\/\/www.moskito.cz\/fr\/wp-json\/wp\/v2\/media\/431772"}],"wp:attachment":[{"href":"https:\/\/www.moskito.cz\/fr\/wp-json\/wp\/v2\/media?parent=334040"}],"wp:term":[{"taxonomy":"pwb-brand","embeddable":true,"href":"https:\/\/www.moskito.cz\/fr\/wp-json\/wp\/v2\/pwb-brand?post=334040"},{"taxonomy":"product_brand","embeddable":true,"href":"https:\/\/www.moskito.cz\/fr\/wp-json\/wp\/v2\/product_brand?post=334040"},{"taxonomy":"product_cat","embeddable":true,"href":"https:\/\/www.moskito.cz\/fr\/wp-json\/wp\/v2\/product_cat?post=334040"},{"taxonomy":"product_tag","embeddable":true,"href":"https:\/\/www.moskito.cz\/fr\/wp-json\/wp\/v2\/product_tag?post=334040"}],"curies":[{"name":"wp","href":"https:\/\/api.w.org\/{rel}","templated":true}]}}