{"id":334079,"date":"2022-07-07T20:44:29","date_gmt":"2024-04-17T12:20:54","guid":{"rendered":"https:\/\/www.moskito.cz\/produkt\/couteau-de-fermeture-extrema-ratio-rao-ii\/"},"modified":"2025-05-07T11:11:49","modified_gmt":"2025-05-07T10:11:49","slug":"couteau-de-fermeture-extrema-ratio-rao-ii","status":"publish","type":"product","link":"https:\/\/www.moskito.cz\/fr\/produkt\/couteau-de-fermeture-extrema-ratio-rao-ii\/","title":{"rendered":"Couteau de fermeture Extrema Ratio RAO II"},"content":{"rendered":"<p>Couteau de fermeture <strong>Extrema Ratio<\/strong> RAO II<\/p>\n<p>Le RAO II est une nouvelle version du c\u00e9l\u00e8bre couteau Extrema Ratio RAO ; il est livr\u00e9 avec une nouvelle lame \u00e0 pointe tombante et une poign\u00e9e am\u00e9lior\u00e9e, arrondie dans les coins sup\u00e9rieurs pour une prise plus ergonomique. Le verrouillage de s\u00e9curit\u00e9 suppl\u00e9mentaire le transforme efficacement en un couteau \u00e0 lame fixe qui permet d&rsquo;excellentes performances de coupe sans risque de blessure. L&rsquo;\u00e9tui peut maintenir le couteau en position ouverte pour un usage fr\u00e9quent ou en position ferm\u00e9e \u00e0 l&rsquo;int\u00e9rieur de la poche avant. Il est livr\u00e9 avec une meule d\u2019aff\u00fbtage diamant\u00e9e qui maintient toujours un bord parfait.<\/p>\n<p>G. POIDS&nbsp;:&nbsp;322<br \/>\nPOIDS OZ.: 11,4<br \/>\nLONGUEUR DE LA LAME (MM): 119<br \/>\nLONGUEUR DE LA LAME (PO): 4,7<br \/>\nLONGUEUR TOTALE (MM): 263<br \/>\nLONGUEUR TOTALE (PO): 10,4<br \/>\n\u00c9PAISSEUR DE LA LAME (MM): 6<br \/>\n\u00c9PAISSEUR DE LA LAME (PO): 0,24<br \/>\nMAT\u00c9RIAU DE LA LAME&nbsp;: ACIER B\u00d6HLER N690 (58HRC)<br \/>\nFINITION DU COUTEAU&nbsp;: POSE MIL-C-13924<br \/>\nGRILLE PRINCIPALE&nbsp;: PLATE<br \/>\nMAT\u00c9RIAU DE LA POIGN\u00c9E&nbsp;: ALUMINIUM ANODIS\u00c9 ANTICORROSION<\/p>\n","protected":false},"excerpt":{"rendered":"<p>Bas\u00e9e \u00e0 Prato, en Italie <strong>, Extrema Ratio<\/strong> con\u00e7oit et fabrique des couteaux de combat, militaires, de cuisine, de chasse et tactiques de haute performance depuis 1997 et jouit d&rsquo;une r\u00e9putation de qualit\u00e9 sup\u00e9rieure sans \u00e9gal dans l&rsquo;industrie des couteaux militaires et tactiques. <strong>Transports gratuits.<\/strong><\/p>\n","protected":false},"featured_media":334080,"comment_status":"open","ping_status":"closed","template":"","meta":[],"pwb-brand":[3767],"product_brand":[],"product_cat":[3700,3696],"product_tag":[],"class_list":{"0":"post-334079","1":"product","2":"type-product","3":"status-publish","4":"has-post-thumbnail","6":"pwb-brand-rapport-extreme","7":"product_cat-couteaux-de-fermeture","8":"product_cat-des-couteaux","10":"first","11":"instock","12":"taxable","13":"shipping-taxable","14":"purchasable","15":"product-type-simple"},"brands":[{"id":3767,"name":"Rapport extr\u00eame","slug":"rapport-extreme"}],"_links":{"self":[{"href":"https:\/\/www.moskito.cz\/fr\/wp-json\/wp\/v2\/product\/334079","targetHints":{"allow":["GET"]}}],"collection":[{"href":"https:\/\/www.moskito.cz\/fr\/wp-json\/wp\/v2\/product"}],"about":[{"href":"https:\/\/www.moskito.cz\/fr\/wp-json\/wp\/v2\/types\/product"}],"replies":[{"embeddable":true,"href":"https:\/\/www.moskito.cz\/fr\/wp-json\/wp\/v2\/comments?post=334079"}],"wp:featuredmedia":[{"embeddable":true,"href":"https:\/\/www.moskito.cz\/fr\/wp-json\/wp\/v2\/media\/334080"}],"wp:attachment":[{"href":"https:\/\/www.moskito.cz\/fr\/wp-json\/wp\/v2\/media?parent=334079"}],"wp:term":[{"taxonomy":"pwb-brand","embeddable":true,"href":"https:\/\/www.moskito.cz\/fr\/wp-json\/wp\/v2\/pwb-brand?post=334079"},{"taxonomy":"product_brand","embeddable":true,"href":"https:\/\/www.moskito.cz\/fr\/wp-json\/wp\/v2\/product_brand?post=334079"},{"taxonomy":"product_cat","embeddable":true,"href":"https:\/\/www.moskito.cz\/fr\/wp-json\/wp\/v2\/product_cat?post=334079"},{"taxonomy":"product_tag","embeddable":true,"href":"https:\/\/www.moskito.cz\/fr\/wp-json\/wp\/v2\/product_tag?post=334079"}],"curies":[{"name":"wp","href":"https:\/\/api.w.org\/{rel}","templated":true}]}}