{"id":334214,"date":"2024-04-17T20:05:39","date_gmt":"2024-04-17T19:07:27","guid":{"rendered":"https:\/\/www.moskito.cz\/produkt\/couteau-damas-pliant-crkt-folts-ritual-compact-7466\/"},"modified":"2025-05-07T11:11:51","modified_gmt":"2025-05-07T10:11:51","slug":"couteau-damas-pliant-crkt-folts-ritual-compact-7466","status":"publish","type":"product","link":"https:\/\/www.moskito.cz\/fr\/produkt\/couteau-damas-pliant-crkt-folts-ritual-compact-7466\/","title":{"rendered":"Couteau Damas Pliant CRKT Folts Ritual Compact 7466"},"content":{"rendered":"<p>Couteau pliant Damas <strong>CRKT<\/strong> Folts Ritual Compact 7466.<\/p>\n<p>Un ajout de pointe \u00e0 la famille Ritual\u2122, le Ritual\u2122 Compact est un couteau de poche pliant exceptionnel inspir\u00e9 des lames fixes persanes de l&rsquo;ancien monde. Fabriqu\u00e9 en acier Damas avec une lame plus courte mesurant un peu plus de trois pouces, ce superbe sac de tous les jours impressionnera \u00e0 coup s\u00fbr par sa finition grav\u00e9e \u00e0 l&rsquo;acide et ses poign\u00e9es en titane anodis\u00e9 bleu. Que vous combattiez dans l&rsquo;ancienne Perse ou que vous am\u00e9lioriez votre collection, faites-le avec style.<br \/>\nMat\u00e9riaux haut de gamme&nbsp;: lame en acier damas pour d&rsquo;excellentes performances de coupe<br \/>\nOuverture en douceur : Flipper ou pouce avec axe \u00e0 roulement \u00e0 billes IKBS\u2122 d\u00e9ploie la lame en douceur<br \/>\nSolide et visuel&nbsp;: le manche en fibre de carbone avec renfort damass\u00e9 allie r\u00e9sistance et attrait visuel<br \/>\nFacile \u00e0 fermer : Le verrou en titane peut \u00eatre ferm\u00e9 facilement d&rsquo;une seule main<br \/>\nAttrait visuel&nbsp;: espaceur et clips en titane anodis\u00e9 bleu<\/p>\n<p>Lame Acier Damas<br \/>\nBord de lame uni<br \/>\nTraitement de surface de la lame de gravure \u00e0 l&rsquo;acide<\/p>\n<p>Longueur de la lame : 8,44 cm<br \/>\n\u00c9paisseur de la lame : 0,32 cm<br \/>\nLongueur totale : 18,41 cm<br \/>\nLongueur ferm\u00e9 : 10,15 cm<br \/>\nPoids 3,20 onces (90,72 g)<\/p>\n<p>Mat\u00e9riau du manche Fibre de carbone avec coussin damass\u00e9<br \/>\nCouteau pliant \u00e9l\u00e9gant avec Liner Lock<\/p>\n<p><iframe title=\"CRKT Ritual\u2122 Compact | Alan Folts Design\" width=\"800\" height=\"450\" src=\"https:\/\/www.youtube.com\/embed\/0UcKXyF5Lf4?feature=oembed\" frameborder=\"0\" allow=\"accelerometer; autoplay; clipboard-write; encrypted-media; gyroscope; picture-in-picture; web-share\" referrerpolicy=\"strict-origin-when-cross-origin\" allowfullscreen><\/iframe><\/p>\n<p>&nbsp;<\/p>\n","protected":false},"excerpt":{"rendered":"<p>Alan Foltz<br \/>\nMelbourne, Floride<br \/>\nLorsqu&rsquo;il s&rsquo;agit de couteaux, Alan sait tout ce qu&rsquo;il faut pour redonner aux gens. Il a gravi les \u00e9chelons des coll\u00e8ges en pr\u00e9sentant des couteaux dans des expositions d&rsquo;art. Depuis lors, il n\u2019a cess\u00e9 d\u2019enseigner et de transmettre \u00e0 d\u2019autres les comp\u00e9tences de la fabrication de couteaux sur mesure. Elle se sp\u00e9cialise dans les lames solides uniques dot\u00e9es d&rsquo;une excellente ergonomie et d&rsquo;un design futuriste \u00e9l\u00e9gant, comme la s\u00e9rie \u00e0 succ\u00e8s Folts Minimalist \u00ae.<\/p>\n<p>Transports gratuits.<\/p>\n","protected":false},"featured_media":334166,"comment_status":"open","ping_status":"closed","template":"","meta":[],"pwb-brand":[3762],"product_brand":[],"product_cat":[3760,3696],"product_tag":[3754],"class_list":{"0":"post-334214","1":"product","2":"type-product","3":"status-publish","4":"has-post-thumbnail","6":"pwb-brand-crkt-fr","7":"product_cat-couteaux-damasquines","8":"product_cat-des-couteaux","9":"product_tag-b2b-fr","11":"first","12":"instock","13":"taxable","14":"shipping-taxable","15":"purchasable","16":"product-type-simple"},"brands":[{"id":3762,"name":"CRKT","slug":"crkt-fr"}],"_links":{"self":[{"href":"https:\/\/www.moskito.cz\/fr\/wp-json\/wp\/v2\/product\/334214","targetHints":{"allow":["GET"]}}],"collection":[{"href":"https:\/\/www.moskito.cz\/fr\/wp-json\/wp\/v2\/product"}],"about":[{"href":"https:\/\/www.moskito.cz\/fr\/wp-json\/wp\/v2\/types\/product"}],"replies":[{"embeddable":true,"href":"https:\/\/www.moskito.cz\/fr\/wp-json\/wp\/v2\/comments?post=334214"}],"wp:featuredmedia":[{"embeddable":true,"href":"https:\/\/www.moskito.cz\/fr\/wp-json\/wp\/v2\/media\/334166"}],"wp:attachment":[{"href":"https:\/\/www.moskito.cz\/fr\/wp-json\/wp\/v2\/media?parent=334214"}],"wp:term":[{"taxonomy":"pwb-brand","embeddable":true,"href":"https:\/\/www.moskito.cz\/fr\/wp-json\/wp\/v2\/pwb-brand?post=334214"},{"taxonomy":"product_brand","embeddable":true,"href":"https:\/\/www.moskito.cz\/fr\/wp-json\/wp\/v2\/product_brand?post=334214"},{"taxonomy":"product_cat","embeddable":true,"href":"https:\/\/www.moskito.cz\/fr\/wp-json\/wp\/v2\/product_cat?post=334214"},{"taxonomy":"product_tag","embeddable":true,"href":"https:\/\/www.moskito.cz\/fr\/wp-json\/wp\/v2\/product_tag?post=334214"}],"curies":[{"name":"wp","href":"https:\/\/api.w.org\/{rel}","templated":true}]}}