{"id":334241,"date":"2022-09-27T20:41:31","date_gmt":"2022-09-27T19:41:31","guid":{"rendered":"https:\/\/www.moskito.cz\/produkt\/couteau-fixe-crkt-hz6-2927\/"},"modified":"2025-05-07T11:11:52","modified_gmt":"2025-05-07T10:11:52","slug":"couteau-fixe-crkt-hz6-2927","status":"publish","type":"product","link":"https:\/\/www.moskito.cz\/fr\/produkt\/couteau-fixe-crkt-hz6-2927\/","title":{"rendered":"Couteau Fixe CRKT HZ6 2927"},"content":{"rendered":"<p>Couteau fixe CRKT HZ6 2927.<\/p>\n<p>Con\u00e7u pour le guerrier moderne. Rendant hommage au hira-zukuri \u2013 l&rsquo;\u00e9p\u00e9e droite japonaise classique \u2013 le coutelier James Williams nous pr\u00e9sente le HZ6. Lame originale de style hira-zukuri, datant du 8\u00e8me si\u00e8cle. si\u00e8cle, elle a d&rsquo;abord \u00e9t\u00e9 popularis\u00e9e dans les poignards et utilis\u00e9e comme \u00e9p\u00e9e \u00ab courte \u00bb solide pour la survie et l&rsquo;usage quotidien. Et comme ses origines, le HZ6 est sp\u00e9cialement con\u00e7u pour les vrais guerriers, et est d\u00e9sormais con\u00e7u pour r\u00e9pondre aux exigences du monde moderne.<\/p>\n<p>Le HZ6 rend hommage \u00e0 l&rsquo;\u00e9p\u00e9e droite japonaise classique et est bas\u00e9 sur le style ancien de la lame hira-zukuri, qui n&rsquo;a pas de lignes de cr\u00eate. Mais le v\u00e9ritable pouvoir derri\u00e8re la surface lisse de la lame de ce couteau tactique r\u00e9side dans sa capacit\u00e9 \u00e0 atteindre une p\u00e9n\u00e9tration incroyablement propre sur toutes les surfaces rencontr\u00e9es. Et comme la lame est recouverte d&rsquo;un rev\u00eatement pour r\u00e9duire la rouille et la corrosion, vous aurez moins de soucis lorsque vous l&rsquo;utiliserez par temps plus rude ou plus humide.<\/p>\n<p>Et qu&rsquo;y a-t-il dans le nom ? Les deux premi\u00e8res initiales signifient \u00ab hira-zukuri \u00bb tandis que le chiffre \u00ab 6 \u00bb fait r\u00e9f\u00e9rence \u00e0 la lame massive de 6,5 pouces. Sa taille n&rsquo;est pas la seule chose dont il faut s&rsquo;inqui\u00e9ter&nbsp;: il est fabriqu\u00e9 \u00e0 partir d&rsquo;acier au carbone SK-5 r\u00e9sistant, la d\u00e9coupe et le poin\u00e7onnage sont une seconde nature avec le HZ6. M\u00eame le manche du couteau est d&rsquo;influence japonaise, le x sculpt\u00e9 sur le manche repr\u00e9sente l&#8217;emballage traditionnel de l&rsquo;\u00e9p\u00e9e. Ce n&rsquo;est pas seulement \u00e0 des fins esth\u00e9tiques : con\u00e7u pour offrir une excellente adh\u00e9rence aux mains froides, mouill\u00e9es, gant\u00e9es ou non ; \u00e0 chaque coup et coup, la r\u00e9sistance augmente. Combin\u00e9 avec un \u00e9tui bien ajust\u00e9, utilisez le clip de l&rsquo;\u00e9tui pour le maintenir tr\u00e8s pr\u00e8s de votre ceinture, ou faites passer le cordon dans le trou \u00e0 la base de la poign\u00e9e.<\/p>\n<p>Excellent choix pour le combat ou la d\u00e9fense tactique, le HZ6 permet de devenir facilement un guerrier moderne.<\/p>\n<p>CARACT\u00c9RISTIQUES<br \/>\nLongueur de la lame 6,50 po (165,10 mm)<br \/>\nLame lame Plaine<br \/>\nLame en acier SK-5<br \/>\nTraitement de surface de la lame avec rev\u00eatement en poudre<br \/>\n\u00c9paisseur de la lame 0,21 po (5,41 mm)<br \/>\nLongueur totale 11,31&Prime; (287,35 mm)<br \/>\nPoids 8,40 onces (238,14 g)<br \/>\nPoign\u00e9e G10<br \/>\nStyle Couteau \u00e0 lame fixe avec \u00e9tui<br \/>\nMat\u00e9riau de la coque Boltaron\u00ae<br \/>\nPoids de la coquille 2,50 oz (70,87 g)<\/p>\n<p><iframe title=\"CRKT HZ6 | James Williams Design\" width=\"800\" height=\"450\" src=\"https:\/\/www.youtube.com\/embed\/QZMI-Y2l75s?feature=oembed\" frameborder=\"0\" allow=\"accelerometer; autoplay; clipboard-write; encrypted-media; gyroscope; picture-in-picture; web-share\" referrerpolicy=\"strict-origin-when-cross-origin\" allowfullscreen><\/iframe><\/p>\n<p>&nbsp;<\/p>\n","protected":false},"excerpt":{"rendered":"<p>Con\u00e7u par James Williams \u00e0 Vass, Caroline du Nord.<\/p>\n","protected":false},"featured_media":334242,"comment_status":"open","ping_status":"closed","template":"","meta":[],"pwb-brand":[3762],"product_brand":[],"product_cat":[3697,3696],"product_tag":[3754],"class_list":{"0":"post-334241","1":"product","2":"type-product","3":"status-publish","4":"has-post-thumbnail","6":"pwb-brand-crkt-fr","7":"product_cat-couteaux-solides","8":"product_cat-des-couteaux","9":"product_tag-b2b-fr","11":"first","12":"instock","13":"taxable","14":"shipping-taxable","15":"purchasable","16":"product-type-simple"},"brands":[{"id":3762,"name":"CRKT","slug":"crkt-fr"}],"_links":{"self":[{"href":"https:\/\/www.moskito.cz\/fr\/wp-json\/wp\/v2\/product\/334241","targetHints":{"allow":["GET"]}}],"collection":[{"href":"https:\/\/www.moskito.cz\/fr\/wp-json\/wp\/v2\/product"}],"about":[{"href":"https:\/\/www.moskito.cz\/fr\/wp-json\/wp\/v2\/types\/product"}],"replies":[{"embeddable":true,"href":"https:\/\/www.moskito.cz\/fr\/wp-json\/wp\/v2\/comments?post=334241"}],"wp:featuredmedia":[{"embeddable":true,"href":"https:\/\/www.moskito.cz\/fr\/wp-json\/wp\/v2\/media\/334242"}],"wp:attachment":[{"href":"https:\/\/www.moskito.cz\/fr\/wp-json\/wp\/v2\/media?parent=334241"}],"wp:term":[{"taxonomy":"pwb-brand","embeddable":true,"href":"https:\/\/www.moskito.cz\/fr\/wp-json\/wp\/v2\/pwb-brand?post=334241"},{"taxonomy":"product_brand","embeddable":true,"href":"https:\/\/www.moskito.cz\/fr\/wp-json\/wp\/v2\/product_brand?post=334241"},{"taxonomy":"product_cat","embeddable":true,"href":"https:\/\/www.moskito.cz\/fr\/wp-json\/wp\/v2\/product_cat?post=334241"},{"taxonomy":"product_tag","embeddable":true,"href":"https:\/\/www.moskito.cz\/fr\/wp-json\/wp\/v2\/product_tag?post=334241"}],"curies":[{"name":"wp","href":"https:\/\/api.w.org\/{rel}","templated":true}]}}