{"id":334330,"date":"2024-04-17T20:26:34","date_gmt":"2024-04-17T19:29:53","guid":{"rendered":"https:\/\/www.moskito.cz\/produkt\/couteaux-de-lancer-crkt-ken-onion-3pc-couteaux-de-lancer-k930rkp\/"},"modified":"2025-05-07T11:11:55","modified_gmt":"2025-05-07T10:11:55","slug":"couteaux-de-lancer-crkt-ken-onion-3pc-couteaux-de-lancer-k930rkp","status":"publish","type":"product","link":"https:\/\/www.moskito.cz\/fr\/produkt\/couteaux-de-lancer-crkt-ken-onion-3pc-couteaux-de-lancer-k930rkp\/","title":{"rendered":"Couteaux de lancer CRKT Ken Onion 3pc Couteaux de lancer K930RKP"},"content":{"rendered":"<p>Couteaux de lancer <strong>CRKT<\/strong> Ken Onion 3pc Couteaux de lancer K930RKP<\/p>\n<p>Le premier couteau de lancer de Ken Onion.<\/p>\n<p>Apr\u00e8s d&rsquo;innombrables it\u00e9rations et tests, Ken Onion a perfectionn\u00e9 la conception de son couteau de lancer et est pr\u00eat \u00e0 le partager avec le monde. Ces couteaux parfaitement \u00e9quilibr\u00e9s sont con\u00e7us pour r\u00e9pondre \u00e0 toutes les exigences du lanceur de couteaux moderne. Les couteaux \u00e0 lancer d&rsquo;oignons sont livr\u00e9s par lot de trois, avec un \u00e9tui en nylon robuste pour les transporter en toute s\u00e9curit\u00e9 sur votre ceinture.<br \/>\nRobustesse forg\u00e9e&nbsp;: l&rsquo;acier au carbone 1050 offre durabilit\u00e9 et r\u00e9tention des bords<br \/>\nFull Control : Rainures pour un contr\u00f4le maximal du lancer<br \/>\nAttrait visuel : Rev\u00eatement en poudre noire avec spray de peinture rouge<br \/>\nConstruction solide&nbsp;: l\u2019\u00e9tui en nylon tiss\u00e9 est l\u00e9ger et durable<br \/>\nAmbidextre : La conception sym\u00e9trique permet un lancer \u00e0 gauche ou \u00e0 droite<br \/>\nPlus de couteaux : Lot de 3 couteaux avec \u00e9tui de ceinture.<\/p>\n<p><iframe title=\"CRKT Onion Throwing Knives | Ken Onion Design\" width=\"800\" height=\"450\" src=\"https:\/\/www.youtube.com\/embed\/UTpZODJUOv0?feature=oembed\" frameborder=\"0\" allow=\"accelerometer; autoplay; clipboard-write; encrypted-media; gyroscope; picture-in-picture; web-share\" referrerpolicy=\"strict-origin-when-cross-origin\" allowfullscreen><\/iframe><\/p>\n<p>&nbsp;<\/p>\n","protected":false},"excerpt":{"rendered":"<p>Ken Oignon<br \/>\nKaneohe, Hawa\u00ef<br \/>\nKen est la vraie affaire. Ken, le plus jeune intronis\u00e9 au Temple de la renomm\u00e9e du magazine Blade en 2008, est reconnu comme l&rsquo;un des cr\u00e9ateurs de couteaux les plus innovants et les plus performants de tous les temps. En 1996, il a cr\u00e9\u00e9 le premier m\u00e9canisme d&rsquo;ouverture assist\u00e9e \u00e0 succ\u00e8s commercial et a d\u00e9voil\u00e9 20 ans plus tard sa technologie prim\u00e9e Field Strip. Aujourd&rsquo;hui, cette innovation qui change le monde \u00e9tablit une nouvelle norme avec la technologie Field Strip Gen II, une renaissance qui doit \u00eatre \u00e0 la hauteur de son nom.<\/p>\n","protected":false},"featured_media":334277,"comment_status":"open","ping_status":"closed","template":"","meta":[],"pwb-brand":[3762],"product_brand":[],"product_cat":[3696,3698],"product_tag":[3754],"class_list":{"0":"post-334330","1":"product","2":"type-product","3":"status-publish","4":"has-post-thumbnail","6":"pwb-brand-crkt-fr","7":"product_cat-des-couteaux","8":"product_cat-lancer-des-couteaux","9":"product_tag-b2b-fr","11":"first","12":"outofstock","13":"taxable","14":"shipping-taxable","15":"purchasable","16":"product-type-simple"},"brands":[{"id":3762,"name":"CRKT","slug":"crkt-fr"}],"_links":{"self":[{"href":"https:\/\/www.moskito.cz\/fr\/wp-json\/wp\/v2\/product\/334330","targetHints":{"allow":["GET"]}}],"collection":[{"href":"https:\/\/www.moskito.cz\/fr\/wp-json\/wp\/v2\/product"}],"about":[{"href":"https:\/\/www.moskito.cz\/fr\/wp-json\/wp\/v2\/types\/product"}],"replies":[{"embeddable":true,"href":"https:\/\/www.moskito.cz\/fr\/wp-json\/wp\/v2\/comments?post=334330"}],"wp:featuredmedia":[{"embeddable":true,"href":"https:\/\/www.moskito.cz\/fr\/wp-json\/wp\/v2\/media\/334277"}],"wp:attachment":[{"href":"https:\/\/www.moskito.cz\/fr\/wp-json\/wp\/v2\/media?parent=334330"}],"wp:term":[{"taxonomy":"pwb-brand","embeddable":true,"href":"https:\/\/www.moskito.cz\/fr\/wp-json\/wp\/v2\/pwb-brand?post=334330"},{"taxonomy":"product_brand","embeddable":true,"href":"https:\/\/www.moskito.cz\/fr\/wp-json\/wp\/v2\/product_brand?post=334330"},{"taxonomy":"product_cat","embeddable":true,"href":"https:\/\/www.moskito.cz\/fr\/wp-json\/wp\/v2\/product_cat?post=334330"},{"taxonomy":"product_tag","embeddable":true,"href":"https:\/\/www.moskito.cz\/fr\/wp-json\/wp\/v2\/product_tag?post=334330"}],"curies":[{"name":"wp","href":"https:\/\/api.w.org\/{rel}","templated":true}]}}