{"id":334375,"date":"2024-04-17T20:41:20","date_gmt":"2024-04-17T19:43:06","guid":{"rendered":"https:\/\/www.moskito.cz\/produkt\/couteau-fixe-crkt-clever-girl-2709b\/"},"modified":"2025-05-07T11:11:55","modified_gmt":"2025-05-07T10:11:55","slug":"couteau-fixe-crkt-clever-girl-2709b","status":"publish","type":"product","link":"https:\/\/www.moskito.cz\/fr\/produkt\/couteau-fixe-crkt-clever-girl-2709b\/","title":{"rendered":"Couteau Fixe CRKT Clever Girl 2709B"},"content":{"rendered":"<p>Couteau fixe <strong>CRKT<\/strong> Clever Girl 2709B.<\/p>\n<p>La lame fixe Tactical Clever Girl\u2122 peut vous aider \u00e0 vous sortir des situations difficiles gr\u00e2ce \u00e0 sa lame puissante et balay\u00e9e vers le haut. Cette version ajoute une utilit\u00e9 suppl\u00e9mentaire sous la forme de Veff Serrations\u2122 pour couper facilement des objets comme la corde, et une poign\u00e9e G10 marbr\u00e9e pour plus d&rsquo;\u00e9l\u00e9gance et une fonctionnalit\u00e9 de pr\u00e9hension par tous les temps.<\/p>\n<p>L&rsquo;association caritative d&rsquo;Austin McGlaun pour ce couteau est la Fondation Green Beret.<\/p>\n<p>Fond\u00e9 en 2016, le programme Forged by War\u00ae a \u00e9t\u00e9 le fer de lance de la collaboration entre CRKT et Veterans et invite les vrais guerriers \u00e0 appliquer leurs connaissances et leur exp\u00e9rience pour concevoir une gamme sp\u00e9ciale de couteaux et d&rsquo;outils pr\u00eats pour la mission. En plus de recevoir une commission pour leurs cr\u00e9ations, une partie des b\u00e9n\u00e9fices est revers\u00e9e \u00e0 un organisme de bienfaisance pour anciens combattants. CRKT est fier d&rsquo;offrir cette collecte de fonds sp\u00e9cialis\u00e9e pour soutenir les organismes de bienfaisance participants \u00e0 l&rsquo;\u00e9chelle nationale.<\/p>\n<p>Acier haute performance : l&rsquo;acier au carbone SK-5 maintient bien la lame<br \/>\nExtr\u00eamement tranchant&nbsp;: les Veff Serrations\u2122 offrent une excellente puissance de coupe pour les cordes et les sangles<br \/>\nAdh\u00e9rence exceptionnelle : La poign\u00e9e G10 offre une adh\u00e9rence exceptionnelle dans toutes les conditions<br \/>\nCompatible avec bo\u00eete de vitesses : Coque thermoplastique durable avec option de montage<br \/>\nCompatible avec les \u00e9quipements&nbsp;: les clips internes r\u00e9glables garantissent un port s\u00e9curis\u00e9 de la ceinture et de la sangle<br \/>\nCaract\u00e9ristiques<\/p>\n<p>Lame en acier SK-5<br \/>\nBord de lame Veff Serrations\u2122<br \/>\nTraitement de surface du rev\u00eatement en poudre de la lame<\/p>\n<p>Longueur de la lame : 11,68 cm<br \/>\n\u00c9paisseur de la lame 0,40 cm<br \/>\nLongueur totale : 25,71 cm<br \/>\nPoids 6,30 onces. (178,60g)<br \/>\nAUTRE<br \/>\nMat\u00e9riau du manche G10<br \/>\nCouteau \u00e0 lame fixe \u00e9l\u00e9gant avec \u00e9tui<br \/>\nMat\u00e9riau de la coque Thermoplastique<\/p>\n<p><iframe title=\"CRKT Clever Girl\u2122 Fixed | Austin McGlaun Design\" width=\"800\" height=\"450\" src=\"https:\/\/www.youtube.com\/embed\/lsooCJ8hItI?feature=oembed\" frameborder=\"0\" allow=\"accelerometer; autoplay; clipboard-write; encrypted-media; gyroscope; picture-in-picture; web-share\" referrerpolicy=\"strict-origin-when-cross-origin\" allowfullscreen><\/iframe><\/p>\n<p>&nbsp;<\/p>\n<p>&nbsp;<\/p>\n","protected":false},"excerpt":{"rendered":"<p>DESIGNER<br \/>\nAustin McGlaun<br \/>\nParc Spring Lake, Minnesota<br \/>\nIl y a ceux qui se battent avec des couteaux. Il y en a d&rsquo;autres qui les sugg\u00e8rent. Et puis&#8230; il y a Austin. Apr\u00e8s avoir servi avec le 101e Division a\u00e9roport\u00e9e en Irak et en tant que policier de rue \u00e0 Columbus, en G\u00e9orgie, il sait qu&rsquo;un couteau doit fonctionner \u00e0 la fois comme une arme et comme un outil. Dans le cadre du programme Forged By War\u00ae, il a appliqu\u00e9 ses comp\u00e9tences de v\u00e9t\u00e9ran de combat et de coutelier au d\u00e9veloppement de Clever Girl\u2122. Sans oublier une nouvelle fa\u00e7on de ramener vos camarades \u00e0 la maison. Lorsque vous l&rsquo;interrogez sur sa philosophie du design, il vous r\u00e9pond que si un couteau est moche mais efficace, il n&rsquo;est pas moche. C&rsquo;est parfait.<\/p>\n","protected":false},"featured_media":334335,"comment_status":"open","ping_status":"closed","template":"","meta":[],"pwb-brand":[3762],"product_brand":[],"product_cat":[3697,3696],"product_tag":[3754],"class_list":{"0":"post-334375","1":"product","2":"type-product","3":"status-publish","4":"has-post-thumbnail","6":"pwb-brand-crkt-fr","7":"product_cat-couteaux-solides","8":"product_cat-des-couteaux","9":"product_tag-b2b-fr","11":"first","12":"instock","13":"sale","14":"taxable","15":"shipping-taxable","16":"purchasable","17":"product-type-simple"},"brands":[{"id":3762,"name":"CRKT","slug":"crkt-fr"}],"_links":{"self":[{"href":"https:\/\/www.moskito.cz\/fr\/wp-json\/wp\/v2\/product\/334375","targetHints":{"allow":["GET"]}}],"collection":[{"href":"https:\/\/www.moskito.cz\/fr\/wp-json\/wp\/v2\/product"}],"about":[{"href":"https:\/\/www.moskito.cz\/fr\/wp-json\/wp\/v2\/types\/product"}],"replies":[{"embeddable":true,"href":"https:\/\/www.moskito.cz\/fr\/wp-json\/wp\/v2\/comments?post=334375"}],"wp:featuredmedia":[{"embeddable":true,"href":"https:\/\/www.moskito.cz\/fr\/wp-json\/wp\/v2\/media\/334335"}],"wp:attachment":[{"href":"https:\/\/www.moskito.cz\/fr\/wp-json\/wp\/v2\/media?parent=334375"}],"wp:term":[{"taxonomy":"pwb-brand","embeddable":true,"href":"https:\/\/www.moskito.cz\/fr\/wp-json\/wp\/v2\/pwb-brand?post=334375"},{"taxonomy":"product_brand","embeddable":true,"href":"https:\/\/www.moskito.cz\/fr\/wp-json\/wp\/v2\/product_brand?post=334375"},{"taxonomy":"product_cat","embeddable":true,"href":"https:\/\/www.moskito.cz\/fr\/wp-json\/wp\/v2\/product_cat?post=334375"},{"taxonomy":"product_tag","embeddable":true,"href":"https:\/\/www.moskito.cz\/fr\/wp-json\/wp\/v2\/product_tag?post=334375"}],"curies":[{"name":"wp","href":"https:\/\/api.w.org\/{rel}","templated":true}]}}