{"id":334384,"date":"2022-06-08T10:06:35","date_gmt":"2024-04-18T06:12:31","guid":{"rendered":"https:\/\/www.moskito.cz\/produkt\/couteau-fixe-boker-plus-boker-plus-v-42\/"},"modified":"2025-05-07T11:11:57","modified_gmt":"2025-05-07T10:11:57","slug":"couteau-fixe-boker-plus-boker-plus-v-42","status":"publish","type":"product","link":"https:\/\/www.moskito.cz\/fr\/produkt\/couteau-fixe-boker-plus-boker-plus-v-42\/","title":{"rendered":"Couteau Fixe B\u00f6ker Plus B\u00f6ker Plus V-42"},"content":{"rendered":"<p>Couteau fixe <strong>B\u00f6ker<\/strong> Plus B\u00f6ker Plus V-42.<\/p>\n<p>La Brigade du Diable fut cr\u00e9\u00e9e en juillet 1942. Sous le nom officiel 1. Unit\u00e9 de service sp\u00e9cial, les soldats am\u00e9ricains et canadiens ont \u00e9t\u00e9 r\u00e9unis pour former une force op\u00e9rationnelle sp\u00e9ciale entra\u00een\u00e9e \u00e0 combattre derri\u00e8re les lignes ennemies. Les origines de nombreuses forces sp\u00e9ciales remontent \u00e0 cette force sp\u00e9ciale. En raison des nombreuses op\u00e9rations nocturnes o\u00f9 tous les visages \u00e9taient masqu\u00e9s pour se camoufler, la Wehrmacht allemande a invent\u00e9 son surnom de Diables Noirs, qui t\u00e9moignait du grand respect qu&rsquo;elle avait pour son ennemi, m\u00eame si l&rsquo;unit\u00e9 \u00e9tait relativement petite. Dans les ann\u00e9es 1943 et 1944 1. La SSF a men\u00e9 \u00e0 bien de nombreuses op\u00e9rations en Italie et en France et a pu influencer un certain nombre de situations importantes.<\/p>\n<p>Une partie importante de l&rsquo;\u00e9quipement de la Brigade du Diable \u00e9tait le couteau de combat V-42 sp\u00e9cialement con\u00e7u, qui faisait \u00e9galement partie d&rsquo;un entra\u00eenement intensif au combat rapproch\u00e9. Le manche des disques en cuir press\u00e9 se termine par un capuchon impact pointu. Un \u00e9pais rembourrage en cuir sous la t\u00eate l\u00e9g\u00e8rement incurv\u00e9e aurait d\u00fb \u00e9viter les blessures. La lame \u00e0 double tranchant en acier au carbone inoxydable SK-85 est rev\u00eatue et poss\u00e8de un repose-pouce ondul\u00e9 autour de la zone du ricasso. Ce poignard l\u00e9gendaire est toujours orn\u00e9 des insignes des forces sp\u00e9ciales de l&rsquo;arm\u00e9e am\u00e9ricaine.<\/p>\n<p>Cet objet de collection exclusif est livr\u00e9 non seulement avec un \u00e9tui en cuir classique, mais \u00e9galement avec une r\u00e9plique de l&rsquo;insigne en tissu de l&rsquo;unit\u00e9, qui est un fer de lance rouge, et avec une reproduction de l&rsquo;autocollant allemand original avec le texte \u00ab Le pire est encore \u00e0 venir ! \u00a0\u00bb \u00ab\u00a0. De plus, il affiche l&rsquo;\u00e9tiquette 1. SSF qui \u00e9taient coll\u00e9s sur les murs, les voitures, les portes, etc. derri\u00e8re les lignes ennemies pour d\u00e9moraliser l&rsquo;ennemi. Un ensemble de collection haut de gamme non seulement pour les amateurs d\u2019histoire militaire&nbsp;!<\/p>\n<p>Type : Lame fixe<br \/>\nLongueur totale : 30,40 cm<br \/>\nLongueur de la lame : 17,80 cm<br \/>\n\u00c9paisseur de la lame : 5,00 mm<br \/>\nPoids : 196,00 g<br \/>\nMat\u00e9riau de la lame&nbsp;: SK-85<br \/>\nMat\u00e9riau du manche : Cuir<br \/>\nCouleur marron<br \/>\nCouleur de la lame : Noir<br \/>\nMat\u00e9riau de la coque : Cuir<br \/>\nNum\u00e9ro d&rsquo;article : 02BO047<\/p>\n<p>&nbsp;<\/p>\n","protected":false},"excerpt":{"rendered":"<p>Le poignard de combat <strong>V-42<\/strong> est devenu c\u00e9l\u00e8bre au service de l&rsquo;unit\u00e9 alli\u00e9e am\u00e9ricano-canadienne Devil&rsquo;s Brigade.<\/p>\n","protected":false},"featured_media":334390,"comment_status":"open","ping_status":"closed","template":"","meta":[],"pwb-brand":[3799],"product_brand":[],"product_cat":[3697,3696],"product_tag":[3754],"class_list":{"0":"post-334384","1":"product","2":"type-product","3":"status-publish","4":"has-post-thumbnail","6":"pwb-brand-boker-fr","7":"product_cat-couteaux-solides","8":"product_cat-des-couteaux","9":"product_tag-b2b-fr","11":"first","12":"outofstock","13":"taxable","14":"shipping-taxable","15":"purchasable","16":"product-type-simple"},"brands":[{"id":3799,"name":"Boker","slug":"boker-fr"}],"_links":{"self":[{"href":"https:\/\/www.moskito.cz\/fr\/wp-json\/wp\/v2\/product\/334384","targetHints":{"allow":["GET"]}}],"collection":[{"href":"https:\/\/www.moskito.cz\/fr\/wp-json\/wp\/v2\/product"}],"about":[{"href":"https:\/\/www.moskito.cz\/fr\/wp-json\/wp\/v2\/types\/product"}],"replies":[{"embeddable":true,"href":"https:\/\/www.moskito.cz\/fr\/wp-json\/wp\/v2\/comments?post=334384"}],"wp:featuredmedia":[{"embeddable":true,"href":"https:\/\/www.moskito.cz\/fr\/wp-json\/wp\/v2\/media\/334390"}],"wp:attachment":[{"href":"https:\/\/www.moskito.cz\/fr\/wp-json\/wp\/v2\/media?parent=334384"}],"wp:term":[{"taxonomy":"pwb-brand","embeddable":true,"href":"https:\/\/www.moskito.cz\/fr\/wp-json\/wp\/v2\/pwb-brand?post=334384"},{"taxonomy":"product_brand","embeddable":true,"href":"https:\/\/www.moskito.cz\/fr\/wp-json\/wp\/v2\/product_brand?post=334384"},{"taxonomy":"product_cat","embeddable":true,"href":"https:\/\/www.moskito.cz\/fr\/wp-json\/wp\/v2\/product_cat?post=334384"},{"taxonomy":"product_tag","embeddable":true,"href":"https:\/\/www.moskito.cz\/fr\/wp-json\/wp\/v2\/product_tag?post=334384"}],"curies":[{"name":"wp","href":"https:\/\/api.w.org\/{rel}","templated":true}]}}