{"id":334412,"date":"2021-09-22T22:25:23","date_gmt":"2024-04-18T13:34:04","guid":{"rendered":"https:\/\/www.moskito.cz\/produkt\/couteau-de-fermeture-adv-tactique-barlow-slipjoint-n690\/"},"modified":"2025-05-07T11:11:58","modified_gmt":"2025-05-07T10:11:58","slug":"couteau-de-fermeture-adv-tactique-barlow-slipjoint-n690","status":"publish","type":"product","link":"https:\/\/www.moskito.cz\/fr\/produkt\/couteau-de-fermeture-adv-tactique-barlow-slipjoint-n690\/","title":{"rendered":"Couteau de fermeture ADV Tactique Barlow Slipjoint N690"},"content":{"rendered":"<p>Couteau de fermeture <strong>ADV Tactique<\/strong> Barlow Slipjoint N690.<\/p>\n<p>Le Barlow est un couteau \u00e0 joint coulissant d&rsquo;Andr\u00e9 De Villiers au profil tr\u00e8s en forme de poignard. La lame de d\u00e9clenchement fine est dot\u00e9e d&rsquo;un long clou pour une ouverture facile et d&rsquo;une demi-but\u00e9e pour une fermeture en douceur. Il mesure trois pouces de long, ce qui est le maximum autoris\u00e9 pour les couteaux verrouillables et non verrouillables dans de nombreux endroits, ce qui montre qu&rsquo;ADV sait exactement ce qu&rsquo;il fait. Le manche a une forme de larme lisse avec une zone de protection des doigts \u00e9tendue menant \u00e0 la lame, ce qui rend ce couteau tr\u00e8s facile \u00e0 indexer. Il est fabriqu\u00e9 en acier inoxydable renforc\u00e9 avec des mat\u00e9riaux \u00e0 diff\u00e9rentes \u00e9chelles et un insert et des broches en laiton. Il est solide comme le roc et son contour le rend facile \u00e0 glisser dans et hors de votre poche. Vous pourriez m\u00eame oublier qu&rsquo;il s&rsquo;agit d&rsquo;un slipjoint car il semble si solide \u00e0 l&rsquo;usage et ne ressemble pas \u00e0 votre dossier non verrouillable typique.<\/p>\n<p>Caract\u00e9ristiques<br \/>\nLongueur de la lame : 7,5 cm<br \/>\nLongueur totale : 17 cm<br \/>\nMat\u00e9riau de la lame : acier inoxydable N690<br \/>\nStyle de lame&nbsp;:&nbsp;pointe de chute<br \/>\nMeulage de la lame&nbsp;:&nbsp;Plat<br \/>\nTraitement de surface de la lame : satin\u00e9<br \/>\nMat\u00e9riau du manche : acier inoxydable renforc\u00e9 avec \u00e9cailles en \u00e9b\u00e8ne<br \/>\nMat\u00e9riau de l&rsquo;insert : acier inoxydable<br \/>\nM\u00e9canisme de verrouillage&nbsp;: Slipjoint, Half-Stop<br \/>\nAssemblage de broches&nbsp;:&nbsp;rondelles<br \/>\nClip de poche&nbsp;: Aucun<br \/>\nMat\u00e9riau du bo\u00eetier : \u00e9tui en nylon<br \/>\nPoids : 2,9 onces.<br \/>\nCr\u00e9ateur : Andr\u00e9 De Villiers<br \/>\nBouclier et broches en laiton<br \/>\nFabriqu\u00e9 en Afrique du Sud<\/p>\n<p>Le Barlow est un dossier mince \u00e0 joint coulissant d&rsquo;Andr\u00e9 De Villiers avec un profil tr\u00e8s poignard. La lame fine \u00e0 pointe tombante est dot\u00e9e d&rsquo;une longue encoche pour une ouverture facile et d&rsquo;une s\u00e9curit\u00e9 \u00e0 demi-arr\u00eat pour une fermeture sans souci. C&rsquo;est une belle longueur de trois pouces qui est le maximum autoris\u00e9 dans de nombreuses localit\u00e9s pour les lames verrouillables et non verrouillables, montrant qu&rsquo;ADV sait exactement ce qu&rsquo;il fait. Le manche est en forme de larme lisse avec une zone de protection des doigts \u00e9vas\u00e9e menant \u00e0 la lame qui rend ce couteau tr\u00e8s facile \u00e0 indexer. Il est fabriqu\u00e9 en acier inoxydable renforc\u00e9 avec divers mat\u00e9riaux d&rsquo;\u00e9chelle de poign\u00e9e et une incrustation et des broches de bouclier en laiton. Il est solide comme le roc et son contour lui permet de glisser facilement dans et hors de la poche. Vous pourriez m\u00eame oublier qu&rsquo;il s&rsquo;agit d&rsquo;un joint coulissant, car il semble si solide lors de son utilisation et ne ressemble pas \u00e0 votre dossier non verrouillable typique. L&rsquo;ADV Barlow est un couteau polyvalent impressionnant et c&rsquo;est vraiment tout ce qu&rsquo;il y a \u00e0 faire.<\/p>\n<p>Caract\u00e9ristiques<br \/>\nLongueur de la lame : 3,00&Prime;<br \/>\nTranchant : 2,75&Prime;<br \/>\nLongueur ferm\u00e9e : 3,80&Prime;<br \/>\nLongueur totale : 6,80&Prime;<br \/>\nMat\u00e9riau de la lame : acier inoxydable N690.<br \/>\n\u00c9paisseur de la lame : 0,134&Prime;<br \/>\nStyle de lame&nbsp;:&nbsp;pointe de chute<br \/>\nMeulage de la lame&nbsp;:&nbsp;Plat<br \/>\nFinition de la lame&nbsp;:&nbsp;Satin\u00e9e<br \/>\nMat\u00e9riau du manche&nbsp;: acier inoxydable renforc\u00e9 avec \u00e9cailles en bois d&rsquo;\u00e9b\u00e8ne<br \/>\n\u00c9paisseur du manche : 0,51&Prime;<br \/>\nMat\u00e9riau du rev\u00eatement : acier inoxydable.<br \/>\nM\u00e9canisme de verrouillage&nbsp;: Slipjoint, Half-Stop<br \/>\nEnsemble pivot&nbsp;:&nbsp;rondelles<br \/>\nClip de poche&nbsp;: Aucun<br \/>\nMat\u00e9riau de la gaine&nbsp;: pochette en nylon<br \/>\nPoids : 2,9 onces.<br \/>\nCr\u00e9ateur : Andr\u00e9 De Villiers<br \/>\nBouclier et broches en laiton<br \/>\nFabriqu\u00e9 en Afrique du Sud<\/p>\n","protected":false},"excerpt":{"rendered":"<p>Andre de Villiers , fondateur d&rsquo;ADV Tactical d&rsquo;Afrique du Sud, est coutelier \u00e0 plein temps depuis 1990.<\/p>\n<p><strong>Ce couteau est un Barlow<\/strong> <strong>, il doit y en avoir un !<\/strong><\/p>\n","protected":false},"featured_media":334414,"comment_status":"open","ping_status":"closed","template":"","meta":[],"pwb-brand":[3822],"product_brand":[],"product_cat":[3700,3696],"product_tag":[],"class_list":{"0":"post-334412","1":"product","2":"type-product","3":"status-publish","4":"has-post-thumbnail","6":"pwb-brand-andre-de-villiers-fr","7":"product_cat-couteaux-de-fermeture","8":"product_cat-des-couteaux","10":"first","11":"outofstock","12":"taxable","13":"shipping-taxable","14":"purchasable","15":"product-type-simple"},"brands":[{"id":3822,"name":"Andr\u00e9 De Villiers","slug":"andre-de-villiers-fr"}],"_links":{"self":[{"href":"https:\/\/www.moskito.cz\/fr\/wp-json\/wp\/v2\/product\/334412","targetHints":{"allow":["GET"]}}],"collection":[{"href":"https:\/\/www.moskito.cz\/fr\/wp-json\/wp\/v2\/product"}],"about":[{"href":"https:\/\/www.moskito.cz\/fr\/wp-json\/wp\/v2\/types\/product"}],"replies":[{"embeddable":true,"href":"https:\/\/www.moskito.cz\/fr\/wp-json\/wp\/v2\/comments?post=334412"}],"wp:featuredmedia":[{"embeddable":true,"href":"https:\/\/www.moskito.cz\/fr\/wp-json\/wp\/v2\/media\/334414"}],"wp:attachment":[{"href":"https:\/\/www.moskito.cz\/fr\/wp-json\/wp\/v2\/media?parent=334412"}],"wp:term":[{"taxonomy":"pwb-brand","embeddable":true,"href":"https:\/\/www.moskito.cz\/fr\/wp-json\/wp\/v2\/pwb-brand?post=334412"},{"taxonomy":"product_brand","embeddable":true,"href":"https:\/\/www.moskito.cz\/fr\/wp-json\/wp\/v2\/product_brand?post=334412"},{"taxonomy":"product_cat","embeddable":true,"href":"https:\/\/www.moskito.cz\/fr\/wp-json\/wp\/v2\/product_cat?post=334412"},{"taxonomy":"product_tag","embeddable":true,"href":"https:\/\/www.moskito.cz\/fr\/wp-json\/wp\/v2\/product_tag?post=334412"}],"curies":[{"name":"wp","href":"https:\/\/api.w.org\/{rel}","templated":true}]}}