{"id":334513,"date":"2022-02-20T11:07:20","date_gmt":"2024-04-18T13:59:03","guid":{"rendered":"https:\/\/www.moskito.cz\/produkt\/couteau-de-fermeture-sog-seal-xr-usa-made\/"},"modified":"2025-05-07T11:12:01","modified_gmt":"2025-05-07T10:12:01","slug":"couteau-de-fermeture-sog-seal-xr-usa-made","status":"publish","type":"product","link":"https:\/\/www.moskito.cz\/fr\/produkt\/couteau-de-fermeture-sog-seal-xr-usa-made\/","title":{"rendered":"Couteau de fermeture SOG SEAL XR USA MADE"},"content":{"rendered":"<p>Notre histoire commence au Vietnam, o\u00f9 des membres de la force d&rsquo;op\u00e9rations sp\u00e9ciales tr\u00e8s secr\u00e8te am\u00e9ricaine &#8211; connue sous le nom de MACV &#8211; <strong>SOG<\/strong> &#8211; transportaient un couteau secret unique dans la jungle lors de missions secr\u00e8tes. Des ann\u00e9es plus tard, en 1986, ce couteau a inspir\u00e9 un jeune designer nomm\u00e9 Spencer Frazer \u00e0 fonder SOG Specialty Knives. Sa mission : reproduire le couteau <strong>SOG<\/strong> Bowie original et rendre hommage \u00e0 l&rsquo;unit\u00e9 des op\u00e9rations sp\u00e9ciales qui l&rsquo;a cr\u00e9\u00e9. Ce qui a commenc\u00e9 comme un mod\u00e8le comm\u00e9moratif unique est rapidement devenu toute une gamme d&rsquo;outils innovants &#8211; \u00e9prouv\u00e9s par les forces sp\u00e9ciales am\u00e9ricaines, et m\u00eame r\u00e9compens\u00e9s comme le couteau de choix des Navy SEAL. Aujourd&rsquo;hui, les couteaux SOG sont port\u00e9s en toute confiance dans les situations les plus exigeantes. Forg\u00e9 dans la tradition, endurci sur le terrain, d\u00e9pos\u00e9 pour vous.<\/p>\n<p>Que vous prot\u00e9giez les autres ou meniez une exp\u00e9dition de chasse \u00e9pique, releviez l&rsquo;un des d\u00e9fis quotidiens de la vie ou affrontiez les conditions les plus extr\u00eames \u00e0 ce jour, faites votre chemin avec <strong>SOG<\/strong> .<\/p>\n<p>Couteau de fermeture <strong>SOG SEAL XR USA MADE<\/strong> .<\/p>\n<p>Un couteau de fermeture fabriqu\u00e9 exclusivement aux USA. Con\u00e7u et optimis\u00e9 en consultation avec des utilisateurs professionnels. Le SEAL XR offre la sensation et la fonctionnalit\u00e9 d&rsquo;un couteau SEAL sous la forme d&rsquo;un couteau de poche grand format. Fabriqu\u00e9 en acier GRN et S35VN, le SEAL XR est un couteau extr\u00eamement durable avec une r\u00e9sistance \u00e9lev\u00e9e \u00e0 la corrosion et une r\u00e9tention des bords. Une conception enti\u00e8rement r\u00e9versible, SEAL XR se verrouille avec un verrou XR s\u00e9curis\u00e9. L&rsquo;un des meilleurs couteaux tactiques du march\u00e9.<\/p>\n<p>Dans des situations de vie ou de mort, le SEAL XR s\u2019av\u00e8re pratique. Il a \u00e9t\u00e9 d\u00e9velopp\u00e9, test\u00e9 et affin\u00e9 par des op\u00e9rateurs professionnels sur certaines des bases les plus inhospitali\u00e8res et les plus dangereuses du monde.<\/p>\n<p>Couteau grand format destin\u00e9 aux utilisateurs professionnels. Dot\u00e9 d&rsquo;une ouverture rapide double face, d&rsquo;un point d&rsquo;arr\u00eat de la poign\u00e9e GRN et d&rsquo;un acier S35VN de fabrication am\u00e9ricaine.<\/p>\n<p>CONCEPTION AMBIDEXTRE<br \/>\nOuverture fluide et rapide d&rsquo;une seule main avec l&rsquo;une ou l&rsquo;autre main avec trois m\u00e9thodes d&rsquo;ouverture : trou pour le pouce, verrouillage XR et coup de pied.<\/p>\n<p>VERROUILLAGE XR<br \/>\nFiable et puissant, capable de r\u00e9sister jusqu&rsquo;\u00e0 1&nbsp;500 livres de force, il offre une s\u00e9curit\u00e9 maximale de la lame int\u00e9gr\u00e9e lors de l&rsquo;ouverture, garantissant qu&rsquo;il ne s&rsquo;ouvre que lorsque pr\u00e9vu.<\/p>\n<p>ACIER S35VN<br \/>\nLe CPM-S35VN est un acier fabriqu\u00e9 aux \u00c9tats-Unis qui offre une t\u00e9nacit\u00e9 am\u00e9lior\u00e9e, une meilleure r\u00e9tention de la lame, une r\u00e9sistance accrue \u00e0 l&rsquo;usure et \u00e0 la casse de la lame tout en conservant une facilit\u00e9 d&rsquo;aff\u00fbtage.<\/p>\n<p>LONGUEUR FERM\u00c9 : 13,3 cm<br \/>\nGRAVABLE : Oui<br \/>\nLONGUEUR DE LA LAME : 9,8 cm<br \/>\nPAYS D&rsquo;ORIGINE : \u00c9TATS-UNIS<br \/>\nM\u00c9CANISME DE VERROUILLAGE&nbsp;: XR<br \/>\nM\u00c9CANISME D&rsquo;OUVERTURE&nbsp;: XR, trou pour le pouce, coup de pied<br \/>\nTYPE DE CLIP DE CEINTURE&nbsp;: R\u00e9versible \u00e0 faible portage<br \/>\nFINITIONS : C\u00e9rakote Noir<br \/>\nTYPE DE BORD : Partiellement dentel\u00e9<br \/>\nTYPE DE LAME EN ACIER : S35VN<br \/>\nDURET\u00c9 : Rc. 59-61<br \/>\nMAT\u00c9RIAU DE LA POIGN\u00c9E&nbsp;: Nylon renforc\u00e9 de verre<br \/>\nCOULEUR DE LA POIGN\u00c9E&nbsp;: Noir<\/p>\n<p><iframe title=\"Seal XR\" width=\"800\" height=\"450\" src=\"https:\/\/www.youtube.com\/embed\/In0_XwMsm8M?feature=oembed\" frameborder=\"0\" allow=\"accelerometer; autoplay; clipboard-write; encrypted-media; gyroscope; picture-in-picture; web-share\" referrerpolicy=\"strict-origin-when-cross-origin\" allowfullscreen><\/iframe><\/p>\n<p>&nbsp;<\/p>\n","protected":false},"excerpt":{"rendered":"<p>Que vous prot\u00e9giez les autres ou meniez une exp\u00e9dition de chasse \u00e9pique, releviez l&rsquo;un des d\u00e9fis quotidiens de la vie ou affrontiez les conditions les plus extr\u00eames \u00e0 ce jour, faites votre chemin avec <strong>SOG<\/strong> .<\/p>\n<p><strong>Nous offrons une garantie \u00e0 vie sur tous les couteaux SOG&nbsp;!<\/strong><\/p>\n<p><strong>Transports gratuits.<\/strong><\/p>\n","protected":false},"featured_media":334521,"comment_status":"open","ping_status":"closed","template":"","meta":[],"pwb-brand":[3849],"product_brand":[],"product_cat":[3700,3696],"product_tag":[3754],"class_list":{"0":"post-334513","1":"product","2":"type-product","3":"status-publish","4":"has-post-thumbnail","6":"pwb-brand-sog-fr","7":"product_cat-couteaux-de-fermeture","8":"product_cat-des-couteaux","9":"product_tag-b2b-fr","11":"first","12":"instock","13":"taxable","14":"shipping-taxable","15":"purchasable","16":"product-type-simple"},"brands":[{"id":3849,"name":"SOG","slug":"sog-fr"}],"_links":{"self":[{"href":"https:\/\/www.moskito.cz\/fr\/wp-json\/wp\/v2\/product\/334513","targetHints":{"allow":["GET"]}}],"collection":[{"href":"https:\/\/www.moskito.cz\/fr\/wp-json\/wp\/v2\/product"}],"about":[{"href":"https:\/\/www.moskito.cz\/fr\/wp-json\/wp\/v2\/types\/product"}],"replies":[{"embeddable":true,"href":"https:\/\/www.moskito.cz\/fr\/wp-json\/wp\/v2\/comments?post=334513"}],"wp:featuredmedia":[{"embeddable":true,"href":"https:\/\/www.moskito.cz\/fr\/wp-json\/wp\/v2\/media\/334521"}],"wp:attachment":[{"href":"https:\/\/www.moskito.cz\/fr\/wp-json\/wp\/v2\/media?parent=334513"}],"wp:term":[{"taxonomy":"pwb-brand","embeddable":true,"href":"https:\/\/www.moskito.cz\/fr\/wp-json\/wp\/v2\/pwb-brand?post=334513"},{"taxonomy":"product_brand","embeddable":true,"href":"https:\/\/www.moskito.cz\/fr\/wp-json\/wp\/v2\/product_brand?post=334513"},{"taxonomy":"product_cat","embeddable":true,"href":"https:\/\/www.moskito.cz\/fr\/wp-json\/wp\/v2\/product_cat?post=334513"},{"taxonomy":"product_tag","embeddable":true,"href":"https:\/\/www.moskito.cz\/fr\/wp-json\/wp\/v2\/product_tag?post=334513"}],"curies":[{"name":"wp","href":"https:\/\/api.w.org\/{rel}","templated":true}]}}