{"id":334591,"date":"2023-04-02T17:17:51","date_gmt":"2024-04-18T14:07:52","guid":{"rendered":"https:\/\/www.moskito.cz\/produkt\/couteau-de-fermeture-sog-key-knife-black-tech-specifications\/"},"modified":"2025-05-07T11:12:01","modified_gmt":"2025-05-07T10:12:01","slug":"couteau-de-fermeture-sog-key-knife-black-tech-specifications","status":"publish","type":"product","link":"https:\/\/www.moskito.cz\/fr\/produkt\/couteau-de-fermeture-sog-key-knife-black-tech-specifications\/","title":{"rendered":"Couteau de fermeture SOG KEY KNIFE BLACK TECH SPECIFICATIONS"},"content":{"rendered":"<p>Couteau de fermeture <strong>SOG<\/strong> KEY KNIFE BLACK TECH SPECIFICATIONS<\/p>\n<p>On dit que le meilleur couteau de poche est celui que l\u2019on porte ! Soyez toujours pr\u00eat avec le nouveau couteau Key. Il s\u2019agit du premier confinement de ce type. Ouvrez votre conscience. On aime le fait que parfois on aimerait avoir un couteau de poche pour se nettoyer les doigts, couper une corde, ouvrir une bo\u00eete, couper un fil. Maintenant, nous le faisons, toujours. Notre nouveau couteau \u00e0 cl\u00e9 peut vous sauver la mise, \u00e0 moins bien s\u00fbr que vous ne l&rsquo;enfermiez dans votre coffre.<\/p>\n<p>Description:<\/p>\n<p>Mat\u00e9riau de la lame&nbsp;: 5Cr13MoV<br \/>\nMat\u00e9riau du manche : Acier inoxydable<br \/>\nS\u00e9curit\u00e9&nbsp;: Backlock<br \/>\nLongueur de la lame : 3,8 cm<br \/>\nLongueur totale : 10,2 cm<br \/>\n\u00c9paisseur de la lame : 2,5 mm<br \/>\nPoids : 19,8 g<\/p>\n","protected":false},"excerpt":{"rendered":"<p><strong>Couteau de verrouillage pour cl\u00e9s avec un manche ayant la forme et la taille d&rsquo;une cl\u00e9 de maison ordinaire.  <\/strong><\/p>\n","protected":false},"featured_media":334603,"comment_status":"open","ping_status":"closed","template":"","meta":[],"pwb-brand":[3849],"product_brand":[],"product_cat":[3700,3696],"product_tag":[3754],"class_list":{"0":"post-334591","1":"product","2":"type-product","3":"status-publish","4":"has-post-thumbnail","6":"pwb-brand-sog-fr","7":"product_cat-couteaux-de-fermeture","8":"product_cat-des-couteaux","9":"product_tag-b2b-fr","11":"first","12":"outofstock","13":"taxable","14":"shipping-taxable","15":"purchasable","16":"product-type-simple"},"brands":[{"id":3849,"name":"SOG","slug":"sog-fr"}],"_links":{"self":[{"href":"https:\/\/www.moskito.cz\/fr\/wp-json\/wp\/v2\/product\/334591","targetHints":{"allow":["GET"]}}],"collection":[{"href":"https:\/\/www.moskito.cz\/fr\/wp-json\/wp\/v2\/product"}],"about":[{"href":"https:\/\/www.moskito.cz\/fr\/wp-json\/wp\/v2\/types\/product"}],"replies":[{"embeddable":true,"href":"https:\/\/www.moskito.cz\/fr\/wp-json\/wp\/v2\/comments?post=334591"}],"wp:featuredmedia":[{"embeddable":true,"href":"https:\/\/www.moskito.cz\/fr\/wp-json\/wp\/v2\/media\/334603"}],"wp:attachment":[{"href":"https:\/\/www.moskito.cz\/fr\/wp-json\/wp\/v2\/media?parent=334591"}],"wp:term":[{"taxonomy":"pwb-brand","embeddable":true,"href":"https:\/\/www.moskito.cz\/fr\/wp-json\/wp\/v2\/pwb-brand?post=334591"},{"taxonomy":"product_brand","embeddable":true,"href":"https:\/\/www.moskito.cz\/fr\/wp-json\/wp\/v2\/product_brand?post=334591"},{"taxonomy":"product_cat","embeddable":true,"href":"https:\/\/www.moskito.cz\/fr\/wp-json\/wp\/v2\/product_cat?post=334591"},{"taxonomy":"product_tag","embeddable":true,"href":"https:\/\/www.moskito.cz\/fr\/wp-json\/wp\/v2\/product_tag?post=334591"}],"curies":[{"name":"wp","href":"https:\/\/api.w.org\/{rel}","templated":true}]}}