{"id":334626,"date":"2022-04-26T21:34:21","date_gmt":"2024-04-18T14:38:23","guid":{"rendered":"https:\/\/www.moskito.cz\/produkt\/couteau-solide-sog-gambit\/"},"modified":"2025-05-07T11:12:02","modified_gmt":"2025-05-07T10:12:02","slug":"couteau-solide-sog-gambit","status":"publish","type":"product","link":"https:\/\/www.moskito.cz\/fr\/produkt\/couteau-solide-sog-gambit\/","title":{"rendered":"Couteau Solide SOG GAMBIT"},"content":{"rendered":"<p>Couteau solide <strong>SOG<\/strong> GAMBIT.<\/p>\n<p>Lame solide con\u00e7ue pour g\u00e9rer de multiples utilisations, notamment la protection personnelle, les t\u00e2ches utilitaires et bien plus encore, le SOG Gambit est con\u00e7u pour fonctionner en toutes circonstances. La poign\u00e9e ergonomique unique, confortable en prise avant comme en arri\u00e8re, est maintenue par la conception de la lame compl\u00e8te pour plus de solidit\u00e9. La lame crochue en forme de griffe de 2,6 pouces offre des capacit\u00e9s suppl\u00e9mentaires d&rsquo;accrochage, de d\u00e9chirure et de d\u00e9chirure. Le Gambit est livr\u00e9 avec un \u00e9tui en nylon robuste pour une portabilit\u00e9 facile. Historiquement, ce style de lame \u00e9tait destin\u00e9 \u00e0 l\u2019autod\u00e9fense et \u00e0 un usage agricole. Bien qu\u2019il soit encore utilis\u00e9 \u00e0 ces fins, il est \u00e9galement id\u00e9al pour une utilisation en ext\u00e9rieur.<\/p>\n<p>\u00c9tui en nylon moul\u00e9 robuste avec clip ceinture\/chaussure, points de fixation de ceinture et cordon pour plusieurs options de transport.<\/p>\n<p>Utilisation polyvalente incluant la protection personnelle, les t\u00e2ches utiles et bien plus encore<\/p>\n<p>Longueur totale : 185 mm, Poids : 79 g. Longueur de la lame : 66 mm<\/p>\n<p>&nbsp;<\/p>\n","protected":false},"excerpt":{"rendered":"<p>Que vous prot\u00e9giez les autres ou meniez une exp\u00e9dition de chasse \u00e9pique, releviez l&rsquo;un des d\u00e9fis quotidiens de la vie ou affrontiez les conditions les plus extr\u00eames \u00e0 ce jour, faites votre chemin avec <strong>SOG<\/strong> .<\/p>\n<p><strong>Nous offrons une garantie \u00e0 vie sur tous les couteaux SOG&nbsp;!<\/strong><\/p>\n","protected":false},"featured_media":334627,"comment_status":"open","ping_status":"closed","template":"","meta":[],"pwb-brand":[3849],"product_brand":[],"product_cat":[3697,3696],"product_tag":[3754],"class_list":{"0":"post-334626","1":"product","2":"type-product","3":"status-publish","4":"has-post-thumbnail","6":"pwb-brand-sog-fr","7":"product_cat-couteaux-solides","8":"product_cat-des-couteaux","9":"product_tag-b2b-fr","11":"first","12":"outofstock","13":"taxable","14":"shipping-taxable","15":"purchasable","16":"product-type-simple"},"brands":[{"id":3849,"name":"SOG","slug":"sog-fr"}],"_links":{"self":[{"href":"https:\/\/www.moskito.cz\/fr\/wp-json\/wp\/v2\/product\/334626","targetHints":{"allow":["GET"]}}],"collection":[{"href":"https:\/\/www.moskito.cz\/fr\/wp-json\/wp\/v2\/product"}],"about":[{"href":"https:\/\/www.moskito.cz\/fr\/wp-json\/wp\/v2\/types\/product"}],"replies":[{"embeddable":true,"href":"https:\/\/www.moskito.cz\/fr\/wp-json\/wp\/v2\/comments?post=334626"}],"wp:featuredmedia":[{"embeddable":true,"href":"https:\/\/www.moskito.cz\/fr\/wp-json\/wp\/v2\/media\/334627"}],"wp:attachment":[{"href":"https:\/\/www.moskito.cz\/fr\/wp-json\/wp\/v2\/media?parent=334626"}],"wp:term":[{"taxonomy":"pwb-brand","embeddable":true,"href":"https:\/\/www.moskito.cz\/fr\/wp-json\/wp\/v2\/pwb-brand?post=334626"},{"taxonomy":"product_brand","embeddable":true,"href":"https:\/\/www.moskito.cz\/fr\/wp-json\/wp\/v2\/product_brand?post=334626"},{"taxonomy":"product_cat","embeddable":true,"href":"https:\/\/www.moskito.cz\/fr\/wp-json\/wp\/v2\/product_cat?post=334626"},{"taxonomy":"product_tag","embeddable":true,"href":"https:\/\/www.moskito.cz\/fr\/wp-json\/wp\/v2\/product_tag?post=334626"}],"curies":[{"name":"wp","href":"https:\/\/api.w.org\/{rel}","templated":true}]}}