{"id":334678,"date":"2023-03-07T22:14:58","date_gmt":"2024-04-18T14:45:57","guid":{"rendered":"https:\/\/www.moskito.cz\/produkt\/couteau-solide-sog-tellus-fx-wolf-gris\/"},"modified":"2025-05-07T11:12:05","modified_gmt":"2025-05-07T10:12:05","slug":"couteau-solide-sog-tellus-fx-wolf-gris","status":"publish","type":"product","link":"https:\/\/www.moskito.cz\/fr\/produkt\/couteau-solide-sog-tellus-fx-wolf-gris\/","title":{"rendered":"Couteau Solide SOG TELLUS FX WOLF GRIS"},"content":{"rendered":"<p>Couteau Solide <strong>SOG<\/strong> TELLUS FX WOLF GRIS<\/p>\n<p>L&rsquo;\u00e9pine dorsale de ce couteau puissant est une lame enti\u00e8rement en acier inoxydable CYRO 440 avec une large \u00e9paule. Le manche GRN est facile \u00e0 manipuler pour un large \u00e9ventail de t\u00e2ches de bushcraft, m\u00eame mouill\u00e9. L&rsquo;\u00e9tui offre une flexibilit\u00e9 quant \u00e0 la mani\u00e8re et \u00e0 l&rsquo;endroit o\u00f9 le couteau peut \u00eatre transport\u00e9 en toute s\u00e9curit\u00e9. Comprend un \u00e9tui r\u00e9glable compatible UMS.<\/p>\n<p><strong>CYRO 440C INOX<\/strong><br \/>\nL&rsquo;acier inoxydable CRYO 440C offre la combinaison parfaite d&rsquo;une excellente r\u00e9sistance \u00e0 la corrosion et \u00e0 l&rsquo;usure requise pour un couteau con\u00e7u pour une utilisation ext\u00e9rieure difficile. La finition Stonewashed offre une r\u00e9sistance accrue \u00e0 la corrosion et masque les rayures pour garder votre couteau en bon \u00e9tat.<\/p>\n<p><strong>POIGN\u00c9E VERT<\/strong><br \/>\nLe nylon est un mat\u00e9riau populaire pour les manches de couteaux en raison de sa solidit\u00e9, de sa r\u00e9sistance aux chocs, de son inertie chimique et de sa stabilit\u00e9 \u00e0 haute temp\u00e9rature. Toutes ces propri\u00e9t\u00e9s sont am\u00e9lior\u00e9es dans le Tellus FX en ajoutant des fibres de verre au nylon pour cr\u00e9er un nouveau mat\u00e9riau encore plus durable, le nylon renforc\u00e9 de fibre de verre (GRN).<\/p>\n<p>LOGEMENT COMPATIBLE AVEC UMS<br \/>\nL&rsquo;\u00e9tui int\u00e8gre les meilleures parties du syst\u00e8me de montage universel de SOG, permettant un transport s\u00e9curis\u00e9 et personnalis\u00e9 lors d&rsquo;un large \u00e9ventail d&rsquo;aventures en plein air.<\/p>\n<p>ACIER&nbsp;: CRYO 440 (9Cr18MoV)<br \/>\nMAT\u00c9RIEL DU BO\u00ceTIER&nbsp;:&nbsp;PP<br \/>\nPOIDS : 191g<br \/>\nLONGUEUR DE LA LAME : 10,8 cm<br \/>\nTAILLE GLOBALE&nbsp;: 22,9&nbsp;cm<br \/>\nCouleur grise<br \/>\nMAT\u00c9RIAU DE LA POIGN\u00c9E&nbsp;: VERT<br \/>\n\u00c9PAISSEUR DE LA LAME&nbsp;: 3,8&nbsp;mm<\/p>\n<p>&nbsp;<\/p>\n","protected":false},"excerpt":{"rendered":"<p><strong>Le couteau de travail ultime pour les travaux difficiles. Vous pouvez trouver son application dans la nature.<\/strong><\/p>\n","protected":false},"featured_media":334679,"comment_status":"open","ping_status":"closed","template":"","meta":[],"pwb-brand":[3849],"product_brand":[],"product_cat":[3697,3696],"product_tag":[3754],"class_list":{"0":"post-334678","1":"product","2":"type-product","3":"status-publish","4":"has-post-thumbnail","6":"pwb-brand-sog-fr","7":"product_cat-couteaux-solides","8":"product_cat-des-couteaux","9":"product_tag-b2b-fr","11":"first","12":"outofstock","13":"taxable","14":"shipping-taxable","15":"purchasable","16":"product-type-simple"},"brands":[{"id":3849,"name":"SOG","slug":"sog-fr"}],"_links":{"self":[{"href":"https:\/\/www.moskito.cz\/fr\/wp-json\/wp\/v2\/product\/334678","targetHints":{"allow":["GET"]}}],"collection":[{"href":"https:\/\/www.moskito.cz\/fr\/wp-json\/wp\/v2\/product"}],"about":[{"href":"https:\/\/www.moskito.cz\/fr\/wp-json\/wp\/v2\/types\/product"}],"replies":[{"embeddable":true,"href":"https:\/\/www.moskito.cz\/fr\/wp-json\/wp\/v2\/comments?post=334678"}],"wp:featuredmedia":[{"embeddable":true,"href":"https:\/\/www.moskito.cz\/fr\/wp-json\/wp\/v2\/media\/334679"}],"wp:attachment":[{"href":"https:\/\/www.moskito.cz\/fr\/wp-json\/wp\/v2\/media?parent=334678"}],"wp:term":[{"taxonomy":"pwb-brand","embeddable":true,"href":"https:\/\/www.moskito.cz\/fr\/wp-json\/wp\/v2\/pwb-brand?post=334678"},{"taxonomy":"product_brand","embeddable":true,"href":"https:\/\/www.moskito.cz\/fr\/wp-json\/wp\/v2\/product_brand?post=334678"},{"taxonomy":"product_cat","embeddable":true,"href":"https:\/\/www.moskito.cz\/fr\/wp-json\/wp\/v2\/product_cat?post=334678"},{"taxonomy":"product_tag","embeddable":true,"href":"https:\/\/www.moskito.cz\/fr\/wp-json\/wp\/v2\/product_tag?post=334678"}],"curies":[{"name":"wp","href":"https:\/\/api.w.org\/{rel}","templated":true}]}}