{"id":334817,"date":"2024-04-18T17:13:41","date_gmt":"2024-04-18T16:15:54","guid":{"rendered":"https:\/\/www.moskito.cz\/produkt\/couteau-de-fermeture-crkt-lck-3801k\/"},"modified":"2025-05-07T11:12:08","modified_gmt":"2025-05-07T10:12:08","slug":"couteau-de-fermeture-crkt-lck-3801k","status":"publish","type":"product","link":"https:\/\/www.moskito.cz\/fr\/produkt\/couteau-de-fermeture-crkt-lck-3801k\/","title":{"rendered":"Couteau de fermeture CRKT LCK 3801K"},"content":{"rendered":"<p>Couteau de fermeture <strong>CRKT<\/strong> LCK 3801K.<\/p>\n<p>Le couteau pliant LCK + de Matthew Lerch revient avec des mat\u00e9riaux am\u00e9lior\u00e9s et un look frais et enti\u00e8rement noir. Cela commence par une lame en acier S35VN recouverte de nitrure de titane qui offre une t\u00e9nacit\u00e9 am\u00e9lior\u00e9e, une r\u00e9sistance \u00e0 l&rsquo;usure exceptionnelle et un bord tranchant. Passez \u00e0 la poign\u00e9e et vous trouverez de la fibre de carbone marbr\u00e9e pour une sensation \u00e0 la fois solide et l\u00e9g\u00e8re, sans parler d&rsquo;un look saisissant qui accentue le design d\u00e9j\u00e0 \u00e9l\u00e9gant et \u00e9pur\u00e9.<br \/>\nMat\u00e9riaux haut de gamme&nbsp;: l&rsquo;acier \u00e0 lame S35VN offre d&rsquo;excellentes performances de coupe<br \/>\nOuverture en douceur : L&rsquo;axe \u00e0 roulement \u00e0 billes IKBS\u2122 d\u00e9ploie la lame en douceur<br \/>\nOuverture rapide : Flipper d\u00e9plie rapidement la lame<br \/>\nHigh Tech : Le manche en fibre de carbone est solide et l\u00e9ger<br \/>\nFacile \u00e0 fermer : Le verrou d&rsquo;insertion peut \u00eatre facilement ferm\u00e9 d&rsquo;une seule main<br \/>\nProfil bas&nbsp;: le clip de transport profond se place bas dans la poche<\/p>\n<p>Lame en acier S35VN<br \/>\nBord de lame uni<br \/>\nTraitement de surface de la lame en nitrure de titane<br \/>\nLongueur de la lame : 8,51 cm<br \/>\n\u00c9paisseur de la lame : 0,32 cm<br \/>\nLongueur totale : 9,05 cm<br \/>\nLongueur une fois ferm\u00e9 4,15&Prime; (105,44 mm)<br \/>\nPoids 2,50 onces. (70,87g)<br \/>\nAUTRE<br \/>\nMat\u00e9riau du manche en fibre de carbone<br \/>\nCouteau pliant \u00e9l\u00e9gant avec Liner Lock<\/p>\n<p><iframe title=\"LCK + Liner Lock | Matthew Lerch Design\" width=\"800\" height=\"450\" src=\"https:\/\/www.youtube.com\/embed\/XfOytQ7a7ws?feature=oembed\" frameborder=\"0\" allow=\"accelerometer; autoplay; clipboard-write; encrypted-media; gyroscope; picture-in-picture; web-share\" referrerpolicy=\"strict-origin-when-cross-origin\" allowfullscreen><\/iframe><\/p>\n<p>&nbsp;<\/p>\n","protected":false},"excerpt":{"rendered":"<p>DESIGNER<br \/>\nMatej Lerch<br \/>\nSussex, Wisconsin<br \/>\nQue se passe-t-il lorsque l\u2019on croise l\u2019art et la m\u00e9canique ? Vous obtenez quelque chose qui ressemble \u00e0 Matthew Lerch. D&rsquo;abord form\u00e9 comme bijoutier-horloger, il \u00e9volue vers la fabrication et la fabrication d&rsquo;outils. Il d\u00e9tient aujourd&rsquo;hui plusieurs brevets pour des innovations telles que Fire Safe\u00ae et a re\u00e7u plusieurs prix prestigieux, dont le Buster Warenski Award. Matt consid\u00e8re les couteaux comme un art fonctionnel, comme en t\u00e9moignent ses cr\u00e9ations Endorser\u2122 prim\u00e9es par Moxie\u2122 et Blade Show.<\/p>\n<p>Transports gratuits.<\/p>\n","protected":false},"featured_media":334768,"comment_status":"open","ping_status":"closed","template":"","meta":[],"pwb-brand":[3762],"product_brand":[],"product_cat":[3700,3696],"product_tag":[3754],"class_list":{"0":"post-334817","1":"product","2":"type-product","3":"status-publish","4":"has-post-thumbnail","6":"pwb-brand-crkt-fr","7":"product_cat-couteaux-de-fermeture","8":"product_cat-des-couteaux","9":"product_tag-b2b-fr","11":"first","12":"outofstock","13":"taxable","14":"shipping-taxable","15":"purchasable","16":"product-type-simple"},"brands":[{"id":3762,"name":"CRKT","slug":"crkt-fr"}],"_links":{"self":[{"href":"https:\/\/www.moskito.cz\/fr\/wp-json\/wp\/v2\/product\/334817","targetHints":{"allow":["GET"]}}],"collection":[{"href":"https:\/\/www.moskito.cz\/fr\/wp-json\/wp\/v2\/product"}],"about":[{"href":"https:\/\/www.moskito.cz\/fr\/wp-json\/wp\/v2\/types\/product"}],"replies":[{"embeddable":true,"href":"https:\/\/www.moskito.cz\/fr\/wp-json\/wp\/v2\/comments?post=334817"}],"wp:featuredmedia":[{"embeddable":true,"href":"https:\/\/www.moskito.cz\/fr\/wp-json\/wp\/v2\/media\/334768"}],"wp:attachment":[{"href":"https:\/\/www.moskito.cz\/fr\/wp-json\/wp\/v2\/media?parent=334817"}],"wp:term":[{"taxonomy":"pwb-brand","embeddable":true,"href":"https:\/\/www.moskito.cz\/fr\/wp-json\/wp\/v2\/pwb-brand?post=334817"},{"taxonomy":"product_brand","embeddable":true,"href":"https:\/\/www.moskito.cz\/fr\/wp-json\/wp\/v2\/product_brand?post=334817"},{"taxonomy":"product_cat","embeddable":true,"href":"https:\/\/www.moskito.cz\/fr\/wp-json\/wp\/v2\/product_cat?post=334817"},{"taxonomy":"product_tag","embeddable":true,"href":"https:\/\/www.moskito.cz\/fr\/wp-json\/wp\/v2\/product_tag?post=334817"}],"curies":[{"name":"wp","href":"https:\/\/api.w.org\/{rel}","templated":true}]}}