{"id":334937,"date":"2024-04-18T18:39:20","date_gmt":"2024-04-18T17:44:17","guid":{"rendered":"https:\/\/www.moskito.cz\/produkt\/cle-de-defense-crkt-williams-9705\/"},"modified":"2025-05-07T11:12:10","modified_gmt":"2025-05-07T10:12:10","slug":"cle-de-defense-crkt-williams-9705","status":"publish","type":"product","link":"https:\/\/www.moskito.cz\/fr\/produkt\/cle-de-defense-crkt-williams-9705\/","title":{"rendered":"Cl\u00e9 de d\u00e9fense CRKT Williams 9705"},"content":{"rendered":"<p>Cl\u00e9 de d\u00e9fense <strong>CRKT<\/strong> Williams 9705.<\/p>\n<p>James Williams, ancien officier de l&rsquo;arm\u00e9e et instructeur d&rsquo;arts martiaux, conna\u00eet la valeur d&rsquo;un outil d\u00e9fensif bien con\u00e7u. La poign\u00e9e ergonomique et l&rsquo;extr\u00e9mit\u00e9 pointue sont intelligemment d\u00e9guis\u00e9es en cl\u00e9 inoffensive lorsque les choses se compliquent. Il s&rsquo;agit d&rsquo;un sac de transport dissimul\u00e9 qui s&rsquo;adapte \u00e0 un porte-cl\u00e9s.<br \/>\nUtilisation pratique : Porte-cl\u00e9s pour un acc\u00e8s rapide<br \/>\nErgonomie : La poign\u00e9e est bien \u00e9quilibr\u00e9e et offre une prise en main s\u00fbre<br \/>\ntournevis cruciforme<\/p>\n<p>Lame en acier 3Cr13MoV<br \/>\nFinition de la lame polie<br \/>\nLongueur de la lame : 4,47 cm<br \/>\n\u00c9paisseur de la lame : 0,27 cm<br \/>\nLongueur totale : 9,06 cm<br \/>\nPoids 1,10 onces. (31,18g)<\/p>\n","protected":false},"excerpt":{"rendered":"<p>DESIGNER<br \/>\nJames Williams<br \/>\nVass, Caroline du Nord<br \/>\nVous ne voulez pas vous emb\u00eater avec Sensei James Williams. Un ancien officier de l&rsquo;arm\u00e9e am\u00e9ricaine avec plus de 50 ans d&rsquo;exp\u00e9rience en arts martiaux a d\u00e9velopp\u00e9 le syst\u00e8me de strat\u00e9gie. Il s\u2019agit d\u2019une approche unique du combat \u00e0 mains nues qui est enseign\u00e9e aux forces d\u2019op\u00e9rations sp\u00e9ciales et aux forces de l\u2019ordre du monde entier. Cependant, une fois arm\u00e9, vous le trouverez brandissant les lames qu&rsquo;il a cr\u00e9\u00e9es, telles que les lames solides Hisshou\u00ae et Hissatsu\u2122, le Shizuka noh Ken\u2122 et le d\u00e9sormais l\u00e9gendaire Hissatsu\u2122.<\/p>\n","protected":false},"featured_media":334893,"comment_status":"open","ping_status":"closed","template":"","meta":[],"pwb-brand":[3762],"product_brand":[],"product_cat":[3697,3696],"product_tag":[3754],"class_list":{"0":"post-334937","1":"product","2":"type-product","3":"status-publish","4":"has-post-thumbnail","6":"pwb-brand-crkt-fr","7":"product_cat-couteaux-solides","8":"product_cat-des-couteaux","9":"product_tag-b2b-fr","11":"first","12":"outofstock","13":"taxable","14":"shipping-taxable","15":"purchasable","16":"product-type-simple"},"brands":[{"id":3762,"name":"CRKT","slug":"crkt-fr"}],"_links":{"self":[{"href":"https:\/\/www.moskito.cz\/fr\/wp-json\/wp\/v2\/product\/334937","targetHints":{"allow":["GET"]}}],"collection":[{"href":"https:\/\/www.moskito.cz\/fr\/wp-json\/wp\/v2\/product"}],"about":[{"href":"https:\/\/www.moskito.cz\/fr\/wp-json\/wp\/v2\/types\/product"}],"replies":[{"embeddable":true,"href":"https:\/\/www.moskito.cz\/fr\/wp-json\/wp\/v2\/comments?post=334937"}],"wp:featuredmedia":[{"embeddable":true,"href":"https:\/\/www.moskito.cz\/fr\/wp-json\/wp\/v2\/media\/334893"}],"wp:attachment":[{"href":"https:\/\/www.moskito.cz\/fr\/wp-json\/wp\/v2\/media?parent=334937"}],"wp:term":[{"taxonomy":"pwb-brand","embeddable":true,"href":"https:\/\/www.moskito.cz\/fr\/wp-json\/wp\/v2\/pwb-brand?post=334937"},{"taxonomy":"product_brand","embeddable":true,"href":"https:\/\/www.moskito.cz\/fr\/wp-json\/wp\/v2\/product_brand?post=334937"},{"taxonomy":"product_cat","embeddable":true,"href":"https:\/\/www.moskito.cz\/fr\/wp-json\/wp\/v2\/product_cat?post=334937"},{"taxonomy":"product_tag","embeddable":true,"href":"https:\/\/www.moskito.cz\/fr\/wp-json\/wp\/v2\/product_tag?post=334937"}],"curies":[{"name":"wp","href":"https:\/\/api.w.org\/{rel}","templated":true}]}}