{"id":334994,"date":"2024-04-18T18:58:10","date_gmt":"2024-04-18T18:00:48","guid":{"rendered":"https:\/\/www.moskito.cz\/produkt\/couteau-porte-cles-multitool-crkt-9704\/"},"modified":"2025-05-07T11:12:12","modified_gmt":"2025-05-07T10:12:12","slug":"couteau-porte-cles-multitool-crkt-9704","status":"publish","type":"product","link":"https:\/\/www.moskito.cz\/fr\/produkt\/couteau-porte-cles-multitool-crkt-9704\/","title":{"rendered":"Couteau porte-cl\u00e9s multitool CRKT 9704"},"content":{"rendered":"<p>Couteau porte-cl\u00e9s multitool <strong>CRKT<\/strong> 9704.<\/p>\n<p>Si quelqu&rsquo;un a une vision tout \u00e0 fait unique de la pr\u00e9paration, c&rsquo;est bien le designer Tom Stokes. En tant qu&rsquo;ing\u00e9nieur en m\u00e9canique, il est bien \u00e9quip\u00e9 pour repenser et imaginer les outils qui deviendront essentiels au pack survivaliste. L\u2019outil d\u2019entretien des couteaux \u2013 \u00e9quip\u00e9 de deux aff\u00fbteurs et de deux tailles de TORX \u2013 est l\u2019un de ces outils.<br \/>\nTorx-T6 et T8<br \/>\nField Sharpener&nbsp;: Un aff\u00fbteur en carbure de tungst\u00e8ne avec un bord d&rsquo;aff\u00fbtage en c\u00e9ramique<br \/>\nPratique : D\u00e9capsuleur pour votre boisson pr\u00e9f\u00e9r\u00e9e<br \/>\nTournevis plat<br \/>\nOutil portable&nbsp;: emportez ce porte-cl\u00e9s avec vous<\/p>\n<p>Longueur totale : 6,86 cm<br \/>\nPoids 2,20 onces. (62,37g)<br \/>\nMat\u00e9riau du manche Nylon renforc\u00e9 de verre<br \/>\nUn accessoire styl\u00e9<\/p>\n","protected":false},"excerpt":{"rendered":"<p>DESIGNER<br \/>\nTom Stokes<br \/>\nWilliamsburg, Virginie<br \/>\nChaque fois que Tom entend quelqu&rsquo;un dire : \u00ab Il n&rsquo;est pas n\u00e9cessaire d&rsquo;\u00eatre un sp\u00e9cialiste des fus\u00e9es pour fabriquer un couteau \u00bb, il s&#8217;empresse de le corriger. Apr\u00e8s tout, travaillant dans l&rsquo;industrie a\u00e9rospatiale depuis plus de 25 ans, il apporte une perspective unique \u00e0 nos outils gr\u00e2ce aux logiciels de CAO et \u00e0 la technologie de prototypage rapide. Le r\u00e9sultat est des outils multifonctionnels qui sont une combinaison rare de forme d&rsquo;art et de fonction, tels que l&rsquo;outil CRKT\u00ae, Iota\u2122, les bracelets de survie Paracord et des accessoires utiles pour les bracelets de survie.<\/p>\n","protected":false},"featured_media":334941,"comment_status":"open","ping_status":"closed","template":"","meta":[],"pwb-brand":[3762],"product_brand":[],"product_cat":[3695],"product_tag":[3754],"class_list":{"0":"post-334994","1":"product","2":"type-product","3":"status-publish","4":"has-post-thumbnail","6":"pwb-brand-crkt-fr","7":"product_cat-outil-multi-fonction","8":"product_tag-b2b-fr","10":"first","11":"instock","12":"taxable","13":"shipping-taxable","14":"purchasable","15":"product-type-simple"},"brands":[{"id":3762,"name":"CRKT","slug":"crkt-fr"}],"_links":{"self":[{"href":"https:\/\/www.moskito.cz\/fr\/wp-json\/wp\/v2\/product\/334994","targetHints":{"allow":["GET"]}}],"collection":[{"href":"https:\/\/www.moskito.cz\/fr\/wp-json\/wp\/v2\/product"}],"about":[{"href":"https:\/\/www.moskito.cz\/fr\/wp-json\/wp\/v2\/types\/product"}],"replies":[{"embeddable":true,"href":"https:\/\/www.moskito.cz\/fr\/wp-json\/wp\/v2\/comments?post=334994"}],"wp:featuredmedia":[{"embeddable":true,"href":"https:\/\/www.moskito.cz\/fr\/wp-json\/wp\/v2\/media\/334941"}],"wp:attachment":[{"href":"https:\/\/www.moskito.cz\/fr\/wp-json\/wp\/v2\/media?parent=334994"}],"wp:term":[{"taxonomy":"pwb-brand","embeddable":true,"href":"https:\/\/www.moskito.cz\/fr\/wp-json\/wp\/v2\/pwb-brand?post=334994"},{"taxonomy":"product_brand","embeddable":true,"href":"https:\/\/www.moskito.cz\/fr\/wp-json\/wp\/v2\/product_brand?post=334994"},{"taxonomy":"product_cat","embeddable":true,"href":"https:\/\/www.moskito.cz\/fr\/wp-json\/wp\/v2\/product_cat?post=334994"},{"taxonomy":"product_tag","embeddable":true,"href":"https:\/\/www.moskito.cz\/fr\/wp-json\/wp\/v2\/product_tag?post=334994"}],"curies":[{"name":"wp","href":"https:\/\/api.w.org\/{rel}","templated":true}]}}