{"id":335053,"date":"2024-04-18T19:17:53","date_gmt":"2024-04-18T18:21:32","guid":{"rendered":"https:\/\/www.moskito.cz\/produkt\/couteau-de-fermeture-crkt-walker-limited-edition-4014\/"},"modified":"2025-05-07T11:12:12","modified_gmt":"2025-05-07T10:12:12","slug":"couteau-de-fermeture-crkt-walker-limited-edition-4014","status":"publish","type":"product","link":"https:\/\/www.moskito.cz\/fr\/produkt\/couteau-de-fermeture-crkt-walker-limited-edition-4014\/","title":{"rendered":"Couteau de fermeture CRKT Walker Limited Edition 4014"},"content":{"rendered":"<p>Couteau de fermeture <strong>CRKT<\/strong> Walker Limited Edition 4014.<\/p>\n<p>La fortune sourit aux audacieux.<\/p>\n<p>Du c\u00e9l\u00e8bre coutelier sur mesure Michael Walker vient Fortuitous\u2122, une paire de scies sauteuses en \u00e9dition limit\u00e9e fabriqu\u00e9es en Italie en collaboration avec Lionsteel\u00ae. Ce mod\u00e8le est dot\u00e9 d&rsquo;une lame en acier MagnaCut pour une r\u00e9tention exceptionnelle des bords et d&rsquo;un manche en titane pour une r\u00e9sistance l\u00e9g\u00e8re. Fini dans une floraison de d\u00e9tails artistiques qui \u00e9voquent les propres cr\u00e9ations de Michael. Aussi beau que rare.<br \/>\nPerformances les meilleures de sa cat\u00e9gorie&nbsp;: MagnaCut offre des performances sans compromis en termes de t\u00e9nacit\u00e9, de r\u00e9sistance \u00e0 l&rsquo;usure et de r\u00e9sistance \u00e0 la corrosion.<br \/>\nOuverture en douceur : L&rsquo;axe \u00e0 roulement \u00e0 billes IKBS\u2122 d\u00e9ploie la lame en douceur<br \/>\nOuverture rapide : Flipper d\u00e9plie rapidement la lame<br \/>\nSolide et l\u00e9ger : le manche en titane allie r\u00e9sistance et poids minimal<br \/>\nProfil bas : le clip de transport profond se glisse profond\u00e9ment dans votre poche.<\/p>\n<p>Lame en acier MagnaCut<br \/>\nBord de lame uni<br \/>\nFinition de la lame Stonewash<br \/>\nLongueur de la lame : 8,91 cm<br \/>\n\u00c9paisseur de la lame : 0,34 cm<br \/>\nLongueur totale : 20,71 cm<br \/>\nLongueur ferm\u00e9 : 11,89 cm<br \/>\nPoids 3,70 onces. (104,89g)<\/p>\n<p><iframe title=\"CRKT Fortuitous | Michael Walker Design\" width=\"800\" height=\"450\" src=\"https:\/\/www.youtube.com\/embed\/t2nwvKVT7GU?feature=oembed\" frameborder=\"0\" allow=\"accelerometer; autoplay; clipboard-write; encrypted-media; gyroscope; picture-in-picture; web-share\" referrerpolicy=\"strict-origin-when-cross-origin\" allowfullscreen><\/iframe><\/p>\n<p>&nbsp;<\/p>\n","protected":false},"excerpt":{"rendered":"<p>DESIGNER<br \/>\nMichael Walker<br \/>\nTaos, Nouveau Mexique<br \/>\nIntronis\u00e9 au Temple de la renomm\u00e9e du magazine Blade en 2004 et reconnu pour avoir invent\u00e9 plus de 20 m\u00e9canismes de couteaux, dont le liner lock moderne, Michael Walker est une force dans le monde des couteaux personnalis\u00e9s ultra haut de gamme. D&rsquo;abord bijoutier, il s&rsquo;est ensuite d\u00e9couvert une profonde passion pour les couteaux pliants, attir\u00e9 par la combinaison de l&rsquo;ing\u00e9nierie, du design industriel et de l&rsquo;expression artistique. Ses formes frappantes et ses designs \u00e9labor\u00e9s sont imm\u00e9diatement reconnaissables, et apr\u00e8s des d\u00e9cennies d&rsquo;activit\u00e9, il reste l&rsquo;un des noms les plus reconnus en mati\u00e8re de coutellerie.<\/p>\n","protected":false},"featured_media":334998,"comment_status":"open","ping_status":"closed","template":"","meta":[],"pwb-brand":[3762],"product_brand":[],"product_cat":[3700,3696],"product_tag":[3754],"class_list":{"0":"post-335053","1":"product","2":"type-product","3":"status-publish","4":"has-post-thumbnail","6":"pwb-brand-crkt-fr","7":"product_cat-couteaux-de-fermeture","8":"product_cat-des-couteaux","9":"product_tag-b2b-fr","11":"first","12":"instock","13":"taxable","14":"shipping-taxable","15":"purchasable","16":"product-type-simple"},"brands":[{"id":3762,"name":"CRKT","slug":"crkt-fr"}],"_links":{"self":[{"href":"https:\/\/www.moskito.cz\/fr\/wp-json\/wp\/v2\/product\/335053","targetHints":{"allow":["GET"]}}],"collection":[{"href":"https:\/\/www.moskito.cz\/fr\/wp-json\/wp\/v2\/product"}],"about":[{"href":"https:\/\/www.moskito.cz\/fr\/wp-json\/wp\/v2\/types\/product"}],"replies":[{"embeddable":true,"href":"https:\/\/www.moskito.cz\/fr\/wp-json\/wp\/v2\/comments?post=335053"}],"wp:featuredmedia":[{"embeddable":true,"href":"https:\/\/www.moskito.cz\/fr\/wp-json\/wp\/v2\/media\/334998"}],"wp:attachment":[{"href":"https:\/\/www.moskito.cz\/fr\/wp-json\/wp\/v2\/media?parent=335053"}],"wp:term":[{"taxonomy":"pwb-brand","embeddable":true,"href":"https:\/\/www.moskito.cz\/fr\/wp-json\/wp\/v2\/pwb-brand?post=335053"},{"taxonomy":"product_brand","embeddable":true,"href":"https:\/\/www.moskito.cz\/fr\/wp-json\/wp\/v2\/product_brand?post=335053"},{"taxonomy":"product_cat","embeddable":true,"href":"https:\/\/www.moskito.cz\/fr\/wp-json\/wp\/v2\/product_cat?post=335053"},{"taxonomy":"product_tag","embeddable":true,"href":"https:\/\/www.moskito.cz\/fr\/wp-json\/wp\/v2\/product_tag?post=335053"}],"curies":[{"name":"wp","href":"https:\/\/api.w.org\/{rel}","templated":true}]}}