{"id":335130,"date":"2022-11-30T22:07:36","date_gmt":"2024-04-19T07:10:55","guid":{"rendered":"https:\/\/www.moskito.cz\/?post_type=product&#038;p=335130"},"modified":"2025-05-07T11:12:15","modified_gmt":"2025-05-07T10:12:15","slug":"couteau-solide-sog-instinct-mini-g10-satin","status":"publish","type":"product","link":"https:\/\/www.moskito.cz\/fr\/produkt\/couteau-solide-sog-instinct-mini-g10-satin\/","title":{"rendered":"Couteau Solide SOG INSTINCT MINI G10 SATIN"},"content":{"rendered":"<p>Couteau solide <strong>SOG<\/strong> INSTINCT MINI G10 SATIN.<\/p>\n<p>Il y a un sentiment et une intuition qui surviennent lorsque vous vous trouvez dans des situations qui n\u00e9cessitent toute votre attention. L&rsquo;Instinct est un couteau \u00e0 lame fixe compact et portable con\u00e7u sp\u00e9cialement pour cette \u00e9poque. Disponible en deux tailles et deux types de poign\u00e9es, il convient \u00e0 de nombreuses personnes. Instinct offre plusieurs options de port. Il peut \u00eatre port\u00e9 autour du cou gr\u00e2ce \u00e0 un cordon. Il peut \u00eatre attach\u00e9 \u00e0 une ceinture ou \u00e0 une chaussure avec une boucle r\u00e9glable sous plusieurs angles. Il peut \u00e9galement \u00eatre attach\u00e9 \u00e0 un gilet ou \u00e0 un sac gr\u00e2ce aux nombreux points d&rsquo;attache. Lorsque votre premier r\u00e9flexe est d&rsquo;opter pour la lame, pensez au SOG Instinct.<\/p>\n<p>LONGUEUR DE LA LAME : 48 mm<br \/>\nMAT\u00c9RIAU DU CAS : Nylon moul\u00e9 dur<br \/>\nTAILLE GLOBALE&nbsp;: 122&nbsp;mm<br \/>\nPOIDS : 45g<br \/>\nACIER&nbsp;: 5Cr15MoV<br \/>\n\u00c9PAISSEUR DE LA LAME&nbsp;: 4,1&nbsp;mm<br \/>\nMAT\u00c9RIAU DE LA POIGN\u00c9E&nbsp;: Acier inoxydable<br \/>\nCOULEUR: Argent<\/p>\n<p><iframe title=\"SOG Instinct Mini\" width=\"800\" height=\"450\" src=\"https:\/\/www.youtube.com\/embed\/NQHPqPBh-fA?feature=oembed\" frameborder=\"0\" allow=\"accelerometer; autoplay; clipboard-write; encrypted-media; gyroscope; picture-in-picture; web-share\" referrerpolicy=\"strict-origin-when-cross-origin\" allowfullscreen><\/iframe><\/p>\n<p>&nbsp;<\/p>\n","protected":false},"excerpt":{"rendered":"<p>Un couteau compact avec une lame fixe et un \u00e9tui en nylon robuste avec un clip de poche enti\u00e8rement r\u00e9glable pour une vari\u00e9t\u00e9 d&rsquo;options de transport.<\/p>\n","protected":false},"featured_media":335134,"comment_status":"open","ping_status":"closed","template":"","meta":[],"pwb-brand":[3849],"product_brand":[],"product_cat":[3697,3696],"product_tag":[3754],"class_list":{"0":"post-335130","1":"product","2":"type-product","3":"status-publish","4":"has-post-thumbnail","6":"pwb-brand-sog-fr","7":"product_cat-couteaux-solides","8":"product_cat-des-couteaux","9":"product_tag-b2b-fr","11":"first","12":"outofstock","13":"taxable","14":"shipping-taxable","15":"purchasable","16":"product-type-simple"},"brands":[{"id":3849,"name":"SOG","slug":"sog-fr"}],"_links":{"self":[{"href":"https:\/\/www.moskito.cz\/fr\/wp-json\/wp\/v2\/product\/335130","targetHints":{"allow":["GET"]}}],"collection":[{"href":"https:\/\/www.moskito.cz\/fr\/wp-json\/wp\/v2\/product"}],"about":[{"href":"https:\/\/www.moskito.cz\/fr\/wp-json\/wp\/v2\/types\/product"}],"replies":[{"embeddable":true,"href":"https:\/\/www.moskito.cz\/fr\/wp-json\/wp\/v2\/comments?post=335130"}],"wp:featuredmedia":[{"embeddable":true,"href":"https:\/\/www.moskito.cz\/fr\/wp-json\/wp\/v2\/media\/335134"}],"wp:attachment":[{"href":"https:\/\/www.moskito.cz\/fr\/wp-json\/wp\/v2\/media?parent=335130"}],"wp:term":[{"taxonomy":"pwb-brand","embeddable":true,"href":"https:\/\/www.moskito.cz\/fr\/wp-json\/wp\/v2\/pwb-brand?post=335130"},{"taxonomy":"product_brand","embeddable":true,"href":"https:\/\/www.moskito.cz\/fr\/wp-json\/wp\/v2\/product_brand?post=335130"},{"taxonomy":"product_cat","embeddable":true,"href":"https:\/\/www.moskito.cz\/fr\/wp-json\/wp\/v2\/product_cat?post=335130"},{"taxonomy":"product_tag","embeddable":true,"href":"https:\/\/www.moskito.cz\/fr\/wp-json\/wp\/v2\/product_tag?post=335130"}],"curies":[{"name":"wp","href":"https:\/\/api.w.org\/{rel}","templated":true}]}}