{"id":335186,"date":"2021-09-28T08:36:18","date_gmt":"2024-04-19T07:17:00","guid":{"rendered":"https:\/\/www.moskito.cz\/produkt\/couteau-de-fermeture-sog-kilowatt\/"},"modified":"2026-04-10T05:19:11","modified_gmt":"2026-04-10T04:19:11","slug":"couteau-de-fermeture-sog-kilowatt","status":"publish","type":"product","link":"https:\/\/www.moskito.cz\/fr\/produkt\/couteau-de-fermeture-sog-kilowatt\/","title":{"rendered":"Couteau de fermeture SOG KILOWATT"},"content":{"rendered":"<p>Couteau de fermeture <strong>SOG<\/strong> KILOWATT.<\/p>\n<p>Notre histoire commence au Vietnam, o\u00f9 des membres de la force d&rsquo;op\u00e9rations sp\u00e9ciales tr\u00e8s secr\u00e8te am\u00e9ricaine &#8211; connue sous le nom de MACV &#8211; <strong>SOG<\/strong> &#8211; transportaient un couteau secret unique dans la jungle lors de missions secr\u00e8tes. Quelques ann\u00e9es plus tard, en 1986, ce couteau a inspir\u00e9 un jeune designer nomm\u00e9 Spencer Frazer \u00e0 fonder <strong>SOG<\/strong> Specialty Knives. Sa mission : reproduire le couteau <strong>SOG<\/strong> Bowie original et rendre hommage \u00e0 l&rsquo;unit\u00e9 des op\u00e9rations sp\u00e9ciales qui l&rsquo;a cr\u00e9\u00e9. Ce qui a commenc\u00e9 comme un mod\u00e8le comm\u00e9moratif unique est rapidement devenu toute une gamme d&rsquo;outils innovants &#8211; \u00e9prouv\u00e9s par les forces sp\u00e9ciales am\u00e9ricaines, et m\u00eame r\u00e9compens\u00e9s comme le couteau de choix des Navy SEAL. Aujourd&rsquo;hui, les couteaux SOG sont port\u00e9s en toute confiance dans les situations les plus exigeantes. Forg\u00e9 dans la tradition, endurci sur le terrain, d\u00e9pos\u00e9 pour vous.<\/p>\n<p>Que vous prot\u00e9giez les autres ou meniez une exp\u00e9dition de chasse \u00e9pique, releviez l&rsquo;un des d\u00e9fis quotidiens de la vie ou affrontiez les conditions les plus extr\u00eames \u00e0 ce jour, faites votre chemin avec <strong>SOG<\/strong> .<\/p>\n<p>Soyez \u00ab charg\u00e9 \u00bb avec le Kilowatt, le premier couteau utilitaire th\u00e9matique con\u00e7u pour les \u00e9lectriciens, les propri\u00e9taires, les entrepreneurs ou toute personne ayant besoin de d\u00e9nuder des fils en un clin d&rsquo;\u0153il. Trois syst\u00e8mes distincts s&rsquo;adressent aux conducteurs depuis les c\u00e2bles multibrins fins jusqu&rsquo;aux c\u00e2bles. \u00c0 l&rsquo;arri\u00e8re se trouve une barre \u00e0 d\u00e9nuder pour les fils de tailles 10 \u00e0 22, un fil UTP\/\u00e0 d\u00e9nuder \u00e0 ressort r\u00e9glable et juste au cas o\u00f9, notre trou \u00e0 d\u00e9nuder brevet\u00e9 qui utilise la lame principale. Les poign\u00e9es sch\u00e9matiques, le clip de tour haute tension, l&rsquo;isolateur de goujon de pouce et la lame de gravure \u00e0 douille sont des signatures qui rendent ce couteau tout \u00e0 fait unique. Sans Kilowatt&#8230; vous pouvez vous retrouver dans le noir !<\/p>\n<p>LONGUEUR TOTALE : 19 cm<br \/>\nPOIDS DU PRODUIT : 3,30 oz<br \/>\nLONGUEUR DE LA LAME : 8,5 cm<br \/>\nGAMME DE PRODUITS&nbsp;: Kilowatt<br \/>\nTYPE DE PRODUIT : Couteau pliant<br \/>\nM\u00c9CANISME DE VERROUILLAGE : Linerlock<br \/>\nTYPE DE BOUCLE DE CEINTURE : Fixe<br \/>\nFINITIONS : Satin\u00e9<br \/>\nTYPE D&rsquo;ACIER&nbsp;: AUS-8<br \/>\nFORME DE LA LAME&nbsp;:&nbsp;Pointe de clip<br \/>\nDURET\u00c9 HRC&nbsp;: 57-58<br \/>\nCOULEUR DE LA POIGN\u00c9E&nbsp;: Noir<\/p>\n<p>Soyez \u00ab&nbsp;charg\u00e9&nbsp;\u00bb avec le Kilowatt, le premier couteau \u00e0 th\u00e8me fonctionnel con\u00e7u pour l&rsquo;\u00e9lectricien, le propri\u00e9taire, l&rsquo;entrepreneur ou toute personne qui pourrait avoir besoin de d\u00e9nuder des fils en un clin d&rsquo;\u0153il. Trois syst\u00e8mes distincts traitent les fils depuis les fils multibrins fins jusqu&rsquo;au c\u00e2ble. Il y a une barre \u00e0 d\u00e9nuder pour les tailles de fil de 10 \u00e0 22, une pince \u00e0 d\u00e9nuder UTP\/fil \u00e0 ressort r\u00e9glable \u00e0 l&rsquo;arri\u00e8re, et juste au cas o\u00f9, notre pince \u00e0 d\u00e9nuder en instance de brevet qui utilise la lame principale. Des poign\u00e9es sch\u00e9matiques, un clip de tour haute tension, un goujon isolant et une lame avec gravure de r\u00e9ceptacle sont des signatures qui en font un couteau liner lock tout \u00e0 fait unique. Sans le kilowatt&#8230; vous pourriez vous retrouver dans le noir&nbsp;!<\/p>\n<p>LONGUEUR TOTALE<br \/>\n7,50&Prime;<br \/>\nLONGUEUR FERM\u00c9E<br \/>\n4.1&Prime;<br \/>\nPOIDS DU PRODUIT<br \/>\n3,30 onces<br \/>\nLONGUEUR DE LA LAME<br \/>\n3,4&Prime;<br \/>\n\u00c9PAISSEUR DE LA LAME<br \/>\n0,12&Prime;<br \/>\nCUP<br \/>\n7-29857-99430-9<br \/>\nDATE DE PR\u00c9COMMANDE<br \/>\nSUR<br \/>\nEST PR\u00c9COMMANDE<br \/>\nSUR<br \/>\nFAMILLE DE PRODUITS<br \/>\nKilowatt<br \/>\nTYPE DE PRODUIT<br \/>\nCouteau pliant<br \/>\nPAYS D&rsquo;ORIGINE<br \/>\nTa\u00efwan<br \/>\nM\u00c9CANISME DE VERROUILLAGE<br \/>\nVerrouillage de ligne<br \/>\nTYPE DE CLIP DE CEINTURE<br \/>\nFix\u00e9<br \/>\nEMBALLAGE<br \/>\nUnibox &#8211; Pr\u00eat pour l&rsquo;affichage<br \/>\nGRAVABLE<br \/>\nOui<br \/>\nFINITION<br \/>\nSatin<br \/>\nTYPE DE BORD<br \/>\nDroit<br \/>\nTYPE DE LAME EN ACIER<br \/>\nAUS-8<br \/>\nFORME DE LA LAME<br \/>\nPoint de d\u00e9coupe<br \/>\nDURET\u00c9<br \/>\nRC. 57-58<br \/>\nMAT\u00c9RIEL DE LA POIGN\u00c9E<br \/>\nNylon renforc\u00e9 de verre<br \/>\nCOULEUR DE LA POIGN\u00c9E<br \/>\nNoir<\/p>\n","protected":false},"excerpt":{"rendered":"<p>Que vous prot\u00e9giez les autres ou meniez une exp\u00e9dition de chasse \u00e9pique, releviez l&rsquo;un des d\u00e9fis quotidiens de la vie ou affrontiez les conditions les plus extr\u00eames \u00e0 ce jour, faites votre chemin avec <strong>SOG<\/strong> .<\/p>\n<p><strong>Nous offrons une garantie \u00e0 vie sur tous les couteaux SOG&nbsp;!<\/strong><\/p>\n","protected":false},"featured_media":335196,"comment_status":"open","ping_status":"closed","template":"","meta":[],"pwb-brand":[3849],"product_brand":[],"product_cat":[3700,3696],"product_tag":[3754],"class_list":{"0":"post-335186","1":"product","2":"type-product","3":"status-publish","4":"has-post-thumbnail","6":"pwb-brand-sog-fr","7":"product_cat-couteaux-de-fermeture","8":"product_cat-des-couteaux","9":"product_tag-b2b-fr","11":"first","12":"outofstock","13":"taxable","14":"shipping-taxable","15":"purchasable","16":"product-type-simple"},"brands":[{"id":3849,"name":"SOG","slug":"sog-fr"}],"_links":{"self":[{"href":"https:\/\/www.moskito.cz\/fr\/wp-json\/wp\/v2\/product\/335186","targetHints":{"allow":["GET"]}}],"collection":[{"href":"https:\/\/www.moskito.cz\/fr\/wp-json\/wp\/v2\/product"}],"about":[{"href":"https:\/\/www.moskito.cz\/fr\/wp-json\/wp\/v2\/types\/product"}],"replies":[{"embeddable":true,"href":"https:\/\/www.moskito.cz\/fr\/wp-json\/wp\/v2\/comments?post=335186"}],"wp:featuredmedia":[{"embeddable":true,"href":"https:\/\/www.moskito.cz\/fr\/wp-json\/wp\/v2\/media\/335196"}],"wp:attachment":[{"href":"https:\/\/www.moskito.cz\/fr\/wp-json\/wp\/v2\/media?parent=335186"}],"wp:term":[{"taxonomy":"pwb-brand","embeddable":true,"href":"https:\/\/www.moskito.cz\/fr\/wp-json\/wp\/v2\/pwb-brand?post=335186"},{"taxonomy":"product_brand","embeddable":true,"href":"https:\/\/www.moskito.cz\/fr\/wp-json\/wp\/v2\/product_brand?post=335186"},{"taxonomy":"product_cat","embeddable":true,"href":"https:\/\/www.moskito.cz\/fr\/wp-json\/wp\/v2\/product_cat?post=335186"},{"taxonomy":"product_tag","embeddable":true,"href":"https:\/\/www.moskito.cz\/fr\/wp-json\/wp\/v2\/product_tag?post=335186"}],"curies":[{"name":"wp","href":"https:\/\/api.w.org\/{rel}","templated":true}]}}