{"id":335252,"date":"2022-11-03T22:21:44","date_gmt":"2022-11-03T21:21:44","guid":{"rendered":"https:\/\/www.moskito.cz\/produkt\/couteau-solide-cold-steel-mini-pointe-renforcee-japonaise\/"},"modified":"2025-05-07T11:12:16","modified_gmt":"2025-05-07T10:12:16","slug":"couteau-solide-cold-steel-mini-pointe-renforcee-japonaise","status":"publish","type":"product","link":"https:\/\/www.moskito.cz\/fr\/produkt\/couteau-solide-cold-steel-mini-pointe-renforcee-japonaise\/","title":{"rendered":"Couteau Solide Cold Steel MINI POINTE RENFORC\u00c9E JAPONAISE"},"content":{"rendered":"<p>Couteau Solide <strong>Cold Steel<\/strong> MINI POINTE RENFORC\u00c9E JAPONAISE.<\/p>\n<p>Le Kyoto est un petit couteau dot\u00e9 d&rsquo;une lame solide et d&rsquo;un tranchant lisse. Les deux formes de lame des couteaux Kyoto sont stylis\u00e9es en forme d\u2019\u00e9p\u00e9es japonaises. Les lames robustes ont une conception pleine soie, c&rsquo;est-\u00e0-dire qu&rsquo;elles s&rsquo;\u00e9tendent sur toute la longueur du manche. Entre la lame et le manche Kray-Ex\u2122 se trouve un prot\u00e8ge-main en acier inoxydable. Ce bouclier ressemble au cuba traditionnel d&rsquo;une \u00e9p\u00e9e japonaise. Avec le manche fa\u00e7onn\u00e9, il donne au couteau un aspect unique. La lame du couteau est en acier inoxydable 8Cr13MoV qui, apr\u00e8s traitement thermique, a une duret\u00e9 de 57-58 Rockwell. L&rsquo;\u00e9tui subtil et confortable permet de porter dissimul\u00e9 le couteau suspendu autour du cou \u00e0 l&rsquo;aide d&rsquo;une cha\u00eene de s\u00e9curit\u00e9. Il se cache tr\u00e8s bien sous les v\u00eatements et ne provoque pas d&rsquo;inconfort lorsqu&rsquo;il est port\u00e9 longtemps. L&rsquo;\u00e9tui peut \u00eatre \u00e9quip\u00e9 d&rsquo;un Cold Steel\u00ae C-Clip (SACLB), de sorte que le couteau peut \u00e9galement \u00eatre port\u00e9 \u00e0 la ceinture.<\/p>\n<p>PARAM\u00c8TRES DU PRODUIT<br \/>\nAcier&nbsp;: acier inoxydable 8Cr13MoV<br \/>\nPoids : 93g<br \/>\nMat\u00e9riau de la gaine&nbsp;: Gaine Secure-Ex\u00ae<br \/>\nCouleur: noir\/argent<br \/>\nMat\u00e9riau du manche : Kray-Ex\u2122 long<br \/>\n\u00c9paisseur de la lame : 3 mm<br \/>\nTaille hors tout : 171 mm<br \/>\nLongueur du manche : 91 mm<br \/>\nLongueur de la lame : 80 mm<\/p>\n","protected":false},"excerpt":{"rendered":"<p><strong>Le Kyoto est un petit couteau dot\u00e9 d&rsquo;une lame solide et d&rsquo;un tranchant lisse.<\/strong><\/p>\n","protected":false},"featured_media":335253,"comment_status":"open","ping_status":"closed","template":"","meta":[],"pwb-brand":[3789],"product_brand":[],"product_cat":[3697,3696],"product_tag":[],"class_list":{"0":"post-335252","1":"product","2":"type-product","3":"status-publish","4":"has-post-thumbnail","6":"pwb-brand-acier-froid","7":"product_cat-couteaux-solides","8":"product_cat-des-couteaux","10":"first","11":"instock","12":"taxable","13":"shipping-taxable","14":"purchasable","15":"product-type-simple"},"brands":[{"id":3789,"name":"Acier froid","slug":"acier-froid"}],"_links":{"self":[{"href":"https:\/\/www.moskito.cz\/fr\/wp-json\/wp\/v2\/product\/335252","targetHints":{"allow":["GET"]}}],"collection":[{"href":"https:\/\/www.moskito.cz\/fr\/wp-json\/wp\/v2\/product"}],"about":[{"href":"https:\/\/www.moskito.cz\/fr\/wp-json\/wp\/v2\/types\/product"}],"replies":[{"embeddable":true,"href":"https:\/\/www.moskito.cz\/fr\/wp-json\/wp\/v2\/comments?post=335252"}],"wp:featuredmedia":[{"embeddable":true,"href":"https:\/\/www.moskito.cz\/fr\/wp-json\/wp\/v2\/media\/335253"}],"wp:attachment":[{"href":"https:\/\/www.moskito.cz\/fr\/wp-json\/wp\/v2\/media?parent=335252"}],"wp:term":[{"taxonomy":"pwb-brand","embeddable":true,"href":"https:\/\/www.moskito.cz\/fr\/wp-json\/wp\/v2\/pwb-brand?post=335252"},{"taxonomy":"product_brand","embeddable":true,"href":"https:\/\/www.moskito.cz\/fr\/wp-json\/wp\/v2\/product_brand?post=335252"},{"taxonomy":"product_cat","embeddable":true,"href":"https:\/\/www.moskito.cz\/fr\/wp-json\/wp\/v2\/product_cat?post=335252"},{"taxonomy":"product_tag","embeddable":true,"href":"https:\/\/www.moskito.cz\/fr\/wp-json\/wp\/v2\/product_tag?post=335252"}],"curies":[{"name":"wp","href":"https:\/\/api.w.org\/{rel}","templated":true}]}}