{"id":335279,"date":"2023-03-29T20:26:23","date_gmt":"2023-03-29T19:26:23","guid":{"rendered":"https:\/\/www.moskito.cz\/produkt\/couteau-pliant-cold-steel-zytel-handle-ti-lite-6-kris-blade\/"},"modified":"2025-05-07T11:12:18","modified_gmt":"2025-05-07T10:12:18","slug":"couteau-pliant-cold-steel-zytel-handle-ti-lite-6-kris-blade","status":"publish","type":"product","link":"https:\/\/www.moskito.cz\/fr\/produkt\/couteau-pliant-cold-steel-zytel-handle-ti-lite-6-kris-blade\/","title":{"rendered":"Couteau pliant Cold Steel ZYTEL HANDLE TI-LITE 6&Prime; KRIS BLADE"},"content":{"rendered":"<p>Couteau pliant <strong>Cold Steel<\/strong> ZYTEL HANDLE TI-LITE 6&Prime; KRIS BLADE<\/p>\n<p>Les lames\/cutters Cold Steel\u00ae Ti-Lite\u00ae \u00e9voquent la vitesse \u00e9l\u00e9gante et les lignes rebelles d&rsquo;une lame de tir classique des ann\u00e9es 1950. vol. Souvent imit\u00e9 mais jamais \u00e9gal\u00e9, le Ti-Lite\u00ae (con\u00e7u par le regrett\u00e9 grand Phil Boguszewski) est un chef-d&rsquo;\u0153uvre de performance et de style. Les Ti-Lites\u00ae sont dot\u00e9s de nos verrous \u00e0 ressort \u00e0 lames en acier inoxydable (il a \u00e9t\u00e9 prouv\u00e9 qu&rsquo;ils pouvaient supporter plus de 145 livres lors de nos tests). Pour une portabilit\u00e9 facile, les Ti-Lites\u00ae sont dot\u00e9s d&rsquo;un clip de poche en acier petit mais discret et peuvent \u00eatre rapidement ouverts avec des boutons pour le pouce ou en enclenchant le quillon derri\u00e8re le bord de la poche lorsque vous tirez le couteau. Kris Ti-Lite\u00ae. Les fans de la gamme de couteaux Ti-Lite seront ravis de l&rsquo;arriv\u00e9e de nos nouvelles lames style Kris. Disponible avec des lames \u00e0 bord lisse de quatre ou six pouces et une version dentel\u00e9e de six pouces. Les poign\u00e9es sont fabriqu\u00e9es en Griv-Ex\u2122 dans une couleur terre fonc\u00e9e et mate.<\/p>\n<p>\u00ab\u00a0Mon Lynn Thompson Ti-Lite avec lame en forme de Kris a connu un tel succ\u00e8s que nous avons d\u00e9cid\u00e9 de le proposer en versions 4&Prime; et 6&Prime; dans notre gamme r\u00e9guli\u00e8re. Disponible avec un manche plat en terre fonc\u00e9e en grivory super r\u00e9sistant et un fini poli satin\u00e9. \u00a0\u00bb -Lynn Thompson<\/p>\n<p>Description:<br \/>\nMat\u00e9riau de la lame : AUS-10A<br \/>\nMat\u00e9riau du manche : Griv-Ex<br \/>\nS\u00e9curit\u00e9&nbsp;: Linerlock<br \/>\nLongueur de la lame : 15,2 cm<br \/>\nLongueur totale : 33 cm<br \/>\nLongueur du couteau pli\u00e9 : 17,8 cm<br \/>\n\u00c9paisseur de la lame : 4 mm<br \/>\nPoids : 199 grammes<br \/>\nType de lame : Kriss<\/p>\n","protected":false},"excerpt":{"rendered":"<p><strong>Ti-Lite Kris est bas\u00e9 sur les armes les plus typiques de l&rsquo;Asie du Sud-Est (Malaisie, Philippines, Indon\u00e9sie).<\/strong><\/p>\n","protected":false},"featured_media":335280,"comment_status":"open","ping_status":"closed","template":"","meta":[],"pwb-brand":[3789],"product_brand":[],"product_cat":[3700,3696],"product_tag":[],"class_list":{"0":"post-335279","1":"product","2":"type-product","3":"status-publish","4":"has-post-thumbnail","6":"pwb-brand-acier-froid","7":"product_cat-couteaux-de-fermeture","8":"product_cat-des-couteaux","10":"first","11":"instock","12":"taxable","13":"shipping-taxable","14":"purchasable","15":"product-type-simple"},"brands":[{"id":3789,"name":"Acier froid","slug":"acier-froid"}],"_links":{"self":[{"href":"https:\/\/www.moskito.cz\/fr\/wp-json\/wp\/v2\/product\/335279","targetHints":{"allow":["GET"]}}],"collection":[{"href":"https:\/\/www.moskito.cz\/fr\/wp-json\/wp\/v2\/product"}],"about":[{"href":"https:\/\/www.moskito.cz\/fr\/wp-json\/wp\/v2\/types\/product"}],"replies":[{"embeddable":true,"href":"https:\/\/www.moskito.cz\/fr\/wp-json\/wp\/v2\/comments?post=335279"}],"wp:featuredmedia":[{"embeddable":true,"href":"https:\/\/www.moskito.cz\/fr\/wp-json\/wp\/v2\/media\/335280"}],"wp:attachment":[{"href":"https:\/\/www.moskito.cz\/fr\/wp-json\/wp\/v2\/media?parent=335279"}],"wp:term":[{"taxonomy":"pwb-brand","embeddable":true,"href":"https:\/\/www.moskito.cz\/fr\/wp-json\/wp\/v2\/pwb-brand?post=335279"},{"taxonomy":"product_brand","embeddable":true,"href":"https:\/\/www.moskito.cz\/fr\/wp-json\/wp\/v2\/product_brand?post=335279"},{"taxonomy":"product_cat","embeddable":true,"href":"https:\/\/www.moskito.cz\/fr\/wp-json\/wp\/v2\/product_cat?post=335279"},{"taxonomy":"product_tag","embeddable":true,"href":"https:\/\/www.moskito.cz\/fr\/wp-json\/wp\/v2\/product_tag?post=335279"}],"curies":[{"name":"wp","href":"https:\/\/api.w.org\/{rel}","templated":true}]}}