{"id":335282,"date":"2022-10-31T22:01:07","date_gmt":"2022-10-31T21:01:07","guid":{"rendered":"https:\/\/www.moskito.cz\/produkt\/couteau-pliant-cold-steel-rajah-ii-aus10a\/"},"modified":"2024-04-19T08:36:50","modified_gmt":"2024-04-19T07:36:50","slug":"couteau-pliant-cold-steel-rajah-ii-aus10a","status":"publish","type":"product","link":"https:\/\/www.moskito.cz\/fr\/produkt\/couteau-pliant-cold-steel-rajah-ii-aus10a\/","title":{"rendered":"Couteau pliant Cold Steel RAJAH II (AUS10A)"},"content":{"rendered":"<p>Couteau pliant RAJAH II <strong>Cold Steel<\/strong> (AUS10A).<\/p>\n<p>Un bon Kukri est un excellent outil polyvalent capable de couper, hacher, trancher et cisailler m\u00eame les mat\u00e9riaux les plus durs. Con\u00e7ue par le coutelier personnalis\u00e9 Andrew Demke, la s\u00e9rie Cold Steel Rajah s&rsquo;est av\u00e9r\u00e9e \u00eatre \u00e0 la fois un favori des fans et un classique instantan\u00e9 ! Disponibles en deux tailles, leur forme de lame unique pr\u00e9sente des bords fins, plats et \u00e0 angle droit pour une morsure naturellement profonde. , les coupes de cette mani\u00e8re surpassent les autres couteaux de m\u00eame taille et de m\u00eame poids. La poign\u00e9e Rajah partage \u00e9galement des lignes esth\u00e9tiques et des nuances de conception similaires \u00e0 celles des Kukris traditionnels, avec l&rsquo;ajout de courbes strat\u00e9giquement plac\u00e9es pour une prise et un contr\u00f4le optimaux. Nous avons \u00e9galement \u00e9quip\u00e9 la s\u00e9rie Rajah de notre m\u00e9canisme de verrouillage Tri-Ad de renomm\u00e9e mondiale qui s&rsquo;est av\u00e9r\u00e9 une fois de plus incroyablement solide et r\u00e9sistant aux chocs.<\/p>\n<p>PARAM\u00c8TRES DU PRODUIT<br \/>\n\u00c9paisseur de la lame : 4,8 mm<br \/>\nCouleur: noir\/argent<br \/>\nMat\u00e9riau du manche&nbsp;: Long Griv-Ex\u2122<br \/>\nPoids : 379,88 g<br \/>\nAcier&nbsp;: acier inoxydable japonais AUS 10A avec finition Stone Wash<br \/>\nMat\u00e9riau du bo\u00eetier: poche en acier inoxydable\/clip de ceinture<br \/>\nType de serrure&nbsp;: Serrure Tri-Ad<br \/>\nLongueur du manche : 203 mm<br \/>\nTaille hors tout : 355 mm<br \/>\nLongueur de la lame : 152 mm<\/p>\n","protected":false},"excerpt":{"rendered":"<p><strong>Kukri<\/strong> est un excellent outil polyvalent.<\/p>\n","protected":false},"featured_media":335283,"comment_status":"open","ping_status":"closed","template":"","meta":[],"pwb-brand":[3789],"product_brand":[],"product_cat":[3700,3696],"product_tag":[],"class_list":{"0":"post-335282","1":"product","2":"type-product","3":"status-publish","4":"has-post-thumbnail","6":"pwb-brand-acier-froid","7":"product_cat-couteaux-de-fermeture","8":"product_cat-des-couteaux","10":"first","11":"instock","12":"taxable","13":"shipping-taxable","14":"purchasable","15":"product-type-simple"},"brands":[{"id":3789,"name":"Acier froid","slug":"acier-froid"}],"_links":{"self":[{"href":"https:\/\/www.moskito.cz\/fr\/wp-json\/wp\/v2\/product\/335282","targetHints":{"allow":["GET"]}}],"collection":[{"href":"https:\/\/www.moskito.cz\/fr\/wp-json\/wp\/v2\/product"}],"about":[{"href":"https:\/\/www.moskito.cz\/fr\/wp-json\/wp\/v2\/types\/product"}],"replies":[{"embeddable":true,"href":"https:\/\/www.moskito.cz\/fr\/wp-json\/wp\/v2\/comments?post=335282"}],"wp:featuredmedia":[{"embeddable":true,"href":"https:\/\/www.moskito.cz\/fr\/wp-json\/wp\/v2\/media\/335283"}],"wp:attachment":[{"href":"https:\/\/www.moskito.cz\/fr\/wp-json\/wp\/v2\/media?parent=335282"}],"wp:term":[{"taxonomy":"pwb-brand","embeddable":true,"href":"https:\/\/www.moskito.cz\/fr\/wp-json\/wp\/v2\/pwb-brand?post=335282"},{"taxonomy":"product_brand","embeddable":true,"href":"https:\/\/www.moskito.cz\/fr\/wp-json\/wp\/v2\/product_brand?post=335282"},{"taxonomy":"product_cat","embeddable":true,"href":"https:\/\/www.moskito.cz\/fr\/wp-json\/wp\/v2\/product_cat?post=335282"},{"taxonomy":"product_tag","embeddable":true,"href":"https:\/\/www.moskito.cz\/fr\/wp-json\/wp\/v2\/product_tag?post=335282"}],"curies":[{"name":"wp","href":"https:\/\/api.w.org\/{rel}","templated":true}]}}