{"id":335298,"date":"2022-04-21T20:50:53","date_gmt":"2022-04-21T19:50:53","guid":{"rendered":"https:\/\/www.moskito.cz\/produkt\/couteau-pliant-cold-steel-sr1-lite-pointe-tanto\/"},"modified":"2025-05-07T11:12:18","modified_gmt":"2025-05-07T10:12:18","slug":"couteau-pliant-cold-steel-sr1-lite-pointe-tanto","status":"publish","type":"product","link":"https:\/\/www.moskito.cz\/fr\/produkt\/couteau-pliant-cold-steel-sr1-lite-pointe-tanto\/","title":{"rendered":"Couteau pliant Cold Steel SR1 LITE &#8211; POINTE TANTO"},"content":{"rendered":"<p>Couteau pliant <strong>Cold Steel<\/strong> SR1 LITE &#8211; POINTE TANTO.<\/p>\n<p>Bien qu&rsquo;il ne soit pas significativement plus l\u00e9ger, notre SR1 Lite est ind\u00e9niablement plus l\u00e9ger sur le portefeuille ! Con\u00e7u pour imiter son grand fr\u00e8re en tous points, \u00e0 l&rsquo;exception du remplacement du grip G-10 par un grip Griv-Ex\u2122 et de l&rsquo;utilisation de l&rsquo;acier de lame 8Cr13MoV, plus abordable. Il est toujours aussi tranchant et pr\u00eat pour votre t\u00e2che la plus difficile ou votre plus grande aventure.<\/p>\n<p>PARAM\u00c8TRES DU PRODUIT<br \/>\nLongueur du manche : 137 mm<br \/>\nCouleur : Noir\/Argent<br \/>\nLongueur de la lame : 101 mm<br \/>\nPoids : 178g<br \/>\nMat\u00e9riau du manche&nbsp;: Long Griv-Ex\u2122<br \/>\nAcier&nbsp;: 8Cr13MoV<br \/>\n\u00c9paisseur de la lame : 4,8 mm<br \/>\nTaille hors tout : 238 mm<\/p>\n<p>&nbsp;<\/p>\n","protected":false},"excerpt":{"rendered":"<p><strong>Le SR1 Lite est une version moins ch\u00e8re du populaire SR1 \u2013 un couteau pliant \u00e0 lame lisse. SR1 est un couteau de travail robuste con\u00e7u pour \u00eatre utilis\u00e9 dans les conditions les plus exigeantes.<\/strong><\/p>\n","protected":false},"featured_media":335299,"comment_status":"open","ping_status":"closed","template":"","meta":[],"pwb-brand":[3789],"product_brand":[],"product_cat":[3700,3696],"product_tag":[],"class_list":{"0":"post-335298","1":"product","2":"type-product","3":"status-publish","4":"has-post-thumbnail","6":"pwb-brand-acier-froid","7":"product_cat-couteaux-de-fermeture","8":"product_cat-des-couteaux","10":"first","11":"instock","12":"taxable","13":"shipping-taxable","14":"purchasable","15":"product-type-simple"},"brands":[{"id":3789,"name":"Acier froid","slug":"acier-froid"}],"_links":{"self":[{"href":"https:\/\/www.moskito.cz\/fr\/wp-json\/wp\/v2\/product\/335298","targetHints":{"allow":["GET"]}}],"collection":[{"href":"https:\/\/www.moskito.cz\/fr\/wp-json\/wp\/v2\/product"}],"about":[{"href":"https:\/\/www.moskito.cz\/fr\/wp-json\/wp\/v2\/types\/product"}],"replies":[{"embeddable":true,"href":"https:\/\/www.moskito.cz\/fr\/wp-json\/wp\/v2\/comments?post=335298"}],"wp:featuredmedia":[{"embeddable":true,"href":"https:\/\/www.moskito.cz\/fr\/wp-json\/wp\/v2\/media\/335299"}],"wp:attachment":[{"href":"https:\/\/www.moskito.cz\/fr\/wp-json\/wp\/v2\/media?parent=335298"}],"wp:term":[{"taxonomy":"pwb-brand","embeddable":true,"href":"https:\/\/www.moskito.cz\/fr\/wp-json\/wp\/v2\/pwb-brand?post=335298"},{"taxonomy":"product_brand","embeddable":true,"href":"https:\/\/www.moskito.cz\/fr\/wp-json\/wp\/v2\/product_brand?post=335298"},{"taxonomy":"product_cat","embeddable":true,"href":"https:\/\/www.moskito.cz\/fr\/wp-json\/wp\/v2\/product_cat?post=335298"},{"taxonomy":"product_tag","embeddable":true,"href":"https:\/\/www.moskito.cz\/fr\/wp-json\/wp\/v2\/product_tag?post=335298"}],"curies":[{"name":"wp","href":"https:\/\/api.w.org\/{rel}","templated":true}]}}