{"id":335302,"date":"2023-03-24T21:35:46","date_gmt":"2023-03-24T20:35:46","guid":{"rendered":"https:\/\/www.moskito.cz\/produkt\/couteau-solid-cold-steel-mini-leatherneck-clip-point\/"},"modified":"2024-04-19T08:45:18","modified_gmt":"2024-04-19T07:45:18","slug":"couteau-solid-cold-steel-mini-leatherneck-clip-point","status":"publish","type":"product","link":"https:\/\/www.moskito.cz\/fr\/produkt\/couteau-solid-cold-steel-mini-leatherneck-clip-point\/","title":{"rendered":"Couteau Solid Cold Steel MINI LEATHERNECK CLIP POINT"},"content":{"rendered":"<p>Couteau Solid <strong>Cold Steel<\/strong> MINI LEATHERNECK CLIP POINT<\/p>\n<p>Fabriqu\u00e9 en acier 8Cr13MoV et propos\u00e9 en trois styles de lames, chacun est dot\u00e9 d&rsquo;une protection en acier inoxydable avec de larges quillons pour prot\u00e9ger vos doigts. La poign\u00e9e est fabriqu\u00e9e \u00e0 partir du mat\u00e9riau Kray-Ex\u2122 et est con\u00e7ue pour ressembler \u00e0 nos plus grands mod\u00e8les Leatherneck. Ces couteaux sont livr\u00e9s avec un \u00e9tui Secure-Ex\u2122 solide et robuste qui peut contenir un cordon de perles ou un Cold Steel\u00ae C-Clip. Mieux encore, ils sont abordables.<\/p>\n<p>Taille totale : 17,2 cm<br \/>\nAcier&nbsp;: acier 8Cr13MoV<br \/>\nCouleur: noir\/argent<br \/>\nMat\u00e9riau du manche : Kray-Ex\u2122 long<br \/>\nLongueur du manche : 8,3 cm<br \/>\n\u00c9paisseur de la lame : 0,3 cm<br \/>\nMat\u00e9riau de la gaine&nbsp;: Gaine Secure-Ex\u00ae<br \/>\nLongueur de la lame : 8,9 cm<br \/>\nPoids : 95g<\/p>\n","protected":false},"excerpt":{"rendered":"<p><strong>La forme du petit Leatherneck est bas\u00e9e sur son grand mod\u00e8le. Gr\u00e2ce \u00e0 sa taille et \u00e0 son poids r\u00e9duits, il devient un outil \u00e0 porter au quotidien et n&rsquo;attirera pas inutilement l&rsquo;attention n\u00e9gative.<\/strong><\/p>\n","protected":false},"featured_media":335303,"comment_status":"open","ping_status":"closed","template":"","meta":[],"pwb-brand":[3789],"product_brand":[],"product_cat":[3697,3696],"product_tag":[],"class_list":{"0":"post-335302","1":"product","2":"type-product","3":"status-publish","4":"has-post-thumbnail","6":"pwb-brand-acier-froid","7":"product_cat-couteaux-solides","8":"product_cat-des-couteaux","10":"first","11":"instock","12":"taxable","13":"shipping-taxable","14":"purchasable","15":"product-type-simple"},"brands":[{"id":3789,"name":"Acier froid","slug":"acier-froid"}],"_links":{"self":[{"href":"https:\/\/www.moskito.cz\/fr\/wp-json\/wp\/v2\/product\/335302","targetHints":{"allow":["GET"]}}],"collection":[{"href":"https:\/\/www.moskito.cz\/fr\/wp-json\/wp\/v2\/product"}],"about":[{"href":"https:\/\/www.moskito.cz\/fr\/wp-json\/wp\/v2\/types\/product"}],"replies":[{"embeddable":true,"href":"https:\/\/www.moskito.cz\/fr\/wp-json\/wp\/v2\/comments?post=335302"}],"wp:featuredmedia":[{"embeddable":true,"href":"https:\/\/www.moskito.cz\/fr\/wp-json\/wp\/v2\/media\/335303"}],"wp:attachment":[{"href":"https:\/\/www.moskito.cz\/fr\/wp-json\/wp\/v2\/media?parent=335302"}],"wp:term":[{"taxonomy":"pwb-brand","embeddable":true,"href":"https:\/\/www.moskito.cz\/fr\/wp-json\/wp\/v2\/pwb-brand?post=335302"},{"taxonomy":"product_brand","embeddable":true,"href":"https:\/\/www.moskito.cz\/fr\/wp-json\/wp\/v2\/product_brand?post=335302"},{"taxonomy":"product_cat","embeddable":true,"href":"https:\/\/www.moskito.cz\/fr\/wp-json\/wp\/v2\/product_cat?post=335302"},{"taxonomy":"product_tag","embeddable":true,"href":"https:\/\/www.moskito.cz\/fr\/wp-json\/wp\/v2\/product_tag?post=335302"}],"curies":[{"name":"wp","href":"https:\/\/api.w.org\/{rel}","templated":true}]}}