{"id":335318,"date":"2022-11-01T21:45:31","date_gmt":"2024-04-19T07:50:19","guid":{"rendered":"https:\/\/www.moskito.cz\/produkt\/couteau-solide-cold-steel-tokyo-spike\/"},"modified":"2025-05-07T11:12:19","modified_gmt":"2025-05-07T10:12:19","slug":"couteau-solide-cold-steel-tokyo-spike","status":"publish","type":"product","link":"https:\/\/www.moskito.cz\/fr\/produkt\/couteau-solide-cold-steel-tokyo-spike\/","title":{"rendered":"Couteau Solide Cold Steel TOKYO SPIKE"},"content":{"rendered":"<p>Couteau massif <strong>Cold Steel<\/strong> TOKYO SPIKE.<\/p>\n<p>Nos couteaux de cou de la s\u00e9rie Spike sont fins, l\u00e9gers et super r\u00e9sistants. Leurs lames tranchantes comme des rasoirs et non aff\u00fbt\u00e9es sont compl\u00e9t\u00e9es par des \u00e9cailles \u00e0 poign\u00e9e fortement dentel\u00e9es et textur\u00e9es qui offrent une prise confortable et s\u00fbre. Les poign\u00e9es ergonomiques Spike sont dot\u00e9es de quillons int\u00e9gr\u00e9s qui assurent un arr\u00eat s\u00fbr pour l&rsquo;index et le pouce, tandis que le Griv-Ex profond\u00e9ment moul\u00e9 et sculpt\u00e9 offre une excellente traction positive m\u00eame lorsque vos mains sont froides, mouill\u00e9es et glissantes. Disponibles en quatre formes de lames distinctes (Bowie, Drop Point, Tokyo et Tanto point), elles offrent toute la solidit\u00e9 d&rsquo;une construction monobloc en acier massif tout en \u00e9tant suffisamment l\u00e9g\u00e8res pour \u00eatre transport\u00e9es toute la journ\u00e9e sans fatigue. Chaque Spike est livr\u00e9 avec un manchon Secure-Ex qui offre une r\u00e9tention et une s\u00e9curit\u00e9 sup\u00e9rieures.<\/p>\n<p>PARAM\u00c8TRES DU PRODUIT<br \/>\nAcier&nbsp;: acier inoxydable allemand 4116 tremp\u00e9 par cryog\u00e9nisation<br \/>\nPoids : 65,2 g<br \/>\n\u00c9paisseur de la lame : 3 mm<br \/>\nTaille hors tout : 203 mm<br \/>\nMat\u00e9riau du manche&nbsp;: G-10Styled Griv-Ex\u2122 long<br \/>\nLongueur de la lame : 101 mm<br \/>\nCouleur: noir\/argent<br \/>\nMat\u00e9riau de la gaine&nbsp;: Gaine Secure-Ex\u00ae<br \/>\nLongueur du manche : 101 mm<\/p>\n","protected":false},"excerpt":{"rendered":"<p>Le Tokyo Spike de COLD STEEL est un petit couteau solide dot\u00e9 d&rsquo;une lame lisse.<\/p>\n","protected":false},"featured_media":335319,"comment_status":"open","ping_status":"closed","template":"","meta":[],"pwb-brand":[3789],"product_brand":[],"product_cat":[3697,3696],"product_tag":[3754],"class_list":{"0":"post-335318","1":"product","2":"type-product","3":"status-publish","4":"has-post-thumbnail","6":"pwb-brand-acier-froid","7":"product_cat-couteaux-solides","8":"product_cat-des-couteaux","9":"product_tag-b2b-fr","11":"first","12":"instock","13":"taxable","14":"shipping-taxable","15":"purchasable","16":"product-type-simple"},"brands":[{"id":3789,"name":"Acier froid","slug":"acier-froid"}],"_links":{"self":[{"href":"https:\/\/www.moskito.cz\/fr\/wp-json\/wp\/v2\/product\/335318","targetHints":{"allow":["GET"]}}],"collection":[{"href":"https:\/\/www.moskito.cz\/fr\/wp-json\/wp\/v2\/product"}],"about":[{"href":"https:\/\/www.moskito.cz\/fr\/wp-json\/wp\/v2\/types\/product"}],"replies":[{"embeddable":true,"href":"https:\/\/www.moskito.cz\/fr\/wp-json\/wp\/v2\/comments?post=335318"}],"wp:featuredmedia":[{"embeddable":true,"href":"https:\/\/www.moskito.cz\/fr\/wp-json\/wp\/v2\/media\/335319"}],"wp:attachment":[{"href":"https:\/\/www.moskito.cz\/fr\/wp-json\/wp\/v2\/media?parent=335318"}],"wp:term":[{"taxonomy":"pwb-brand","embeddable":true,"href":"https:\/\/www.moskito.cz\/fr\/wp-json\/wp\/v2\/pwb-brand?post=335318"},{"taxonomy":"product_brand","embeddable":true,"href":"https:\/\/www.moskito.cz\/fr\/wp-json\/wp\/v2\/product_brand?post=335318"},{"taxonomy":"product_cat","embeddable":true,"href":"https:\/\/www.moskito.cz\/fr\/wp-json\/wp\/v2\/product_cat?post=335318"},{"taxonomy":"product_tag","embeddable":true,"href":"https:\/\/www.moskito.cz\/fr\/wp-json\/wp\/v2\/product_tag?post=335318"}],"curies":[{"name":"wp","href":"https:\/\/api.w.org\/{rel}","templated":true}]}}