{"id":335334,"date":"2019-03-18T12:12:26","date_gmt":"2019-03-18T11:12:26","guid":{"rendered":"https:\/\/www.moskito.cz\/produkt\/couteau-solide-cold-steel-super-edge-cs42ss\/"},"modified":"2025-07-11T07:48:20","modified_gmt":"2025-07-11T06:48:20","slug":"couteau-solide-cold-steel-super-edge-cs42ss","status":"publish","type":"product","link":"https:\/\/www.moskito.cz\/fr\/produkt\/couteau-solide-cold-steel-super-edge-cs42ss\/","title":{"rendered":"Couteau solide Cold Steel Super Edge CS42SS"},"content":{"rendered":"<p>Couteau solide Cold Steel Super Edge CS42SS.<\/p>\n<p>Le Super Edge est un couteau extr\u00eamement petit et l\u00e9ger avec un bord dentel\u00e9. Il est destin\u00e9 \u00e0 \u00eatre port\u00e9 au quotidien et de mani\u00e8re \u00e0 vous g\u00eaner le moins possible. Convient pour couper divers mat\u00e9riaux de cordes, fils, joints en caoutchouc. Gr\u00e2ce \u00e0 la lame aff\u00fbt\u00e9e d&rsquo;un c\u00f4t\u00e9, m\u00eame avec sa taille, vous pouvez exercer une pression suffisante avec votre pouce sur l&rsquo;arri\u00e8re de la lame lors de la coupe. La lame du couteau est en acier japonais AUS 8A. C&rsquo;est un couteau solide et livr\u00e9 avec un \u00e9tui.<\/p>\n<div class=\"vc-commoditydetail_parameters\">\n<div class=\"detaillist-row\">\n<div class=\"detaillist-row-name\">Couleur : Noir\/Argent<\/div>\n<\/div>\n<div class=\"detaillist-row\">\n<div class=\"detaillist-row-name\">Taille hors tout : 109 mm<\/div>\n<\/div>\n<div class=\"detaillist-row\">\n<div class=\"detaillist-row-name\">Longueur de la lame : 50 mm<\/div>\n<\/div>\n<div class=\"detaillist-row\">\n<div class=\"detaillist-row-name\">Acier&nbsp;:&nbsp;acier inoxydable japonais AUS 8A<\/div>\n<\/div>\n<div class=\"detaillist-row\">\n<div class=\"detaillist-row-name\">Mat\u00e9riau du manche&nbsp;: Kray-Ex\u2122 long<\/div>\n<\/div>\n<div class=\"detaillist-row\">\n<div class=\"detaillist-row-name\">\u00c9paisseur de la lame : 2 mm<\/div>\n<\/div>\n<div class=\"detaillist-row\">\n<div class=\"detaillist-row-name\">Poids : 22,67 g<\/div>\n<\/div>\n<div class=\"detaillist-row\">\n<div class=\"detaillist-row-name\">Longueur du manche : 58 mm<\/div>\n<\/div>\n<div class=\"detaillist-row\">\n<div class=\"detaillist-row-name\">Mat\u00e9riau de la gaine&nbsp;: Gaine Secure-Ex\u00ae<\/div>\n<div><\/div>\n<\/div>\n<\/div>\n","protected":false},"excerpt":{"rendered":"<p>Le Super Edge de COLD STEEL est un couteau robuste avec un bord dentel\u00e9 et c&rsquo;est un petit bourreau de travail. Un couteau adapt\u00e9 \u00e0 l&rsquo;EDC. Peut \u00eatre attach\u00e9 \u00e0 un porte-cl\u00e9s ou \u00e0 un zip de veste.<\/p>\n","protected":false},"featured_media":163063,"comment_status":"open","ping_status":"closed","template":"","meta":[],"pwb-brand":[3789],"product_brand":[],"product_cat":[3697,3696],"product_tag":[],"class_list":{"0":"post-335334","1":"product","2":"type-product","3":"status-publish","4":"has-post-thumbnail","6":"pwb-brand-acier-froid","7":"product_cat-couteaux-solides","8":"product_cat-des-couteaux","10":"first","11":"outofstock","12":"taxable","13":"shipping-taxable","14":"purchasable","15":"product-type-simple"},"brands":[{"id":3789,"name":"Acier froid","slug":"acier-froid"}],"_links":{"self":[{"href":"https:\/\/www.moskito.cz\/fr\/wp-json\/wp\/v2\/product\/335334","targetHints":{"allow":["GET"]}}],"collection":[{"href":"https:\/\/www.moskito.cz\/fr\/wp-json\/wp\/v2\/product"}],"about":[{"href":"https:\/\/www.moskito.cz\/fr\/wp-json\/wp\/v2\/types\/product"}],"replies":[{"embeddable":true,"href":"https:\/\/www.moskito.cz\/fr\/wp-json\/wp\/v2\/comments?post=335334"}],"wp:featuredmedia":[{"embeddable":true,"href":"https:\/\/www.moskito.cz\/fr\/wp-json\/wp\/v2\/media\/163063"}],"wp:attachment":[{"href":"https:\/\/www.moskito.cz\/fr\/wp-json\/wp\/v2\/media?parent=335334"}],"wp:term":[{"taxonomy":"pwb-brand","embeddable":true,"href":"https:\/\/www.moskito.cz\/fr\/wp-json\/wp\/v2\/pwb-brand?post=335334"},{"taxonomy":"product_brand","embeddable":true,"href":"https:\/\/www.moskito.cz\/fr\/wp-json\/wp\/v2\/product_brand?post=335334"},{"taxonomy":"product_cat","embeddable":true,"href":"https:\/\/www.moskito.cz\/fr\/wp-json\/wp\/v2\/product_cat?post=335334"},{"taxonomy":"product_tag","embeddable":true,"href":"https:\/\/www.moskito.cz\/fr\/wp-json\/wp\/v2\/product_tag?post=335334"}],"curies":[{"name":"wp","href":"https:\/\/api.w.org\/{rel}","templated":true}]}}