{"id":335343,"date":"2022-11-02T21:04:23","date_gmt":"2024-04-19T07:56:18","guid":{"rendered":"https:\/\/www.moskito.cz\/produkt\/couteau-pliant-cold-steel-ad-10-lite-tanto-point\/"},"modified":"2025-05-07T11:12:24","modified_gmt":"2025-05-07T10:12:24","slug":"couteau-pliant-cold-steel-ad-10-lite-tanto-point","status":"publish","type":"product","link":"https:\/\/www.moskito.cz\/fr\/produkt\/couteau-pliant-cold-steel-ad-10-lite-tanto-point\/","title":{"rendered":"Couteau pliant Cold Steel AD-10 LITE TANTO POINT"},"content":{"rendered":"<p>Couteau pliant <strong>Cold Steel<\/strong> AD-10 LITE TANTO POINT.<\/p>\n<p>L&rsquo;AD-10 Lite est une version plus \u00e9conomique des classeurs de la s\u00e9rie AD-10. Partage la plupart des caract\u00e9ristiques, du style et du potentiel de haute performance de ses homologues plus chers, y compris notre verrouillage exclusif Tri-Ad\u00ae et les configurations de lames.<br \/>\net des \u00e9paisseurs d&rsquo;acier, mais \u00e9taient fabriqu\u00e9s \u00e0 partir de mat\u00e9riaux plus abordables. Par exemple, au lieu du G-10 co\u00fbteux, les poign\u00e9es de l&rsquo;AD-10 Lites sont en GFN moins cher et les lames sont en acier inoxydable AUS 10A plut\u00f4t que le S35VN utilis\u00e9 dans les versions standard. Ils sont abordables, tranchants comme des rasoirs et pr\u00eats \u00e0 l\u2019action.<\/p>\n<p>PARAM\u00c8TRES DU PRODUIT<br \/>\nAcier&nbsp;:&nbsp;AUS10A<br \/>\nLongueur de la lame : 94 mm<br \/>\nMat\u00e9riau du manche : GFN<br \/>\nPoids : 196 grammes<br \/>\nCouleur: noir\/argent<br \/>\nTaille hors tout : 223 mm<br \/>\n\u00c9paisseur de la lame : 4 mm<br \/>\nLongueur du manche : 129 mm<\/p>\n<p>&nbsp;<\/p>\n","protected":false},"excerpt":{"rendered":"<p>L&rsquo;AD-10 est un couteau pliant tr\u00e8s sophistiqu\u00e9 dot\u00e9 d&rsquo;une lame tanto lisse issu de l&rsquo;atelier d&rsquo;Andew Demka.<\/p>\n","protected":false},"featured_media":335344,"comment_status":"open","ping_status":"closed","template":"","meta":[],"pwb-brand":[3789],"product_brand":[],"product_cat":[3700,3696],"product_tag":[],"class_list":{"0":"post-335343","1":"product","2":"type-product","3":"status-publish","4":"has-post-thumbnail","6":"pwb-brand-acier-froid","7":"product_cat-couteaux-de-fermeture","8":"product_cat-des-couteaux","10":"first","11":"outofstock","12":"taxable","13":"shipping-taxable","14":"purchasable","15":"product-type-simple"},"brands":[{"id":3789,"name":"Acier froid","slug":"acier-froid"}],"_links":{"self":[{"href":"https:\/\/www.moskito.cz\/fr\/wp-json\/wp\/v2\/product\/335343","targetHints":{"allow":["GET"]}}],"collection":[{"href":"https:\/\/www.moskito.cz\/fr\/wp-json\/wp\/v2\/product"}],"about":[{"href":"https:\/\/www.moskito.cz\/fr\/wp-json\/wp\/v2\/types\/product"}],"replies":[{"embeddable":true,"href":"https:\/\/www.moskito.cz\/fr\/wp-json\/wp\/v2\/comments?post=335343"}],"wp:featuredmedia":[{"embeddable":true,"href":"https:\/\/www.moskito.cz\/fr\/wp-json\/wp\/v2\/media\/335344"}],"wp:attachment":[{"href":"https:\/\/www.moskito.cz\/fr\/wp-json\/wp\/v2\/media?parent=335343"}],"wp:term":[{"taxonomy":"pwb-brand","embeddable":true,"href":"https:\/\/www.moskito.cz\/fr\/wp-json\/wp\/v2\/pwb-brand?post=335343"},{"taxonomy":"product_brand","embeddable":true,"href":"https:\/\/www.moskito.cz\/fr\/wp-json\/wp\/v2\/product_brand?post=335343"},{"taxonomy":"product_cat","embeddable":true,"href":"https:\/\/www.moskito.cz\/fr\/wp-json\/wp\/v2\/product_cat?post=335343"},{"taxonomy":"product_tag","embeddable":true,"href":"https:\/\/www.moskito.cz\/fr\/wp-json\/wp\/v2\/product_tag?post=335343"}],"curies":[{"name":"wp","href":"https:\/\/api.w.org\/{rel}","templated":true}]}}