{"id":335359,"date":"2022-11-02T19:42:32","date_gmt":"2024-04-19T08:02:57","guid":{"rendered":"https:\/\/www.moskito.cz\/produkt\/couteau-pliant-voyager-extra-large-a-point-de-chute-cold-steel\/"},"modified":"2025-05-07T11:12:25","modified_gmt":"2025-05-07T10:12:25","slug":"couteau-pliant-voyager-extra-large-a-point-de-chute-cold-steel","status":"publish","type":"product","link":"https:\/\/www.moskito.cz\/fr\/produkt\/couteau-pliant-voyager-extra-large-a-point-de-chute-cold-steel\/","title":{"rendered":"Couteau pliant Voyager extra large \u00e0 point de chute Cold Steel"},"content":{"rendered":"<p>Couteau pliant Voyager extra large \u00e0 point de chute <strong>Cold Steel<\/strong> .<\/p>\n<p>La plupart des amateurs de plein air attendent deux choses de leur couteau. Attachez-le simplement \u00e0 vos v\u00eatements ou \u00e0 votre \u00e9quipement et soyez en mesure d&rsquo;effectuer correctement les t\u00e2ches de camping. C&rsquo;est pourquoi nous introduisons une nouvelle lame Drop Point dans la s\u00e9rie Voyager, qui s&rsquo;est av\u00e9r\u00e9e tr\u00e8s polyvalente et est particuli\u00e8rement id\u00e9ale pour les couteaux de chasse et d&rsquo;ext\u00e9rieur. Cette forme de lame, qui pr\u00e9sente une courbe plus nette de la lame pr\u00e8s de la pointe, s&rsquo;est av\u00e9r\u00e9e meilleure pour toutes les activit\u00e9s de tranchage et de tranchage et facilite \u00e9galement le travail d&rsquo;abattage du gibier. La lame de 4 mm d&rsquo;\u00e9paisseur est en acier AUS 10A. Cet acier inoxydable martensitique poss\u00e8de de tr\u00e8s bonnes propri\u00e9t\u00e9s de r\u00e9sistance et est principalement utilis\u00e9 comme mat\u00e9riau pour les outils coupants. Par rapport \u00e0 l&rsquo;AUS 8A, il maintient mieux la lame et est plus r\u00e9sistant \u00e0 l&rsquo;abrasion. L&rsquo;acier a ensuite \u00e9t\u00e9 trait\u00e9 thermiquement pour obtenir un \u00e9quilibre parfait entre r\u00e9tention des bords et r\u00e9aff\u00fbtage facile. La finition Stonewashing emp\u00eache les rayures faciles et rend le couteau plus r\u00e9sistant \u00e0 la corrosion. Le grip, avec une trame distinctive, est r\u00e9alis\u00e9 par injection haute pression du mat\u00e9riau Griv-Ex \u2122, qui est suffisamment solide en soi. La structure de la surface du manche emp\u00eache le couteau de glisser lorsque vous travaillez dans un environnement humide. Le couteau est \u00e9quip\u00e9 d&rsquo;une goupille d&rsquo;ouverture double face et cette s\u00e9rie de couteaux est \u00e9quip\u00e9e du brevet unique Cold Steel\u00ae Tri-Ad Lock\u2122. Le verrou emp\u00eache le couteau de se fermer automatiquement ou involontairement, m\u00eame apr\u00e8s une usure naturelle au fil du temps. Dans le colis, vous recevrez \u00e9galement un clip \u00e0 porter sur le c\u00f4t\u00e9 gauche.<\/p>\n<p>PARAM\u00c8TRES DU PRODUIT<br \/>\nPoids : 227 g<br \/>\nCouleur noire<br \/>\nMat\u00e9riau du bo\u00eetier : clip de poche en acier<br \/>\nLongueur de la lame : 140 mm<br \/>\nType de serrure&nbsp;: Serrure Tri-Ad<br \/>\nTaille hors tout : 311 mm<br \/>\n\u00c9paisseur de la lame : 4 mm<br \/>\nLongueur du manche : 171 mm<br \/>\nAcier&nbsp;:&nbsp;AUS 10A avec finition d\u00e9lav\u00e9e \u00e0 la pierre<br \/>\nMat\u00e9riau du manche : Griv-Ex long<\/p>\n","protected":false},"excerpt":{"rendered":"<p>Un couteau pliant \u00e0 lame lisse. La forme de la lame Drop Point s&rsquo;est av\u00e9r\u00e9e tr\u00e8s polyvalente et est particuli\u00e8rement id\u00e9ale pour les couteaux de chasse et d&rsquo;ext\u00e9rieur.<\/p>\n","protected":false},"featured_media":335360,"comment_status":"open","ping_status":"closed","template":"","meta":[],"pwb-brand":[3789],"product_brand":[],"product_cat":[3700,3696],"product_tag":[],"class_list":{"0":"post-335359","1":"product","2":"type-product","3":"status-publish","4":"has-post-thumbnail","6":"pwb-brand-acier-froid","7":"product_cat-couteaux-de-fermeture","8":"product_cat-des-couteaux","10":"first","11":"outofstock","12":"taxable","13":"shipping-taxable","14":"purchasable","15":"product-type-simple"},"brands":[{"id":3789,"name":"Acier froid","slug":"acier-froid"}],"_links":{"self":[{"href":"https:\/\/www.moskito.cz\/fr\/wp-json\/wp\/v2\/product\/335359","targetHints":{"allow":["GET"]}}],"collection":[{"href":"https:\/\/www.moskito.cz\/fr\/wp-json\/wp\/v2\/product"}],"about":[{"href":"https:\/\/www.moskito.cz\/fr\/wp-json\/wp\/v2\/types\/product"}],"replies":[{"embeddable":true,"href":"https:\/\/www.moskito.cz\/fr\/wp-json\/wp\/v2\/comments?post=335359"}],"wp:featuredmedia":[{"embeddable":true,"href":"https:\/\/www.moskito.cz\/fr\/wp-json\/wp\/v2\/media\/335360"}],"wp:attachment":[{"href":"https:\/\/www.moskito.cz\/fr\/wp-json\/wp\/v2\/media?parent=335359"}],"wp:term":[{"taxonomy":"pwb-brand","embeddable":true,"href":"https:\/\/www.moskito.cz\/fr\/wp-json\/wp\/v2\/pwb-brand?post=335359"},{"taxonomy":"product_brand","embeddable":true,"href":"https:\/\/www.moskito.cz\/fr\/wp-json\/wp\/v2\/product_brand?post=335359"},{"taxonomy":"product_cat","embeddable":true,"href":"https:\/\/www.moskito.cz\/fr\/wp-json\/wp\/v2\/product_cat?post=335359"},{"taxonomy":"product_tag","embeddable":true,"href":"https:\/\/www.moskito.cz\/fr\/wp-json\/wp\/v2\/product_tag?post=335359"}],"curies":[{"name":"wp","href":"https:\/\/api.w.org\/{rel}","templated":true}]}}