{"id":335401,"date":"2022-11-01T16:45:02","date_gmt":"2024-04-19T08:10:55","guid":{"rendered":"https:\/\/www.moskito.cz\/produkt\/couteau-fixe-cold-steel-counter-tac-ii\/"},"modified":"2025-05-07T11:12:27","modified_gmt":"2025-05-07T10:12:27","slug":"couteau-fixe-cold-steel-counter-tac-ii","status":"publish","type":"product","link":"https:\/\/www.moskito.cz\/fr\/produkt\/couteau-fixe-cold-steel-counter-tac-ii\/","title":{"rendered":"Couteau Fixe Cold Steel COUNTER TAC II"},"content":{"rendered":"<p>Couteau fixe <strong>Cold Steel<\/strong> COUNTER TAC II.<\/p>\n<p>Nos couteaux \u00e0 chaussures Counter TAC ont \u00e9t\u00e9 con\u00e7us avec une philosophie simple en t\u00eate. Fonctionnalit\u00e9. C&rsquo;est simple&nbsp;: ils travaillent et excellent dans ce qu&rsquo;ils font&nbsp;! Leurs lames tranchantes AUS 8A \u00e0 pointe compl\u00e8te sont trait\u00e9es thermiquement sous vide et durcies \u00e0 des temp\u00e9ratures inf\u00e9rieures \u00e0 z\u00e9ro pour plus de r\u00e9sistance et de durabilit\u00e9. La conception ergonomique du manche Kray-Ex\u2122 est confortable et adaptable \u00e0 n&rsquo;importe quelle prise, et la surface profond\u00e9ment textur\u00e9e et la double protection garantissent que le couteau ne glissera pas de votre main en aucune circonstance. Enfin, chaque Counter TAC est livr\u00e9 avec un \u00e9tui Secure-Ex de pointe, dot\u00e9 d&rsquo;un clip chaussure\/ceinture amovible et de trous d&rsquo;arrimage, afin que vous puissiez le transporter pratiquement n&rsquo;importe o\u00f9.<\/p>\n<p>PARAM\u00c8TRES DU PRODUIT<br \/>\nTaille hors tout : 171,45 mm<br \/>\nMat\u00e9riau du manche : Kray-Ex\u2122 long<br \/>\nAcier&nbsp;: acier inoxydable japonais AUS 8A avec finition d\u00e9lav\u00e9e \u00e0 la pierre<br \/>\nLongueur du manche : 114,3 mm<br \/>\nLongueur de la lame : 85,7 mm<br \/>\nCouleur: noir\/argent<br \/>\nPoids : 59,5 g<br \/>\n\u00c9paisseur de la lame : 4 mm<br \/>\nMat\u00e9riau de la gaine&nbsp;: Gaine Secure-Ex\u2122<\/p>\n","protected":false},"excerpt":{"rendered":"<p>Les couteaux fixes Counter TAC de la soci\u00e9t\u00e9 COLD STEEL sont destin\u00e9s principalement \u00e0 un transport dissimul\u00e9 dans une chaussure.<\/p>\n","protected":false},"featured_media":335402,"comment_status":"open","ping_status":"closed","template":"","meta":[],"pwb-brand":[3789],"product_brand":[],"product_cat":[3697,3696],"product_tag":[],"class_list":{"0":"post-335401","1":"product","2":"type-product","3":"status-publish","4":"has-post-thumbnail","6":"pwb-brand-acier-froid","7":"product_cat-couteaux-solides","8":"product_cat-des-couteaux","10":"first","11":"outofstock","12":"taxable","13":"shipping-taxable","14":"purchasable","15":"product-type-simple"},"brands":[{"id":3789,"name":"Acier froid","slug":"acier-froid"}],"_links":{"self":[{"href":"https:\/\/www.moskito.cz\/fr\/wp-json\/wp\/v2\/product\/335401","targetHints":{"allow":["GET"]}}],"collection":[{"href":"https:\/\/www.moskito.cz\/fr\/wp-json\/wp\/v2\/product"}],"about":[{"href":"https:\/\/www.moskito.cz\/fr\/wp-json\/wp\/v2\/types\/product"}],"replies":[{"embeddable":true,"href":"https:\/\/www.moskito.cz\/fr\/wp-json\/wp\/v2\/comments?post=335401"}],"wp:featuredmedia":[{"embeddable":true,"href":"https:\/\/www.moskito.cz\/fr\/wp-json\/wp\/v2\/media\/335402"}],"wp:attachment":[{"href":"https:\/\/www.moskito.cz\/fr\/wp-json\/wp\/v2\/media?parent=335401"}],"wp:term":[{"taxonomy":"pwb-brand","embeddable":true,"href":"https:\/\/www.moskito.cz\/fr\/wp-json\/wp\/v2\/pwb-brand?post=335401"},{"taxonomy":"product_brand","embeddable":true,"href":"https:\/\/www.moskito.cz\/fr\/wp-json\/wp\/v2\/product_brand?post=335401"},{"taxonomy":"product_cat","embeddable":true,"href":"https:\/\/www.moskito.cz\/fr\/wp-json\/wp\/v2\/product_cat?post=335401"},{"taxonomy":"product_tag","embeddable":true,"href":"https:\/\/www.moskito.cz\/fr\/wp-json\/wp\/v2\/product_tag?post=335401"}],"curies":[{"name":"wp","href":"https:\/\/api.w.org\/{rel}","templated":true}]}}