{"id":335412,"date":"2023-03-31T20:13:13","date_gmt":"2023-03-31T19:13:13","guid":{"rendered":"https:\/\/www.moskito.cz\/produkt\/couteau-fixe-cold-steel-3v-srk-cpm-3v\/"},"modified":"2025-05-07T11:12:28","modified_gmt":"2025-05-07T10:12:28","slug":"couteau-fixe-cold-steel-3v-srk-cpm-3v","status":"publish","type":"product","link":"https:\/\/www.moskito.cz\/fr\/produkt\/couteau-fixe-cold-steel-3v-srk-cpm-3v\/","title":{"rendered":"Couteau Fixe Cold Steel 3V SRK (CPM 3V)"},"content":{"rendered":"<p>Couteau Fixe <strong>Cold Steel<\/strong> 3V SRK (CPM 3V)<\/p>\n<p>Les op\u00e9rations de survie et de sauvetage n\u00e9cessitent un couteau polyvalent capable de r\u00e9sister aux conditions les plus extr\u00eames. En termes simples, le Cold Steel SRK (Survival Rescue Knife) a \u00e9t\u00e9 con\u00e7u sp\u00e9cifiquement dans cet esprit. Couteau populaire parmi les militaires et les forces de l&rsquo;ordre tactiques, le SRK est le couteau incontournable des Navy SEALS pour leurs BUDS \u2013 ou Basic Underwater Demolition Training \u2013 le SRK a fait ses preuves \u00e0 maintes reprises dans les environnements les plus exigeants. Quelle que soit la mission, nous sommes s\u00fbrs que SRK est le couteau qu&rsquo;il vous faut !<\/p>\n<p>Description:<\/p>\n<p>Mat\u00e9riau du manche : Kray-Ex long<br \/>\nAcier&nbsp;:&nbsp;US CPM 3V \u00e0 haute teneur en carbone<br \/>\nPoids : 249,47 g<br \/>\nLongueur du manche : 12 cm<br \/>\nLongueur de la lame : 15,2 cm<br \/>\n\u00c9paisseur de la lame : 0,5 cm<br \/>\nTaille totale : 27,3 cm<br \/>\nMat\u00e9riau de la gaine&nbsp;: Gaine Secure-Ex\u00ae<br \/>\nCouleur: noir\/argent<\/p>\n","protected":false},"excerpt":{"rendered":"<p><strong>Le 3V SRK de COLD STEEL est un couteau solide au bord lisse. Il a \u00e9t\u00e9 d\u00e9velopp\u00e9 pour les op\u00e9rations de survie et de sauvetage n\u00e9cessitant un couteau polyvalent capable de r\u00e9sister \u00e0 des conditions extr\u00eames.<\/strong><\/p>\n","protected":false},"featured_media":335413,"comment_status":"open","ping_status":"closed","template":"","meta":[],"pwb-brand":[3789],"product_brand":[],"product_cat":[3697,3696],"product_tag":[],"class_list":{"0":"post-335412","1":"product","2":"type-product","3":"status-publish","4":"has-post-thumbnail","6":"pwb-brand-acier-froid","7":"product_cat-couteaux-solides","8":"product_cat-des-couteaux","10":"first","11":"instock","12":"taxable","13":"shipping-taxable","14":"purchasable","15":"product-type-simple"},"brands":[{"id":3789,"name":"Acier froid","slug":"acier-froid"}],"_links":{"self":[{"href":"https:\/\/www.moskito.cz\/fr\/wp-json\/wp\/v2\/product\/335412","targetHints":{"allow":["GET"]}}],"collection":[{"href":"https:\/\/www.moskito.cz\/fr\/wp-json\/wp\/v2\/product"}],"about":[{"href":"https:\/\/www.moskito.cz\/fr\/wp-json\/wp\/v2\/types\/product"}],"replies":[{"embeddable":true,"href":"https:\/\/www.moskito.cz\/fr\/wp-json\/wp\/v2\/comments?post=335412"}],"wp:featuredmedia":[{"embeddable":true,"href":"https:\/\/www.moskito.cz\/fr\/wp-json\/wp\/v2\/media\/335413"}],"wp:attachment":[{"href":"https:\/\/www.moskito.cz\/fr\/wp-json\/wp\/v2\/media?parent=335412"}],"wp:term":[{"taxonomy":"pwb-brand","embeddable":true,"href":"https:\/\/www.moskito.cz\/fr\/wp-json\/wp\/v2\/pwb-brand?post=335412"},{"taxonomy":"product_brand","embeddable":true,"href":"https:\/\/www.moskito.cz\/fr\/wp-json\/wp\/v2\/product_brand?post=335412"},{"taxonomy":"product_cat","embeddable":true,"href":"https:\/\/www.moskito.cz\/fr\/wp-json\/wp\/v2\/product_cat?post=335412"},{"taxonomy":"product_tag","embeddable":true,"href":"https:\/\/www.moskito.cz\/fr\/wp-json\/wp\/v2\/product_tag?post=335412"}],"curies":[{"name":"wp","href":"https:\/\/api.w.org\/{rel}","templated":true}]}}